{"id":95,"date":"2025-07-23T13:47:37","date_gmt":"2025-07-23T11:47:37","guid":{"rendered":"http:\/\/localhost\/misericordia\/?page_id=95"},"modified":"2026-01-27T10:20:11","modified_gmt":"2026-01-27T09:20:11","slug":"hermanos-distinguidos","status":"publish","type":"page","link":"https:\/\/misericordiadesanfernando.com\/index.php\/hermanos-distinguidos\/","title":{"rendered":""},"content":{"rendered":"\n<p><\/p>\n\n\n<style>.kb-image95_a6e656-83 .kb-image-has-overlay:after{opacity:0.3;}<\/style>\n<div class=\"wp-block-kadence-image kb-image95_a6e656-83\"><figure class=\"aligncenter size-large\"><img loading=\"lazy\" decoding=\"async\" width=\"1024\" height=\"341\" src=\"https:\/\/misericordiadesanfernando.com\/wp-content\/uploads\/2025\/11\/hermanosdistinguidos-1024x341.jpeg\" alt=\"\" class=\"kb-img wp-image-1149\" srcset=\"https:\/\/misericordiadesanfernando.com\/wp-content\/uploads\/2025\/11\/hermanosdistinguidos-1024x341.jpeg 1024w, https:\/\/misericordiadesanfernando.com\/wp-content\/uploads\/2025\/11\/hermanosdistinguidos-300x100.jpeg 300w, https:\/\/misericordiadesanfernando.com\/wp-content\/uploads\/2025\/11\/hermanosdistinguidos-768x256.jpeg 768w, https:\/\/misericordiadesanfernando.com\/wp-content\/uploads\/2025\/11\/hermanosdistinguidos.jpeg 1500w\" sizes=\"auto, (max-width: 1024px) 100vw, 1024px\" \/><\/figure><\/div>\n\n\n\n<p class=\"has-text-align-center has-vivid-cyan-blue-color has-text-color has-link-color wp-elements-257efc991a5827b8579a3af645ceb70b\"><strong>Rvdo. Padre Don Jos\u00e9 Mar\u00eda Arenas Gil.<\/strong><\/p>\n\n\n\n<p class=\"has-vivid-cyan-blue-color has-text-color has-link-color wp-elements-84b4113ba45f84803e431ac2bedb69bb\">Nombrado Hermano de Honor en Junta de Gobierno celebrada el 19-1-1981, de acuerdo con las Reglas de 1975 Cap\u00edtulo VI, reglas 41, 42 y 43.<\/p>\n\n\n\n<p><\/p>\n\n\n\n<p class=\"has-text-align-center has-vivid-cyan-blue-color has-text-color has-link-color wp-elements-9a7560fa622ebb73f15cc9053fddb32e\"><strong>S.A. Real Don Felipe de Borb\u00f3n y Grecia.<\/strong><\/p>\n\n\n\n<p class=\"has-vivid-cyan-blue-color has-text-color has-link-color wp-elements-1ab8ea7c228def8fdddabf892a3d075d\">Rey de Espa\u00f1a. n. 30-1-1968 en Madrid. Tercer hijo de sus Majestades los Reyes de Espa\u00f1a Don Juan Carlos y Do\u00f1a Sof\u00eda. Fue nombrado Hermano de Honor en Junta de Gobierno celebrada el 26-3-1976 y aceptado el nombramiento por Su Majestad el Rey, ya que el Pr\u00edncipe s\u00f3lo ten\u00eda ocho a\u00f1os.<\/p>\n\n\n\n<p><\/p>\n\n\n\n<p class=\"has-text-align-center has-vivid-cyan-blue-color has-text-color has-link-color wp-elements-13e0056ebd86629c2720ab5fe6bfa5c9\"><strong>La Armada Espa\u00f1ola<\/strong>.<\/p>\n\n\n\n<p class=\"has-vivid-cyan-blue-color has-text-color has-link-color wp-elements-551494d755d9606b6ada5b9113c5986e\">&nbsp;Le fue concedido el t\u00edtulo de Hermano de Honor por acuerdo tomado en sesi\u00f3n de Junta Extraordinaria celebrada el 20 de marzo de 1984 de acuerdo con las reglas de 1990 cap\u00edtulo VI, regla 24, siendo aceptado dicho reconocimiento por el Almirante Jefe del<\/p>\n\n\n\n<p class=\"has-vivid-cyan-blue-color has-text-color has-link-color wp-elements-da8ea437afa6d0a89f8758be33652ea1\">Estado Mayor de la Armada con fecha 20 de julio de 1985 n\u00fam. 1392\/85. El acto de entrega del t\u00edtulo tuvo lugar en la Parroquia de la Divina Pastora el 19 de enero de 1986 en el transcurso de una funci\u00f3n religiosa oficiada por el Jefe de los Servicios Eclesi\u00e1sticos de la Zona Rudo. Padre Don Ricardo Arroyo Cambronero. Finalizada la homil\u00eda le fue impuesto el escapulario al Excmo. Se\u00f1or Joaqu\u00edn Rodr\u00edguez-Guerra y \u00c1lvarez Osorio en representaci\u00f3n de la Armada Espa\u00f1ola, seguidamente el Hermano Mayor Florencio Collantes P\u00e9rez le hizo entrega de un pergamino realizado por el artista isle\u00f1o Antonio Mu\u00f1oz-Cruzado, donde se recoge el acuerdo del nombramiento.<\/p>\n\n\n\n<p class=\"has-vivid-cyan-blue-color has-text-color has-link-color wp-elements-b521ffb8ec23d352c8f360bd7ed0ae92\">Asistieron a la ceremonia diversos almirantes y jefes de dependencias, los Presidentes del Consejo Diocesano de Hermandades Enrique La\u00ednez Criado y del Consejo Local Joaqu\u00edn Rodr\u00edguez Royo, Hermanos Mayores de las cofrad\u00edas Isle\u00f1as, hermanos y familiares. Finalizada la Eucarist\u00eda fue cantada la salve marinera por el coro de la Hermandad de Cristo Rey y seguidamente S. E. el Capit\u00e1n General impuso la insignia en oro de la Armada a la imagen de Mar\u00eda Sant\u00edsima de la Piedad.<\/p>\n\n\n\n<p class=\"has-vivid-cyan-blue-color has-text-color has-link-color wp-elements-e6f8d51c6a6e4bbaf181f3c12d96b4fd\">Posteriormente la Junta de Gobierno e invitados fueron recibidos en Capitan\u00eda General, quedando desde esta fecha unida la Armada y la Hermandad.<\/p>\n\n\n\n<figure class=\"wp-block-embed aligncenter is-type-video is-provider-youtube wp-block-embed-youtube wp-embed-aspect-16-9 wp-has-aspect-ratio\"><div class=\"wp-block-embed__wrapper\">\n<iframe loading=\"lazy\" title=\"LA MISERICORDIA Y LA ARMADA CELEBRAN 40 A\u00d1OS DE VERDADERA HERMANDAD | Relaciones institucionales\" width=\"900\" height=\"506\" src=\"https:\/\/www.youtube.com\/embed\/pTx0f6TEROA?feature=oembed\" frameborder=\"0\" allow=\"accelerometer; autoplay; clipboard-write; encrypted-media; gyroscope; picture-in-picture; web-share\" referrerpolicy=\"strict-origin-when-cross-origin\" allowfullscreen><\/iframe>\n<\/div><\/figure>\n\n\n\n<p><\/p>\n\n\n\n<p class=\"has-text-align-center has-vivid-cyan-blue-color has-text-color has-link-color wp-elements-a09f9731e48fc76dca7177ee76cb560b\"><strong>Florencio Collantes P\u00e9rez<\/strong><\/p>\n\n\n\n<p class=\"has-vivid-cyan-blue-color has-text-color has-link-color wp-elements-a2545606c8abbed4fc61dd8939b2c843\">El cabildo de hermanos de la Hermandad dio su visto bueno a la propuesta para nombrar a Florencio Collantes P\u00e9rez, hermano de honor de la hermandad, en el mes de mayo del a\u00f1o 2010.<\/p>\n\n\n\n<p class=\"has-vivid-cyan-blue-color has-text-color has-link-color wp-elements-0c5ddaac9fec4ef14aae51d7d12eb97d\">La iniciativa parte de un grupo de hermanos de la cofrad\u00eda que, en la ma\u00f1ana del Jueves Santo del mismo a\u00f1o, hac\u00eda entrega al hermano mayor de aquella \u00e9poca, Joaqu\u00edn Braojos Ruiz, del expediente en el que se solicitaba tal nombramiento para Florencio Collantes.<\/p>\n\n\n\n<p class=\"has-vivid-cyan-blue-color has-text-color has-link-color wp-elements-8b20c2592df305342485faabb280580b\">Acompa\u00f1aba el escrito un gran n\u00famero de firmas con las que se rubricaba su adhesi\u00f3n a la propuesta.<\/p>\n\n\n\n<p class=\"has-vivid-cyan-blue-color has-text-color has-link-color wp-elements-810c9322effe8ab130a8538f6a306e6b\">Fue en la noche del 3 de mayo del a\u00f1o 2010 cuando el cabildo trat\u00f3 el nombramiento de hermano de honor, que fue aprobado por aclamaci\u00f3n popular. Florencio Collantes era fundador de la hermandad y, adem\u00e1s, fue el presidente de su Junta Pro Cultos. Fue tambi\u00e9n su Hermano Mayor hasta 1975, cargo que posteriormente -entre 1985 y 1990- volvi\u00f3 a ocupar.<\/p>\n\n\n\n<p class=\"has-vivid-cyan-blue-color has-text-color has-link-color wp-elements-0c262ab875d1b04ef7606c717b10c229\">Perteneci\u00f3 a la junta de gobierno durante m\u00e1s de 40 a\u00f1os, siendo tambi\u00e9n vicepresidente del Consejo de Hermandades y autor de varias publicaciones cofrades.<\/p>\n\n\n<style>.kb-image95_7a0025-7d .kb-image-has-overlay:after{opacity:0.3;}<\/style>\n<div class=\"wp-block-kadence-image kb-image95_7a0025-7d\"><figure class=\"aligncenter size-large\"><img loading=\"lazy\" decoding=\"async\" width=\"1024\" height=\"687\" src=\"https:\/\/misericordiadesanfernando.com\/wp-content\/uploads\/2025\/11\/WhatsApp-Image-2025-11-17-at-20.17.40-1024x687.jpeg\" alt=\"\" class=\"kb-img wp-image-1764\" srcset=\"https:\/\/misericordiadesanfernando.com\/wp-content\/uploads\/2025\/11\/WhatsApp-Image-2025-11-17-at-20.17.40-1024x687.jpeg 1024w, https:\/\/misericordiadesanfernando.com\/wp-content\/uploads\/2025\/11\/WhatsApp-Image-2025-11-17-at-20.17.40-300x201.jpeg 300w, https:\/\/misericordiadesanfernando.com\/wp-content\/uploads\/2025\/11\/WhatsApp-Image-2025-11-17-at-20.17.40-768x515.jpeg 768w, https:\/\/misericordiadesanfernando.com\/wp-content\/uploads\/2025\/11\/WhatsApp-Image-2025-11-17-at-20.17.40-1536x1030.jpeg 1536w, https:\/\/misericordiadesanfernando.com\/wp-content\/uploads\/2025\/11\/WhatsApp-Image-2025-11-17-at-20.17.40-150x100.jpeg 150w, https:\/\/misericordiadesanfernando.com\/wp-content\/uploads\/2025\/11\/WhatsApp-Image-2025-11-17-at-20.17.40.jpeg 1600w\" sizes=\"auto, (max-width: 1024px) 100vw, 1024px\" \/><\/figure><\/div>\n","protected":false},"excerpt":{"rendered":"<p>Rvdo. Padre Don Jos\u00e9 Mar\u00eda Arenas Gil. Nombrado Hermano de Honor en Junta de Gobierno celebrada el 19-1-1981, de acuerdo con las Reglas de 1975 Cap\u00edtulo VI, reglas 41, 42&hellip;<\/p>\n","protected":false},"author":2,"featured_media":0,"parent":0,"menu_order":0,"comment_status":"closed","ping_status":"closed","template":"","meta":{"footnotes":""},"class_list":["post-95","page","type-page","status-publish","hentry"],"_links":{"self":[{"href":"https:\/\/misericordiadesanfernando.com\/index.php\/wp-json\/wp\/v2\/pages\/95","targetHints":{"allow":["GET"]}}],"collection":[{"href":"https:\/\/misericordiadesanfernando.com\/index.php\/wp-json\/wp\/v2\/pages"}],"about":[{"href":"https:\/\/misericordiadesanfernando.com\/index.php\/wp-json\/wp\/v2\/types\/page"}],"author":[{"embeddable":true,"href":"https:\/\/misericordiadesanfernando.com\/index.php\/wp-json\/wp\/v2\/users\/2"}],"replies":[{"embeddable":true,"href":"https:\/\/misericordiadesanfernando.com\/index.php\/wp-json\/wp\/v2\/comments?post=95"}],"version-history":[{"count":7,"href":"https:\/\/misericordiadesanfernando.com\/index.php\/wp-json\/wp\/v2\/pages\/95\/revisions"}],"predecessor-version":[{"id":3273,"href":"https:\/\/misericordiadesanfernando.com\/index.php\/wp-json\/wp\/v2\/pages\/95\/revisions\/3273"}],"wp:attachment":[{"href":"https:\/\/misericordiadesanfernando.com\/index.php\/wp-json\/wp\/v2\/media?parent=95"}],"curies":[{"name":"wp","href":"https:\/\/api.w.org\/{rel}","templated":true}]}}