{"id":93,"date":"2025-07-23T13:47:24","date_gmt":"2025-07-23T11:47:24","guid":{"rendered":"http:\/\/localhost\/misericordia\/?page_id=93"},"modified":"2025-11-17T20:17:10","modified_gmt":"2025-11-17T19:17:10","slug":"historico-de-directores-espirituales","status":"publish","type":"page","link":"https:\/\/misericordiadesanfernando.com\/index.php\/historico-de-directores-espirituales\/","title":{"rendered":""},"content":{"rendered":"\n<p><\/p>\n\n\n<style>.kb-image93_fcccab-80 .kb-image-has-overlay:after{opacity:0.3;}<\/style>\n<div class=\"wp-block-kadence-image kb-image93_fcccab-80\"><figure class=\"aligncenter size-large\"><img loading=\"lazy\" decoding=\"async\" width=\"1024\" height=\"341\" src=\"https:\/\/misericordiadesanfernando.com\/wp-content\/uploads\/2025\/11\/historicosparrocos-1024x341.jpeg\" alt=\"\" class=\"kb-img wp-image-1146\" srcset=\"https:\/\/misericordiadesanfernando.com\/wp-content\/uploads\/2025\/11\/historicosparrocos-1024x341.jpeg 1024w, https:\/\/misericordiadesanfernando.com\/wp-content\/uploads\/2025\/11\/historicosparrocos-300x100.jpeg 300w, https:\/\/misericordiadesanfernando.com\/wp-content\/uploads\/2025\/11\/historicosparrocos-768x256.jpeg 768w, https:\/\/misericordiadesanfernando.com\/wp-content\/uploads\/2025\/11\/historicosparrocos.jpeg 1500w\" sizes=\"auto, (max-width: 1024px) 100vw, 1024px\" \/><\/figure><\/div>\n\n\n\n<p class=\"has-text-align-center has-vivid-cyan-blue-color has-text-color has-link-color wp-elements-257efc991a5827b8579a3af645ceb70b\"><strong>Rvdo. Padre Don Jos\u00e9 Mar\u00eda Arenas Gil.<\/strong><\/p>\n\n\n\n<p class=\"has-vivid-cyan-blue-color has-text-color has-link-color wp-elements-957588d98f39ba5b7d91660e07aeaf9b\">El Rvdo. Padre Don Jos\u00e9 Mar\u00eda Arenas Gil, naci\u00f3 en C\u00e1diz en 1916.<\/p>\n\n\n\n<p class=\"has-vivid-cyan-blue-color has-text-color has-link-color wp-elements-f185f487f5b97c7ff4214caff90c4c80\">Falleci\u00f3 en su ciudad natal el 17 de agosto de 1984. Fue ordenado sacerdote el 25 de enero de 1942 a los veintis\u00e9is a\u00f1os, desempe\u00f1\u00f3 su sagrado ministerio en distintas parroquias de la provincia hasta que fue nombrado primer p\u00e1rroco de la Divina Pastora en 1954, tomando posesi\u00f3n el 1 de noviembre del mismo a\u00f1o.<\/p>\n\n\n\n<p class=\"has-vivid-cyan-blue-color has-text-color has-link-color wp-elements-0b95c2b1932924c6d232723a42fc64a8\">Durante los 26 a\u00f1os que estuvo al frente de la parroquia desempe\u00f1\u00f3 una gran labor de apostolado, fund\u00f3 tres cofrad\u00edas, dos de penitencia la del Ecce-Homo, la Misericordia y la profesional de sanidad de San Cosme y San Dami\u00e1n y realiz\u00f3 grandes cambios en el interior del templo como ya hemos dejado reflejado en este trabajo.<\/p>\n\n\n\n<p class=\"has-vivid-cyan-blue-color has-text-color has-link-color wp-elements-5eff24c704892a9923c87aa21e8b9a26\">La hermandad lo nombr\u00f3 Hermano de Honor en el a\u00f1o 1981. El fallecimiento del querido padre Jos\u00e9 Mar\u00eda Arenas Gil fue muy sentido en el seno de nuestra hermandad y en la feligres\u00eda a la que tanto amor y cari\u00f1o le hab\u00eda dado este cura bueno.<\/p>\n\n\n\n<p class=\"has-vivid-cyan-blue-color has-text-color has-link-color wp-elements-84733d8fb1fb0465177c4814c1b8b887\">La Hermandad en su honor cre\u00f3 en el a\u00f1o 2001 la \u00abBolsa de Caridad Padre Jos\u00e9 M\u00aa Arenas\u00bb, en recuerdo y honra a su memoria de servicio a los dem\u00e1s.<\/p>\n\n\n<style>.kb-image93_4ff440-03 .kb-image-has-overlay:after{opacity:0.3;}<\/style>\n<div class=\"wp-block-kadence-image kb-image93_4ff440-03\"><figure class=\"aligncenter size-full\"><img loading=\"lazy\" decoding=\"async\" width=\"494\" height=\"272\" src=\"https:\/\/misericordiadesanfernando.com\/wp-content\/uploads\/2025\/11\/padre-arenasok-copia.jpg\" alt=\"\" class=\"kb-img wp-image-476\" srcset=\"https:\/\/misericordiadesanfernando.com\/wp-content\/uploads\/2025\/11\/padre-arenasok-copia.jpg 494w, https:\/\/misericordiadesanfernando.com\/wp-content\/uploads\/2025\/11\/padre-arenasok-copia-300x165.jpg 300w\" sizes=\"auto, (max-width: 494px) 100vw, 494px\" \/><\/figure><\/div>\n\n\n\n<p class=\"has-text-align-center has-vivid-cyan-blue-color has-text-color has-link-color wp-elements-f822286dc98f3ec1b4bd40a69a767f31\"><strong>Rvdo. Padre Don Jos\u00e9 Francisco Pi\u00f1ero Serv\u00e1n.<\/strong><\/p>\n\n\n\n<p class=\"has-vivid-cyan-blue-color has-text-color has-link-color wp-elements-3d4ebf9ba666d962b4aadc3402079923\">Al renunciar al cargo por enfermedad del anterior p\u00e1rroco el padre Arenas, el Sr. obispo de la Di\u00f3cesis nombra al Rvdo. Padre Don Jos\u00e9 Francisco Pi\u00f1ero Serv\u00e1n, sacerdote isle\u00f1o nacido en 1936, orden\u00e1ndose sacerdote el 17 de diciembre de 1960 en la Iglesia Mayor.<\/p>\n\n\n\n<p class=\"has-vivid-cyan-blue-color has-text-color has-link-color wp-elements-3a94592433ca1fa7e65fa20df7b9af04\">Se hace cargo como p\u00e1rroco en el a\u00f1o 1981. Durante veintisiete a\u00f1os ejerce su apostolado en esta comunidad parroquial con entrega y generosidad, habi\u00e9ndose celebrado acontecimientos importantes, como la celebraci\u00f3n del cincuentenario de la parroquia y las coronaciones de la Divina Pastora y Mar\u00eda Sant\u00edsima de Gracia y Esperanza, y cincuentenarios fundacionales de las Hermandades del Huerto, Ecce-Homo y Misericordia.<\/p>\n\n\n\n<p class=\"has-vivid-cyan-blue-color has-text-color has-link-color wp-elements-117410b688db1975dfb61bccb9ed995e\">Fue restaurada la iglesia y se construy\u00f3 el complejo parroquial compuesto de viviendas para los sacerdotes, aulas, despacho y la casa de hermandad de la Misericordia.<\/p>\n\n\n\n<p class=\"has-vivid-cyan-blue-color has-text-color has-link-color wp-elements-40ecb64a31ac8f3e07e10010131a6b26\">A petici\u00f3n propia cesa en el cargo de p\u00e1rroco y se despide el 7 de septiembre de 2008, nombr\u00e1ndolo el Sr. obispo de la Di\u00f3cesis Vicario Parroquial de la Iglesia de San Jos\u00e9 Artesano de nuestra ciudad, donde ejerci\u00f3 como sacerdote adscrito. Tambi\u00e9n fue capell\u00e1n de las Capuchinas y, de hecho, fue el encargado de oficiar la \u00faltima misma que se llev\u00f3 a cabo en la capilla de la calle Constructora Naval.&nbsp;<\/p>\n\n\n\n<p class=\"has-vivid-cyan-blue-color has-text-color has-link-color wp-elements-906700c6de379e6376b9e75402431229\">Falleci\u00f3 en San Fernando el 13 de mayo del a\u00f1o 2018, produciendo un gran pesar en la sociedad isle\u00f1a.<\/p>\n\n\n<style>.kb-image93_56c7d0-f7 .kb-image-has-overlay:after{opacity:0.3;}<\/style>\n<div class=\"wp-block-kadence-image kb-image93_56c7d0-f7\"><figure class=\"aligncenter size-full\"><img loading=\"lazy\" decoding=\"async\" width=\"741\" height=\"413\" src=\"https:\/\/misericordiadesanfernando.com\/wp-content\/uploads\/2025\/11\/JOSE-PINERO-SERVAN.jpg\" alt=\"\" class=\"kb-img wp-image-475\" srcset=\"https:\/\/misericordiadesanfernando.com\/wp-content\/uploads\/2025\/11\/JOSE-PINERO-SERVAN.jpg 741w, https:\/\/misericordiadesanfernando.com\/wp-content\/uploads\/2025\/11\/JOSE-PINERO-SERVAN-300x167.jpg 300w\" sizes=\"auto, (max-width: 741px) 100vw, 741px\" \/><\/figure><\/div>\n\n\n\n<p class=\"has-text-align-center has-vivid-cyan-blue-color has-text-color has-link-color wp-elements-2d13b94a4317f7a4f710cc18a233b140\"><strong>Rvdo. Padre Don Luis Palomino Mill\u00e1n.<\/strong><\/p>\n\n\n\n<p class=\"has-vivid-cyan-blue-color has-text-color has-link-color wp-elements-f55ab2bbb776d36e88f4801b894ee370\">Nombrado nuevo p\u00e1rroco por el Sr. obispo de la Di\u00f3cesis el 26 de junio de 2008, tom\u00f3 posesi\u00f3n el domingo 7 de septiembre de 2008 durante una eucarist\u00eda celebrada a las 11,30 horas en la Parroquia de la Divina Pastora.<\/p>\n\n\n\n<p class=\"has-vivid-cyan-blue-color has-text-color has-link-color wp-elements-6de8d4aef9b3e03fb089f4812db3d8bf\">El padre Lu\u00eds Palomino Mill\u00e1n naci\u00f3 en C\u00e1diz el 28 de Julio de 1964, ordenado sacerdote por S.S. Juan Pablo II en el Congreso Eucar\u00edstico celebrado en Sevilla en la festividad del Corpus Christi de 1993.<\/p>\n\n\n\n<p class=\"has-vivid-cyan-blue-color has-text-color has-link-color wp-elements-6b8dfc30d2c8173505007bab4cc1bceb\">Cant\u00f3 la primera misa en el convento de la Encarnaci\u00f3n de Sevilla. Ha sido Coadjutor en Vejer y capell\u00e1n de Las Lomas. P\u00e1rroco de San Enrique de Guadiaro, Zahara de los Atunes, Arcipreste y P\u00e1rroco de San Juan de Dios de Medina durante los \u00faltimos ochos a\u00f1os y actualmente p\u00e1rroco de la Divina Pastora de las Almas y director espiritual de la hermandad.<\/p>\n\n\n\n<p class=\"has-vivid-cyan-blue-color has-text-color has-link-color wp-elements-6b227a566f0b95b9728d702bf11405b8\">Estudi\u00f3 en la Universidad Gregoriana de Roma \u00abHistoria Eclesi\u00e1stica\u00bb, es profesor del Seminario San Bartolom\u00e9 de la Di\u00f3cesis, archivero de la curia y pertenece al<\/p>\n\n\n\n<p class=\"has-vivid-cyan-blue-color has-text-color has-link-color wp-elements-baf9327b6a90fd3947bcd2b59f936997\">Ateneo Gaditano y a la C\u00e1tedra Marcelo Sp\u00ednola, adem\u00e1s de ser Can\u00f3nigo de la Santa Iglesia Catedral de C\u00e1diz.<\/p>\n\n\n<style>.kb-image93_a2e471-7f .kb-image-has-overlay:after{opacity:0.3;}<\/style>\n<div class=\"wp-block-kadence-image kb-image93_a2e471-7f\"><figure class=\"aligncenter size-large\"><img loading=\"lazy\" decoding=\"async\" width=\"1024\" height=\"768\" src=\"https:\/\/misericordiadesanfernando.com\/wp-content\/uploads\/2025\/11\/PARROCO-PADRE-LUIS-1024x768.jpg\" alt=\"\" class=\"kb-img wp-image-449\" srcset=\"https:\/\/misericordiadesanfernando.com\/wp-content\/uploads\/2025\/11\/PARROCO-PADRE-LUIS-1024x768.jpg 1024w, https:\/\/misericordiadesanfernando.com\/wp-content\/uploads\/2025\/11\/PARROCO-PADRE-LUIS-300x225.jpg 300w, https:\/\/misericordiadesanfernando.com\/wp-content\/uploads\/2025\/11\/PARROCO-PADRE-LUIS-768x576.jpg 768w, https:\/\/misericordiadesanfernando.com\/wp-content\/uploads\/2025\/11\/PARROCO-PADRE-LUIS-1536x1152.jpg 1536w, https:\/\/misericordiadesanfernando.com\/wp-content\/uploads\/2025\/11\/PARROCO-PADRE-LUIS-2048x1536.jpg 2048w\" sizes=\"auto, (max-width: 1024px) 100vw, 1024px\" \/><\/figure><\/div>\n\n\n\n<p><\/p>\n","protected":false},"excerpt":{"rendered":"<p>Rvdo. Padre Don Jos\u00e9 Mar\u00eda Arenas Gil. El Rvdo. Padre Don Jos\u00e9 Mar\u00eda Arenas Gil, naci\u00f3 en C\u00e1diz en 1916. Falleci\u00f3 en su ciudad natal el 17 de agosto de&hellip;<\/p>\n","protected":false},"author":2,"featured_media":0,"parent":0,"menu_order":0,"comment_status":"closed","ping_status":"closed","template":"","meta":{"footnotes":""},"class_list":["post-93","page","type-page","status-publish","hentry"],"_links":{"self":[{"href":"https:\/\/misericordiadesanfernando.com\/index.php\/wp-json\/wp\/v2\/pages\/93","targetHints":{"allow":["GET"]}}],"collection":[{"href":"https:\/\/misericordiadesanfernando.com\/index.php\/wp-json\/wp\/v2\/pages"}],"about":[{"href":"https:\/\/misericordiadesanfernando.com\/index.php\/wp-json\/wp\/v2\/types\/page"}],"author":[{"embeddable":true,"href":"https:\/\/misericordiadesanfernando.com\/index.php\/wp-json\/wp\/v2\/users\/2"}],"replies":[{"embeddable":true,"href":"https:\/\/misericordiadesanfernando.com\/index.php\/wp-json\/wp\/v2\/comments?post=93"}],"version-history":[{"count":4,"href":"https:\/\/misericordiadesanfernando.com\/index.php\/wp-json\/wp\/v2\/pages\/93\/revisions"}],"predecessor-version":[{"id":1763,"href":"https:\/\/misericordiadesanfernando.com\/index.php\/wp-json\/wp\/v2\/pages\/93\/revisions\/1763"}],"wp:attachment":[{"href":"https:\/\/misericordiadesanfernando.com\/index.php\/wp-json\/wp\/v2\/media?parent=93"}],"curies":[{"name":"wp","href":"https:\/\/api.w.org\/{rel}","templated":true}]}}