{"id":860,"date":"2025-11-11T17:16:24","date_gmt":"2025-11-11T16:16:24","guid":{"rendered":"https:\/\/misericordiadesanfernando.com\/?page_id=860"},"modified":"2025-11-17T20:50:02","modified_gmt":"2025-11-17T19:50:02","slug":"pregon-a-maria","status":"publish","type":"page","link":"https:\/\/misericordiadesanfernando.com\/index.php\/pregon-a-maria\/","title":{"rendered":""},"content":{"rendered":"\n<p><\/p>\n\n\n<style>.kb-image860_9d4b2d-86 .kb-image-has-overlay:after{opacity:0.3;}<\/style>\n<div class=\"wp-block-kadence-image kb-image860_9d4b2d-86\"><figure class=\"aligncenter size-large\"><img loading=\"lazy\" decoding=\"async\" width=\"1024\" height=\"341\" src=\"https:\/\/misericordiadesanfernando.com\/wp-content\/uploads\/2025\/11\/pregones-1024x341.jpeg\" alt=\"\" class=\"kb-img wp-image-1791\" srcset=\"https:\/\/misericordiadesanfernando.com\/wp-content\/uploads\/2025\/11\/pregones-1024x341.jpeg 1024w, https:\/\/misericordiadesanfernando.com\/wp-content\/uploads\/2025\/11\/pregones-300x100.jpeg 300w, https:\/\/misericordiadesanfernando.com\/wp-content\/uploads\/2025\/11\/pregones-768x256.jpeg 768w, https:\/\/misericordiadesanfernando.com\/wp-content\/uploads\/2025\/11\/pregones.jpeg 1500w\" sizes=\"auto, (max-width: 1024px) 100vw, 1024px\" \/><\/figure><\/div>\n\n\n\n<p class=\"has-theme-palette-1-color has-text-color has-link-color wp-elements-111e14d3d3823a305da845e5179c4bfb\"><strong>EL PREGON A MAR\u00cdA SANT\u00cdSIMA DE LA PIEDAD<\/strong><\/p>\n\n\n\n<p class=\"has-theme-palette-1-color has-text-color has-link-color wp-elements-8a157ad8f3034e705fd02d9c4a87986f\">El Preg\u00f3n a Mar\u00eda Sant\u00edsima de la Piedad, es un acto hist\u00f3rico de la hermandad y a la vez consagrado, que se lleva a cabo cada 8 en Diciembre, al t\u00e9rmino de la Solemne Funci\u00f3n Religiosa con la que se culminan los cultos en honor de la Sant\u00edsima Virgen, que nos recuerdan la fecha de su bendici\u00f3n. La primera edici\u00f3n tuvo lugar el 8 de diciembre del a\u00f1o 1976, estando a cargo del poeta gaditano D. Jos\u00e9 Luis Rodr\u00edguez Lafita, haci\u00e9ndose de manera anual hasta el a\u00f1o 2000, con motivo del XXV Aniversario de la Bendici\u00f3n de nuestra&nbsp; Titular Mariana. En aqu\u00e9l momento, la Junta de Gobierno toma el acuerdo de celebrarlo cada cinco a\u00f1os.<\/p>\n\n\n\n<p class=\"has-theme-palette-1-color has-text-color has-link-color wp-elements-4e8d0b6061c46c34f1edefcc16ee23f6\">Un preg\u00f3n que durante su m\u00e1s de treinta ediciones ha contado con los mayores y m\u00e1s prol\u00edferos pregoneros, no solo de nuestra ciudad, sino tambi\u00e9n de la provincia los cuales siempre cantaron de una manera extraordinaria las grandezas de Santa Mar\u00eda Virgen.<\/p>\n\n\n\n<p class=\"has-theme-palette-1-color has-text-color has-link-color wp-elements-08b915ff1119917ae6ab7bebdf1e1dd6\"><strong>HIST\u00d3RICO DE PREGONEROS A MARIA SANT\u00cdSIMA DE LA PIEDAD<\/strong><\/p>\n\n\n\n<p class=\"has-theme-palette-1-color has-text-color has-link-color wp-elements-49995ebbbdf8afce695e04a75cdb5899\">1976 &#8211; Don Jos\u00e9 L. Rodr\u00edguez Lafita &#8211; Poeta y escritor. C\u00e1diz.<\/p>\n\n\n\n<p class=\"has-theme-palette-1-color has-text-color has-link-color wp-elements-e02bfa979705b8dbebc1910400e52af9\">1977 &#8211; Don Gonzalo Fern\u00e1ndez Estudillo &#8211; Ex-Hermano Mayor Misericordia. Jerez de la Frontera.<\/p>\n\n\n\n<p class=\"has-theme-palette-1-color has-text-color has-link-color wp-elements-4717d7094053a38addee250332ffd4d6\">1978 &#8211; Don Bartolom\u00e9 Llompart Bello &#8211; Periodista. C\u00e1diz.<\/p>\n\n\n\n<p class=\"has-theme-palette-1-color has-text-color has-link-color wp-elements-15e483cae34433ca93fc54a974939da2\">1979 &#8211; Don Jos\u00e9 Gonz\u00e1lez Barba &#8211; Escritor y acad\u00e9mico. Cartagena.<\/p>\n\n\n\n<p class=\"has-theme-palette-1-color has-text-color has-link-color wp-elements-5671ce4b0ea84329489add034674172e\">1980 &#8211; Don Salvador de Quinta Rodr\u00edguez &#8211; Poeta y articulista. Utrera.<\/p>\n\n\n\n<p class=\"has-theme-palette-1-color has-text-color has-link-color wp-elements-222b746728a35dc925006363e5c8f96b\">1981 -Don Enrique Montiel S\u00e1nchez &#8211; Escritor y acad\u00e9mico. San Fernando.<\/p>\n\n\n\n<p class=\"has-theme-palette-1-color has-text-color has-link-color wp-elements-47e53014b4b1f941d96ba0c2c84a291e\">1982 &#8211; Don Jos\u00e9 Carlos Fern\u00e1ndez Moreno &#8211; Ex-Hermano Mayor, escritor y acad\u00e9mico. San Fernando.<\/p>\n\n\n\n<p class=\"has-theme-palette-1-color has-text-color has-link-color wp-elements-e390a384a355c6e377ca9c489a83e659\">1983 &#8211; Don Pedro P\u00e9rez Serrano &#8211; Ex-Hermano Mayor. San Fernando.<\/p>\n\n\n\n<p class=\"has-theme-palette-1-color has-text-color has-link-color wp-elements-0cf094b0ca041db879318d7dcacaa672\">1984 &#8211; Do\u00f1a Mar\u00eda Felisa S\u00e1nchez Garc\u00eda &#8211; Poetisa y acad\u00e9mica. San Fernando.<\/p>\n\n\n\n<p class=\"has-theme-palette-1-color has-text-color has-link-color wp-elements-e197b9ce400fb24c90aa598eb5b9707a\">1985 &#8211; Don Juan Pedro Cosano Alarc\u00f3n &#8211; Hermano Cofrad\u00eda de la Amargura. Jerez de la Frontera.<\/p>\n\n\n\n<p class=\"has-theme-palette-1-color has-text-color has-link-color wp-elements-c255769ea80c372a72a589e49d44e9e9\">1986 &#8211; Don Pedro Payan Sotomayor &#8211; Ling\u00fcista y acad\u00e9mico. C\u00e1diz.<\/p>\n\n\n\n<p class=\"has-theme-palette-1-color has-text-color has-link-color wp-elements-b61048476371a5e1a85c6e4da12d00b1\">1987 &#8211; Don Luis \u00c1lvarez Duarte &#8211; Imaginero sevillano, autor de la talla de Maria Stma. de la Piedad.<\/p>\n\n\n\n<p class=\"has-theme-palette-1-color has-text-color has-link-color wp-elements-6c38a51ee27a9acac113fa1df8b1448a\">1988 &#8211; Don Francisco Moscoso Parra &#8211; Hermano de las Penas. C\u00e1diz.<\/p>\n\n\n\n<p class=\"has-theme-palette-1-color has-text-color has-link-color wp-elements-e6e854b58f237f57895b3029e1a20aad\">1989 &#8211; Don Ignacio Bustamante Morej\u00f3n &#8211; Ex-Hermano Mayor del Huerto. San Fernando.<\/p>\n\n\n\n<p class=\"has-theme-palette-1-color has-text-color has-link-color wp-elements-ac12c92e6bf28fe0d5a5f5866cee287b\">1990 &#8211; Don Pablo Quijano Cabeza &#8211; Hermano de la Vera Cruz, poeta y escritor.San Fernando.<\/p>\n\n\n\n<p class=\"has-theme-palette-1-color has-text-color has-link-color wp-elements-89be557499898971191cb84c188bb525\">1991 &#8211; Don Aurelio Vede Carmona, Articulista y poeta. Sevilla.<\/p>\n\n\n\n<p class=\"has-theme-palette-1-color has-text-color has-link-color wp-elements-1d94a64cab71632cff61d6390861cead\">1992 &#8211; Don Miguel A. Novo P\u00e9rez &#8211; Hermano de las Penas. C\u00e1diz.<\/p>\n\n\n\n<p class=\"has-theme-palette-1-color has-text-color has-link-color wp-elements-380f517647298767a9026fd8e5107d18\">1993 &#8211; Don Antonio Moreno Olmedo &#8211; Ex-Hermano Mayor y Alcalde San Fernando.<\/p>\n\n\n\n<p class=\"has-theme-palette-1-color has-text-color has-link-color wp-elements-cd1a83976db730691f72e0737227e986\">1994 &#8211; Don Antonio Llaves Villanueva &#8211; Hermano del Amor y atene\u00edsta. C\u00e1diz.<\/p>\n\n\n\n<p class=\"has-theme-palette-1-color has-text-color has-link-color wp-elements-98c12f5044bbaf8115d58734313c633b\">1995 &#8211; Don Francisco del Castillo Teller\u00eda &#8211; Poeta. Puerto de Santa Mar\u00eda.<\/p>\n\n\n\n<p class=\"has-theme-palette-1-color has-text-color has-link-color wp-elements-00418ffbe35806695a1a0ce4f15d9295\">1996 &#8211; Do\u00f1a Inmaculada C\u00e1liz Gonz\u00e1lez &#8211; Poetisa de Jerez de la Frontera.<\/p>\n\n\n\n<p class=\"has-theme-palette-1-color has-text-color has-link-color wp-elements-4f2a437d35963193cb8a01ec4fb179fd\">1997 &#8211; Don Emilio Prieto Pagnas &#8211; Hermano de la cofrad\u00eda y escritor. San Fernando.<\/p>\n\n\n\n<p class=\"has-theme-palette-1-color has-text-color has-link-color wp-elements-cc1f48df5e956db59ac17e20aba7a040\">1998 &#8211; Don Daniel J. Nieto V\u00e1zquez &#8211; Hermano de la cofrad\u00eda. San Fernando.<\/p>\n\n\n\n<p class=\"has-theme-palette-1-color has-text-color has-link-color wp-elements-9a1ade76b473206229f575f28e0b5dd4\">1999 &#8211; Don Antonio M. Alias de la Torre &#8211; Hermano de la cofrad\u00eda. San Fernando.<\/p>\n\n\n\n<p class=\"has-theme-palette-1-color has-text-color has-link-color wp-elements-7f65a4cc7058ac87502d0632c4984552\">2000 &#8211; Don Jos\u00e9 Carlos Fern\u00e1ndez Moreno &#8211; Ex-Hermano Mayor de la cofrad\u00eda, escritor y acad\u00e9mico. San Fernando.<\/p>\n\n\n\n<p class=\"has-theme-palette-1-color has-text-color has-link-color wp-elements-a49cbafc42543ba20e3731391c5e03d9\"><em>En aqu\u00e9l momento la Junta de Gobierno toma el acuerdo de realizar el Preg\u00f3n en Honor de Mar\u00eda Sant\u00edsima de la Piedad cada cinco a\u00f1os.<\/em><\/p>\n\n\n\n<p class=\"has-theme-palette-1-color has-text-color has-link-color wp-elements-1fd2009d0c383f6c496b782a462f9243\">2005 -Don Carlos Peinado S\u00e1nchez de la Madrid -Cofrade. Sevilla.<\/p>\n\n\n\n<p class=\"has-theme-palette-1-color has-text-color has-link-color wp-elements-d39067d7235465d44ef658f86dc7da3e\">2010 -Don Juan Carlos Collantes Faz&nbsp;&#8211; Hermano de la cofrad\u00eda. San Fernando.<\/p>\n\n\n\n<p class=\"has-theme-palette-1-color has-text-color has-link-color wp-elements-6a3bb578beb23e3779915bb97481407d\">2015 &#8211; Do\u00f1a Mar\u00eda Jos\u00e9 Cao Rondan &#8211; Hermana de la cofrad\u00eda. San Fernando.<\/p>\n\n\n\n<p class=\"has-theme-palette-1-color has-text-color has-link-color wp-elements-b4bca2fb143797790c2841f7feebd74e\">2021 &#8211; Don Juan Jos\u00e9 Romero Ruiz &#8211; Hermano de la cofrad\u00eda. San Fernando.<\/p>\n\n\n\n<p class=\"has-theme-palette-1-color has-text-color has-link-color wp-elements-f46be0af03203a0296490f1f3cfe196e\"><em>(Esta edici\u00f3n correspond\u00eda al a\u00f1o 2020, que no se puedo realizar por motivo de la Pandemia COVID-19).<\/em><\/p>\n\n\n\n<p class=\"has-theme-palette-1-color has-text-color has-link-color wp-elements-bb60d5f8413aaceb52c474c3a2b13d38\">2025 &#8211; Don Manuel J. Garc\u00eda Almarcha &#8211; Hermano de la cofrad\u00eda. San Fernando.<\/p>\n","protected":false},"excerpt":{"rendered":"<p>EL PREGON A MAR\u00cdA SANT\u00cdSIMA DE LA PIEDAD El Preg\u00f3n a Mar\u00eda Sant\u00edsima de la Piedad, es un acto hist\u00f3rico de la hermandad y a la vez consagrado, que se&hellip;<\/p>\n","protected":false},"author":2,"featured_media":0,"parent":0,"menu_order":0,"comment_status":"closed","ping_status":"closed","template":"","meta":{"footnotes":""},"class_list":["post-860","page","type-page","status-publish","hentry"],"_links":{"self":[{"href":"https:\/\/misericordiadesanfernando.com\/index.php\/wp-json\/wp\/v2\/pages\/860","targetHints":{"allow":["GET"]}}],"collection":[{"href":"https:\/\/misericordiadesanfernando.com\/index.php\/wp-json\/wp\/v2\/pages"}],"about":[{"href":"https:\/\/misericordiadesanfernando.com\/index.php\/wp-json\/wp\/v2\/types\/page"}],"author":[{"embeddable":true,"href":"https:\/\/misericordiadesanfernando.com\/index.php\/wp-json\/wp\/v2\/users\/2"}],"replies":[{"embeddable":true,"href":"https:\/\/misericordiadesanfernando.com\/index.php\/wp-json\/wp\/v2\/comments?post=860"}],"version-history":[{"count":2,"href":"https:\/\/misericordiadesanfernando.com\/index.php\/wp-json\/wp\/v2\/pages\/860\/revisions"}],"predecessor-version":[{"id":1792,"href":"https:\/\/misericordiadesanfernando.com\/index.php\/wp-json\/wp\/v2\/pages\/860\/revisions\/1792"}],"wp:attachment":[{"href":"https:\/\/misericordiadesanfernando.com\/index.php\/wp-json\/wp\/v2\/media?parent=860"}],"curies":[{"name":"wp","href":"https:\/\/api.w.org\/{rel}","templated":true}]}}