{"id":73,"date":"2025-07-23T13:35:22","date_gmt":"2025-07-23T11:35:22","guid":{"rendered":"http:\/\/localhost\/misericordia\/?page_id=73"},"modified":"2025-11-17T19:54:33","modified_gmt":"2025-11-17T18:54:33","slug":"heraldica","status":"publish","type":"page","link":"https:\/\/misericordiadesanfernando.com\/index.php\/heraldica\/","title":{"rendered":""},"content":{"rendered":"\n<p><\/p>\n\n\n<style>.kb-image73_5a1400-0a .kb-image-has-overlay:after{opacity:0.3;}<\/style>\n<div class=\"wp-block-kadence-image kb-image73_5a1400-0a\"><figure class=\"aligncenter size-large\"><img loading=\"lazy\" decoding=\"async\" width=\"1024\" height=\"341\" src=\"https:\/\/misericordiadesanfernando.com\/wp-content\/uploads\/2025\/11\/heraldica-1024x341.jpeg\" alt=\"\" class=\"kb-img wp-image-1131\" srcset=\"https:\/\/misericordiadesanfernando.com\/wp-content\/uploads\/2025\/11\/heraldica-1024x341.jpeg 1024w, https:\/\/misericordiadesanfernando.com\/wp-content\/uploads\/2025\/11\/heraldica-300x100.jpeg 300w, https:\/\/misericordiadesanfernando.com\/wp-content\/uploads\/2025\/11\/heraldica-768x256.jpeg 768w, https:\/\/misericordiadesanfernando.com\/wp-content\/uploads\/2025\/11\/heraldica.jpeg 1500w\" sizes=\"auto, (max-width: 1024px) 100vw, 1024px\" \/><\/figure><\/div>\n\n\n\n<p class=\"has-text-align-center has-vivid-cyan-blue-color has-text-color has-link-color wp-elements-fd051a1983c1659b6a910371f45f8d80\"><strong>EL ESCAPULARIO<\/strong><\/p>\n\n\n\n<p class=\"has-vivid-cyan-blue-color has-text-color has-link-color wp-elements-45414e0440099b38de7f308438d85a53\">En las reglas que han llegado hasta nosotros y en el estatuto actual no se define la composici\u00f3n de todos los elementos que configura el Escapulario de la Hermandad, solamente hace referencia a su utilizaci\u00f3n en los cultos.<\/p>\n\n\n\n<p class=\"has-vivid-cyan-blue-color has-text-color has-link-color wp-elements-728bff279032c925e5f79c8e87d12f65\">Debemos acudir al Reglamento de R\u00e9gimen Interno de fecha 18 de diciembre de 1998 y en su T\u00edtulo V. Cap\u00edtulo I del Santo Escapulario. Art\u00edculo 85.- que dice ser\u00e1 distintivo de los hermanos de esta cofrad\u00eda el Santo Escapulario de la Misericordia, siendo obligaci\u00f3n de estos de adquirirlo y conservarlo con esmero y cuidado cerca de \u00e9l, acompa\u00f1\u00e1ndonos en nuestra vida hasta el l\u00edmite mismo de ella, que como s\u00edmbolo de nuestra esperanza de la vida eterna aguardar\u00e1 en nuestro pecho la presencia de Dios m\u00e1s all\u00e1 de la muerte.<\/p>\n\n\n\n<p class=\"has-vivid-cyan-blue-color has-text-color has-link-color wp-elements-3b8a5840079c233439ea5e82ccfed6bc\">Las caracter\u00edsticas del mismo ser\u00e1n id\u00e9nticas para todos los hermanos, consistiendo en dos piezas r\u00edgida de tela de raso, de color negro, de 115 mm. 135 mm. unidas entre s\u00ed por dos cintas de raso blanco de 18 mm. de anchura, bordado en sedas.<\/p>\n\n\n<style>.kb-image73_5e53f6-9e .kb-image-has-overlay:after{opacity:0.3;}<\/style>\n<div class=\"wp-block-kadence-image kb-image73_5e53f6-9e\"><figure class=\"aligncenter size-full\"><img loading=\"lazy\" decoding=\"async\" width=\"200\" height=\"184\" src=\"https:\/\/misericordiadesanfernando.com\/wp-content\/uploads\/2025\/11\/escapulario.jpeg\" alt=\"\" class=\"kb-img wp-image-1738\"\/><\/figure><\/div>\n\n\n\n<p class=\"has-vivid-cyan-blue-color has-text-color has-link-color wp-elements-e62db85115cf418dc38c0cbb8b650a50\">En la pieza anterior aparecer\u00e1 el lienzo de la Ver\u00f3nica con el Rostro de Nuestro Se\u00f1or Jesucristo circundada por la corona de espinas en seda amarilla, todo ello sobre Cruz de Malta en color celeste.<\/p>\n\n\n<style>.kb-image73_5aae8c-1f.kb-image-is-ratio-size, .kb-image73_5aae8c-1f .kb-image-is-ratio-size{max-width:214px;width:100%;}.wp-block-kadence-column > .kt-inside-inner-col > .kb-image73_5aae8c-1f.kb-image-is-ratio-size, .wp-block-kadence-column > .kt-inside-inner-col > .kb-image73_5aae8c-1f .kb-image-is-ratio-size{align-self:unset;}.kb-image73_5aae8c-1f figure{max-width:214px;}.kb-image73_5aae8c-1f .image-is-svg, .kb-image73_5aae8c-1f .image-is-svg img{width:100%;}.kb-image73_5aae8c-1f .kb-image-has-overlay:after{opacity:0.3;}<\/style>\n<div class=\"wp-block-kadence-image kb-image73_5aae8c-1f\"><figure class=\"aligncenter size-large\"><img loading=\"lazy\" decoding=\"async\" width=\"987\" height=\"1024\" src=\"https:\/\/misericordiadesanfernando.com\/wp-content\/uploads\/2025\/11\/IMG_6080-987x1024.png\" alt=\"\" class=\"kb-img wp-image-455\" srcset=\"https:\/\/misericordiadesanfernando.com\/wp-content\/uploads\/2025\/11\/IMG_6080-987x1024.png 987w, https:\/\/misericordiadesanfernando.com\/wp-content\/uploads\/2025\/11\/IMG_6080-289x300.png 289w, https:\/\/misericordiadesanfernando.com\/wp-content\/uploads\/2025\/11\/IMG_6080-768x797.png 768w, https:\/\/misericordiadesanfernando.com\/wp-content\/uploads\/2025\/11\/IMG_6080-1480x1536.png 1480w\" sizes=\"auto, (max-width: 987px) 100vw, 987px\" \/><\/figure><\/div>\n\n\n\n<p class=\"has-vivid-cyan-blue-color has-text-color has-link-color wp-elements-2488a97d9bb416b3f847d81e1bae6cf4\">En la pieza posterior, la corona de espina circundando al monograma de Ave Mar\u00eda, todo ello en seda amarilla.<\/p>\n\n\n\n<div class=\"wp-block-columns is-layout-flex wp-container-core-columns-is-layout-9d6595d7 wp-block-columns-is-layout-flex\">\n<div class=\"wp-block-column is-layout-flow wp-block-column-is-layout-flow\" style=\"flex-basis:100%\">\n<div class=\"wp-block-group is-nowrap is-layout-flex wp-container-core-group-is-layout-ad2f72ca wp-block-group-is-layout-flex\">\n<div class=\"wp-block-columns is-layout-flex wp-container-core-columns-is-layout-9d6595d7 wp-block-columns-is-layout-flex\">\n<div class=\"wp-block-column is-layout-flow wp-block-column-is-layout-flow\" style=\"flex-basis:100%\"><\/div>\n<\/div>\n<\/div>\n<\/div>\n<\/div>\n\n\n\n<p class=\"has-vivid-cyan-blue-color has-text-color has-link-color wp-elements-9f3db9c171093e2a1c9ab93d21814102\"><strong>ESCUDO DE LA HERMANDAD<\/strong><\/p>\n\n\n\n<p class=\"has-vivid-cyan-blue-color has-text-color has-link-color wp-elements-4d31086e77d831ee5470381966a31a0f\">Dos \u00f3valos inclinados que se acercan en su parte inferior. En el izquierdo, Cruz de Malta cargada de la Santa Faz impresa en el pa\u00f1o de la Ver\u00f3nica. En el derecho, anagrama de Mar\u00eda. Centra ostensorio con Sagrada Forma por su car\u00e1cter Sacramental y debajo de este un tercer \u00f3valo con el escudo carmelitano en su parte inferior, con el lema de la Hna. Cristina de Jes\u00fas Sacramentado \u201cOrar, callar y sufrir\u201d. Rodea el conjunto dos palmas que sostienen la corona real<\/p>\n\n\n<style>.kb-image73_fec635-41 .kb-image-has-overlay:after{opacity:0.3;}<\/style>\n<div class=\"wp-block-kadence-image kb-image73_fec635-41\"><figure class=\"aligncenter size-full\"><img loading=\"lazy\" decoding=\"async\" width=\"323\" height=\"342\" src=\"https:\/\/misericordiadesanfernando.com\/wp-content\/uploads\/2025\/11\/ESCUDO-removebg-preview.png\" alt=\"\" class=\"kb-img wp-image-315\"\/><\/figure><\/div>\n","protected":false},"excerpt":{"rendered":"<p>EL ESCAPULARIO En las reglas que han llegado hasta nosotros y en el estatuto actual no se define la composici\u00f3n de todos los elementos que configura el Escapulario de la&hellip;<\/p>\n","protected":false},"author":2,"featured_media":0,"parent":0,"menu_order":0,"comment_status":"closed","ping_status":"closed","template":"","meta":{"footnotes":""},"class_list":["post-73","page","type-page","status-publish","hentry"],"_links":{"self":[{"href":"https:\/\/misericordiadesanfernando.com\/index.php\/wp-json\/wp\/v2\/pages\/73","targetHints":{"allow":["GET"]}}],"collection":[{"href":"https:\/\/misericordiadesanfernando.com\/index.php\/wp-json\/wp\/v2\/pages"}],"about":[{"href":"https:\/\/misericordiadesanfernando.com\/index.php\/wp-json\/wp\/v2\/types\/page"}],"author":[{"embeddable":true,"href":"https:\/\/misericordiadesanfernando.com\/index.php\/wp-json\/wp\/v2\/users\/2"}],"replies":[{"embeddable":true,"href":"https:\/\/misericordiadesanfernando.com\/index.php\/wp-json\/wp\/v2\/comments?post=73"}],"version-history":[{"count":8,"href":"https:\/\/misericordiadesanfernando.com\/index.php\/wp-json\/wp\/v2\/pages\/73\/revisions"}],"predecessor-version":[{"id":1739,"href":"https:\/\/misericordiadesanfernando.com\/index.php\/wp-json\/wp\/v2\/pages\/73\/revisions\/1739"}],"wp:attachment":[{"href":"https:\/\/misericordiadesanfernando.com\/index.php\/wp-json\/wp\/v2\/media?parent=73"}],"curies":[{"name":"wp","href":"https:\/\/api.w.org\/{rel}","templated":true}]}}