{"id":71,"date":"2025-07-23T13:35:10","date_gmt":"2025-07-23T11:35:10","guid":{"rendered":"http:\/\/localhost\/misericordia\/?page_id=71"},"modified":"2025-11-14T14:00:35","modified_gmt":"2025-11-14T13:00:35","slug":"cultos-de-regla","status":"publish","type":"page","link":"https:\/\/misericordiadesanfernando.com\/index.php\/cultos-de-regla\/","title":{"rendered":""},"content":{"rendered":"\n<p><\/p>\n\n\n<style>.kb-image71_d34487-5f .kb-image-has-overlay:after{opacity:0.3;}<\/style>\n<div class=\"wp-block-kadence-image kb-image71_d34487-5f\"><figure class=\"aligncenter size-large\"><img loading=\"lazy\" decoding=\"async\" width=\"1024\" height=\"341\" src=\"https:\/\/misericordiadesanfernando.com\/wp-content\/uploads\/2025\/11\/cultos-de-regla-1024x341.jpeg\" alt=\"\" class=\"kb-img wp-image-1116\" srcset=\"https:\/\/misericordiadesanfernando.com\/wp-content\/uploads\/2025\/11\/cultos-de-regla-1024x341.jpeg 1024w, https:\/\/misericordiadesanfernando.com\/wp-content\/uploads\/2025\/11\/cultos-de-regla-300x100.jpeg 300w, https:\/\/misericordiadesanfernando.com\/wp-content\/uploads\/2025\/11\/cultos-de-regla-768x256.jpeg 768w, https:\/\/misericordiadesanfernando.com\/wp-content\/uploads\/2025\/11\/cultos-de-regla.jpeg 1500w\" sizes=\"auto, (max-width: 1024px) 100vw, 1024px\" \/><\/figure><\/div>\n\n\n\n<p class=\"has-vivid-cyan-blue-color has-text-color has-link-color wp-elements-3615bbd4f62251732aea966a08f663ef\"><strong>Calendario de Cultos<\/strong><strong><\/strong><\/p>\n\n\n\n<p class=\"has-vivid-cyan-blue-color has-text-color has-link-color wp-elements-db39d51b7754ee00dcc64b118fb7be0a\">Los primeros viernes de cada mes, se celebran cultos Sacramentales, con Exposici\u00f3n de S.D.M., Rezo de V\u00edsperas, Eucarist\u00eda y Salve. A su t\u00e9rmino, cada viernes de mes, besapi\u00e9 a la venerada y milagrosa Imagen de Nuestro Padre Jes\u00fas de la Misericordia.<\/p>\n\n\n\n<p class=\"has-vivid-cyan-blue-color has-text-color has-link-color wp-elements-813b56cca1074a72baf742c6db6f88b9\"><strong>CULTOS CUARESMALES<\/strong><strong><\/strong><\/p>\n\n\n\n<p class=\"has-vivid-cyan-blue-color has-text-color has-link-color wp-elements-e37bcb140c2f405f07f8d01e2069b3ea\">Solemne Triduo en Honor de Jes\u00fas de la Misericordia en Cuaresma. Besapi\u00e9 el primer viernes de marzo -D\u00eda de las Misericordias del Se\u00f1or- y ejercicio del Santo y Piadoso Via-Crucis con la imagen del Se\u00f1or, por las calles de la feligres\u00eda. Solemne Funci\u00f3n Principal de Instituto para culminar las mencionadas celebraciones lit\u00fargicas.<\/p>\n\n\n\n<p class=\"has-vivid-cyan-blue-color has-text-color has-link-color wp-elements-147d568768337fb7d21340b6fd3c1820\"><strong>CULTOS EUCAR\u00cdSTICOS<\/strong><\/p>\n\n\n\n<p class=\"has-vivid-cyan-blue-color has-text-color has-link-color wp-elements-4d42037c8509e9cc9b1e59483c27e402\">Triduo Sacramental en la Octava de Corpus, con procesi\u00f3n con S.D.M. por las calles del barrio (Corpus chiquito).<\/p>\n\n\n\n<p class=\"has-vivid-cyan-blue-color has-text-color has-link-color wp-elements-e4bcd632fc9d7e41620736effb4d78ec\"><strong>CULTOS MARIANOS<\/strong><strong><\/strong><\/p>\n\n\n\n<p class=\"has-vivid-cyan-blue-color has-text-color has-link-color wp-elements-06809f56666f01cf5e231480e6f54c9e\">Solemne Triduo en Honor y Gloria de Mar\u00eda Sant\u00edsima de la Piedad, los d\u00edas 5 al 7 de Diciembre, culminando el d\u00eda 8 -Solemnidad de la Inmaculada Concepci\u00f3n de la Sant\u00edsima Virgen Mar\u00eda- con una Solemne Funci\u00f3n Religiosa. A su t\u00e9rmino, la venerada imagen de Mar\u00eda Sant\u00edsima de la Piedad permanece en Besamanos durante toda la jornada.<\/p>\n\n\n\n<p class=\"has-vivid-cyan-blue-color has-text-color has-link-color wp-elements-4e0687050ad95cda79bfe2e263a78322\"><strong>24 DE CADA MES \u2013 HERMANA CRISTINA<\/strong><strong><\/strong><\/p>\n\n\n\n<p class=\"has-vivid-cyan-blue-color has-text-color has-link-color wp-elements-5a6855c44a05756142f40f09f1f5f7a6\">Todos los d\u00edas 24 de cada mes, los Hermanos de la Misericordia asisten a las misas dedicadas a la Hermana Cristina, para pedir su pronta veneraci\u00f3n en los altares. Estas son oficiadas en el Monasterio de la Stma. Trinidad en la ma\u00f1ana y en la Iglesia Conventual del Carmen en la tarde.<\/p>\n\n\n\n<p class=\"has-vivid-cyan-blue-color has-text-color has-link-color wp-elements-6cd11f379131248d6fd67f087625c6ca\"><strong>OTROS<\/strong><strong><\/strong><\/p>\n\n\n\n<p class=\"has-vivid-cyan-blue-color has-text-color has-link-color wp-elements-8811f4e7dd208fd5b013b51ba7a7cf08\">Misa por los hermanos fallecidos en el mes de Noviembre.<\/p>\n\n\n\n<p class=\"has-vivid-cyan-blue-color has-text-color has-link-color wp-elements-39854dce9a8ab1b88e45f12bf1912cf0\">Eucarist\u00eda Solemne el 21 de Noviembre, onom\u00e1stica de Mar\u00eda Sant\u00edsima de la Piedad.<\/p>\n\n\n\n<p class=\"has-vivid-cyan-blue-color has-text-color has-link-color wp-elements-1d6f5b17208eda94f83f4fcc8cc8d1b1\">En Septiembre, Solemne Funci\u00f3n a los Santos Cosme y Dami\u00e1n en la cercan\u00eda de su Festividad.<\/p>\n","protected":false},"excerpt":{"rendered":"<p>Calendario de Cultos Los primeros viernes de cada mes, se celebran cultos Sacramentales, con Exposici\u00f3n de S.D.M., Rezo de V\u00edsperas, Eucarist\u00eda y Salve. A su t\u00e9rmino, cada viernes de mes,&hellip;<\/p>\n","protected":false},"author":2,"featured_media":0,"parent":0,"menu_order":0,"comment_status":"closed","ping_status":"closed","template":"","meta":{"footnotes":""},"class_list":["post-71","page","type-page","status-publish","hentry"],"_links":{"self":[{"href":"https:\/\/misericordiadesanfernando.com\/index.php\/wp-json\/wp\/v2\/pages\/71","targetHints":{"allow":["GET"]}}],"collection":[{"href":"https:\/\/misericordiadesanfernando.com\/index.php\/wp-json\/wp\/v2\/pages"}],"about":[{"href":"https:\/\/misericordiadesanfernando.com\/index.php\/wp-json\/wp\/v2\/types\/page"}],"author":[{"embeddable":true,"href":"https:\/\/misericordiadesanfernando.com\/index.php\/wp-json\/wp\/v2\/users\/2"}],"replies":[{"embeddable":true,"href":"https:\/\/misericordiadesanfernando.com\/index.php\/wp-json\/wp\/v2\/comments?post=71"}],"version-history":[{"count":3,"href":"https:\/\/misericordiadesanfernando.com\/index.php\/wp-json\/wp\/v2\/pages\/71\/revisions"}],"predecessor-version":[{"id":1119,"href":"https:\/\/misericordiadesanfernando.com\/index.php\/wp-json\/wp\/v2\/pages\/71\/revisions\/1119"}],"wp:attachment":[{"href":"https:\/\/misericordiadesanfernando.com\/index.php\/wp-json\/wp\/v2\/media?parent=71"}],"curies":[{"name":"wp","href":"https:\/\/api.w.org\/{rel}","templated":true}]}}