{"id":69,"date":"2025-07-23T13:35:01","date_gmt":"2025-07-23T11:35:01","guid":{"rendered":"http:\/\/localhost\/misericordia\/?page_id=69"},"modified":"2025-11-17T19:51:42","modified_gmt":"2025-11-17T18:51:42","slug":"sede-canonica","status":"publish","type":"page","link":"https:\/\/misericordiadesanfernando.com\/index.php\/sede-canonica\/","title":{"rendered":""},"content":{"rendered":"\n<p><\/p>\n\n\n<style>.kb-image69_eae289-63 .kb-image-has-overlay:after{opacity:0.3;}<\/style>\n<div class=\"wp-block-kadence-image kb-image69_eae289-63\"><figure class=\"aligncenter size-large\"><img loading=\"lazy\" decoding=\"async\" width=\"1024\" height=\"341\" src=\"https:\/\/misericordiadesanfernando.com\/wp-content\/uploads\/2025\/11\/SEDE-CANONICA-1024x341.jpeg\" alt=\"\" class=\"kb-img wp-image-1121\" srcset=\"https:\/\/misericordiadesanfernando.com\/wp-content\/uploads\/2025\/11\/SEDE-CANONICA-1024x341.jpeg 1024w, https:\/\/misericordiadesanfernando.com\/wp-content\/uploads\/2025\/11\/SEDE-CANONICA-300x100.jpeg 300w, https:\/\/misericordiadesanfernando.com\/wp-content\/uploads\/2025\/11\/SEDE-CANONICA-768x256.jpeg 768w, https:\/\/misericordiadesanfernando.com\/wp-content\/uploads\/2025\/11\/SEDE-CANONICA.jpeg 1500w\" sizes=\"auto, (max-width: 1024px) 100vw, 1024px\" \/><\/figure><\/div>\n\n\n\n<p class=\"has-text-align-center has-vivid-cyan-blue-color has-text-color has-link-color wp-elements-600f71740b179756bb4f8b3e90a4db11\"><strong>EL TEMPLO<\/strong><\/p>\n\n\n\n<p class=\"has-vivid-cyan-blue-color has-text-color has-link-color wp-elements-ba4eeb9a4668d2849a9ab1ca8ef5dd99\">La\u00a0<strong>Iglesia de la Divina Pastora<\/strong> fue construida a finales del siglo XVIII por\u00a0<strong>Esteban Cr\u00f3quer<\/strong>, siendo una de las m\u00e1s antiguas iglesias de la ciudad. Se encuentra en la plaza y el barrio del mismo nombre, cerca del\u00a0<strong>castillo de San Romualdo<\/strong>\u00a0y de la calle Real.\u00a0La titular del templo es la Divina<strong> Pastora de las Almas Coronada<\/strong>, quien tambi\u00e9n es copatrona de San Fernando.<\/p>\n\n\n\n<p class=\"has-vivid-cyan-blue-color has-text-color has-link-color wp-elements-669a3fbc13ee52dc0ad6ec2a7fa90c66\">La iglesia tiene un solo cuerpo cubierto por un techo a dos aguas. Su fachada principal presenta una puerta adintelada enmarcada por dos pares de pilastras adosadas. Sobre el dintel, hay un \u00f3culo que ilumina el zagu\u00e1n. La planta del templo, de caj\u00f3n con b\u00f3veda de ca\u00f1\u00f3n corrida, no tiene ni crucero ni c\u00fapula.<\/p>\n\n\n\n<p class=\"has-vivid-cyan-blue-color has-text-color has-link-color wp-elements-2c990de09304ffea78e3b5509774644d\">El&nbsp;<strong>retablo mayor<\/strong>, de estilo neocl\u00e1sico y obra de&nbsp;<strong>\u00c1ngel Bugatto<\/strong>, se encuentra en el presbiterio. El primer cuerpo del templo est\u00e1 enmarcado por dos columnas y expone la imagen de la Divina<strong> Pastora<\/strong> de las Almas.&nbsp;<\/p>\n\n\n\n<p class=\"has-vivid-cyan-blue-color has-text-color has-link-color wp-elements-034ecca891d496516ab3810e0fc08863\">Adem\u00e1s, la iglesia es sede can\u00f3nica de tres hermandades de penitencia fundadas en el siglo XX:&nbsp;<strong>Ecce-Homo<\/strong>,&nbsp;<strong>Huerto<\/strong>&nbsp;y&nbsp;<strong>Misericordia,<\/strong> que procesionan en Semana Santa el Lunes, Martes y Jueves Santo, respectivamente.<\/p>\n\n\n\n<p class=\"has-vivid-cyan-blue-color has-text-color has-link-color wp-elements-840d073baaad9e1807c77ffb4ea16981\">En 1782, se fund\u00f3 la&nbsp;<strong>Hermandad de la Divina Pastora<\/strong>&nbsp;por operarios de la&nbsp;<strong>Maestranza del Arsenal de la Carraca<\/strong>. La iglesia fue construida en terrenos cedidos por&nbsp;<strong>Juan Malpica<\/strong>&nbsp;para dar culto a la imagen titular del templo.<\/p>\n\n\n\n<p class=\"has-vivid-cyan-blue-color has-text-color has-link-color wp-elements-9180a42830f9ea5a7a9c80ba4834ce61\">Como curiosidad, se da la circunstancia que, en esos toscos muros, se cobijan dos im\u00e1genes coronadas de la ciudad, siendo algo poco visto en nuestra di\u00f3cesis, como son la titular del templo, la Divina Pastora de las Almas desde el 2004 y la Virgen de Gracia y Esperanza, desde el a\u00f1o 2006.<\/p>\n\n\n\n<div class=\"wp-block-envira-envira-gallery\"><div id=\"envira-gallery-wrap-1732\" class=\"envira-gallery-wrap envira-gallery-theme-base envira-lightbox-theme-base\" itemscope itemtype=\"https:\/\/schema.org\/ImageGallery\"><div data-row-height=\"350\" data-gallery-theme=\"normal\" id=\"envira-gallery-1732\" class=\"envira-gallery-public envira-gallery-justified-public envira-gallery-0-columns envira-clear enviratope envira-gallery-css-animations\" data-envira-columns=\"0\"><div id=\"envira-gallery-item-1731\" class=\"envira-gallery-item enviratope-item envira-gallery-item-1 envira-lazy-load\" style=\"padding-left: 1px; padding-bottom: 1px; padding-right: 1px;\"  itemscope itemtype=\"https:\/\/schema.org\/ImageObject\"><div class=\"envira-gallery-item-inner\"><div class=\"envira-gallery-position-overlay  envira-gallery-top-left\"><\/div><div class=\"envira-gallery-position-overlay  envira-gallery-top-right\"><\/div><div class=\"envira-gallery-position-overlay  envira-gallery-bottom-left\"><\/div><div class=\"envira-gallery-position-overlay  envira-gallery-bottom-right\"><\/div><a href=\"https:\/\/misericordiadesanfernando.com\/wp-content\/uploads\/2025\/11\/WhatsApp-Image-2025-11-17-at-19.42.48-1.jpeg\" class=\"envira-gallery-1732 envira-gallery-link\" rel=\"enviragallery1732\" title=\"WhatsApp Image 2025-11-17 at 19.42.48\" data-envira-caption=\"WhatsApp Image 2025-11-17 at 19.42.48\" data-envira-retina=\"\" data-thumbnail=\"\"  itemprop=\"contentUrl\"><img decoding=\"async\" id=\"envira-gallery-image-1731\" class=\"envira-gallery-image envira-gallery-image-1 envira-normal envira-lazy\" data-envira-index=\"1\" src=\"https:\/\/misericordiadesanfernando.com\/wp-content\/uploads\/2025\/11\/WhatsApp-Image-2025-11-17-at-19.42.48-1-640x480.jpeg\" data-envira-src=\"https:\/\/misericordiadesanfernando.com\/wp-content\/uploads\/2025\/11\/WhatsApp-Image-2025-11-17-at-19.42.48-1-640x480.jpeg\" data-envira-gallery-id=\"1732\" data-envira-item-id=\"1731\" data-envira-caption=\"WhatsApp Image 2025-11-17 at 19.42.48\" alt=\"\" title=\"WhatsApp Image 2025-11-17 at 19.42.48\"  itemprop=\"thumbnailUrl\" data-envira-srcset=\"https:\/\/misericordiadesanfernando.com\/wp-content\/uploads\/2025\/11\/WhatsApp-Image-2025-11-17-at-19.42.48-1-640x480.jpeg 400w,https:\/\/misericordiadesanfernando.com\/wp-content\/uploads\/2025\/11\/WhatsApp-Image-2025-11-17-at-19.42.48-1-640x480.jpeg 2x\" data-envira-width=\"300\" data-envira-height=\"225\" srcset=\"data:image\/gif;base64,R0lGODlhAQABAIAAAP\/\/\/\/\/\/\/yH5BAEKAAEALAAAAAABAAEAAAICTAEAOw==\" data-safe-src=\"data:image\/gif;base64,R0lGODlhAQABAIAAAP\/\/\/\/\/\/\/yH5BAEKAAEALAAAAAABAAEAAAICTAEAOw==\" \/><\/a><\/div><\/div><div id=\"envira-gallery-item-1733\" class=\"envira-gallery-item enviratope-item envira-gallery-item-2 envira-lazy-load\" style=\"padding-left: 1px; padding-bottom: 1px; padding-right: 1px;\"  itemscope itemtype=\"https:\/\/schema.org\/ImageObject\"><div class=\"envira-gallery-item-inner\"><div class=\"envira-gallery-position-overlay  envira-gallery-top-left\"><\/div><div class=\"envira-gallery-position-overlay  envira-gallery-top-right\"><\/div><div class=\"envira-gallery-position-overlay  envira-gallery-bottom-left\"><\/div><div class=\"envira-gallery-position-overlay  envira-gallery-bottom-right\"><\/div><a href=\"https:\/\/misericordiadesanfernando.com\/wp-content\/uploads\/2025\/11\/WhatsApp-Image-2025-11-17-at-19.44.38-2.jpeg\" class=\"envira-gallery-1732 envira-gallery-link\" rel=\"enviragallery1732\" title=\"WhatsApp Image 2025-11-17 at 19.44.38\" data-envira-caption=\"WhatsApp Image 2025-11-17 at 19.44.38\" data-envira-retina=\"\" data-thumbnail=\"\"  itemprop=\"contentUrl\"><img decoding=\"async\" id=\"envira-gallery-image-1733\" class=\"envira-gallery-image envira-gallery-image-2 envira-normal envira-lazy\" data-envira-index=\"2\" src=\"https:\/\/misericordiadesanfernando.com\/wp-content\/uploads\/2025\/11\/WhatsApp-Image-2025-11-17-at-19.44.38-2-1024x596-640x480.jpeg\" data-envira-src=\"https:\/\/misericordiadesanfernando.com\/wp-content\/uploads\/2025\/11\/WhatsApp-Image-2025-11-17-at-19.44.38-2-1024x596-640x480.jpeg\" data-envira-gallery-id=\"1732\" data-envira-item-id=\"1733\" data-envira-caption=\"WhatsApp Image 2025-11-17 at 19.44.38\" alt=\"\" title=\"WhatsApp Image 2025-11-17 at 19.44.38\"  itemprop=\"thumbnailUrl\" data-envira-srcset=\"https:\/\/misericordiadesanfernando.com\/wp-content\/uploads\/2025\/11\/WhatsApp-Image-2025-11-17-at-19.44.38-2-1024x596-640x480.jpeg 400w,https:\/\/misericordiadesanfernando.com\/wp-content\/uploads\/2025\/11\/WhatsApp-Image-2025-11-17-at-19.44.38-2-1024x596-640x480.jpeg 2x\" data-envira-width=\"300\" data-envira-height=\"175\" srcset=\"data:image\/gif;base64,R0lGODlhAQABAIAAAP\/\/\/\/\/\/\/yH5BAEKAAEALAAAAAABAAEAAAICTAEAOw==\" data-safe-src=\"data:image\/gif;base64,R0lGODlhAQABAIAAAP\/\/\/\/\/\/\/yH5BAEKAAEALAAAAAABAAEAAAICTAEAOw==\" \/><\/a><\/div><\/div><\/div><\/div><noscript><img decoding=\"async\" src=\"https:\/\/misericordiadesanfernando.com\/wp-content\/uploads\/2025\/11\/WhatsApp-Image-2025-11-17-at-19.42.48-1.jpeg\" alt=\"\" \/><img decoding=\"async\" src=\"https:\/\/misericordiadesanfernando.com\/wp-content\/uploads\/2025\/11\/WhatsApp-Image-2025-11-17-at-19.44.38-2.jpeg\" alt=\"\" \/><\/noscript><\/div>\n","protected":false},"excerpt":{"rendered":"<p>EL TEMPLO La\u00a0Iglesia de la Divina Pastora fue construida a finales del siglo XVIII por\u00a0Esteban Cr\u00f3quer, siendo una de las m\u00e1s antiguas iglesias de la ciudad. Se encuentra en la&hellip;<\/p>\n","protected":false},"author":2,"featured_media":0,"parent":0,"menu_order":0,"comment_status":"closed","ping_status":"closed","template":"","meta":{"footnotes":""},"class_list":["post-69","page","type-page","status-publish","hentry"],"_links":{"self":[{"href":"https:\/\/misericordiadesanfernando.com\/index.php\/wp-json\/wp\/v2\/pages\/69","targetHints":{"allow":["GET"]}}],"collection":[{"href":"https:\/\/misericordiadesanfernando.com\/index.php\/wp-json\/wp\/v2\/pages"}],"about":[{"href":"https:\/\/misericordiadesanfernando.com\/index.php\/wp-json\/wp\/v2\/types\/page"}],"author":[{"embeddable":true,"href":"https:\/\/misericordiadesanfernando.com\/index.php\/wp-json\/wp\/v2\/users\/2"}],"replies":[{"embeddable":true,"href":"https:\/\/misericordiadesanfernando.com\/index.php\/wp-json\/wp\/v2\/comments?post=69"}],"version-history":[{"count":6,"href":"https:\/\/misericordiadesanfernando.com\/index.php\/wp-json\/wp\/v2\/pages\/69\/revisions"}],"predecessor-version":[{"id":1736,"href":"https:\/\/misericordiadesanfernando.com\/index.php\/wp-json\/wp\/v2\/pages\/69\/revisions\/1736"}],"wp:attachment":[{"href":"https:\/\/misericordiadesanfernando.com\/index.php\/wp-json\/wp\/v2\/media?parent=69"}],"curies":[{"name":"wp","href":"https:\/\/api.w.org\/{rel}","templated":true}]}}