{"id":67,"date":"2025-07-23T13:34:44","date_gmt":"2025-07-23T11:34:44","guid":{"rendered":"http:\/\/localhost\/misericordia\/?page_id=67"},"modified":"2025-11-14T17:54:13","modified_gmt":"2025-11-14T16:54:13","slug":"reglas-y-reglamento","status":"publish","type":"page","link":"https:\/\/misericordiadesanfernando.com\/index.php\/reglas-y-reglamento\/","title":{"rendered":""},"content":{"rendered":"\n<p><\/p>\n\n\n<style>.kb-image67_fb8ccd-5f .kb-image-has-overlay:after{opacity:0.3;}<\/style>\n<div class=\"wp-block-kadence-image kb-image67_fb8ccd-5f\"><figure class=\"aligncenter size-large\"><img loading=\"lazy\" decoding=\"async\" width=\"1024\" height=\"341\" src=\"https:\/\/misericordiadesanfernando.com\/wp-content\/uploads\/2025\/11\/reglas-1024x341.jpeg\" alt=\"\" class=\"kb-img wp-image-1124\" srcset=\"https:\/\/misericordiadesanfernando.com\/wp-content\/uploads\/2025\/11\/reglas-1024x341.jpeg 1024w, https:\/\/misericordiadesanfernando.com\/wp-content\/uploads\/2025\/11\/reglas-300x100.jpeg 300w, https:\/\/misericordiadesanfernando.com\/wp-content\/uploads\/2025\/11\/reglas-768x256.jpeg 768w, https:\/\/misericordiadesanfernando.com\/wp-content\/uploads\/2025\/11\/reglas.jpeg 1500w\" sizes=\"auto, (max-width: 1024px) 100vw, 1024px\" \/><\/figure><\/div>\n\n\n\n<p class=\"has-vivid-cyan-blue-color has-text-color has-link-color wp-elements-560ce274ca0829baea6501e8ce5a46fd\">Presentamos en esta p\u00e1gina, el Libro de Reglas y el Reglamento de R\u00e9gimen Interior de nuestra Hermandad. Este compendio de normas y disposiciones tiene como objetivo principal establecer un marco de convivencia y gu\u00eda para todos aquellos que formamos parte de esta gran familia cofrade de la Misericordia. A lo largo de las p\u00e1ginas de las Reglas, encontrar\u00e9is detalladas todas las directrices que rigen nuestras actividades y compromisos como miembros de la Hermandad. Desde las normas generales de comportamiento, hasta las disposiciones especiales para cada uno de los cargos y responsabilidades. En ellas se han recopilado de manera precisa y clara todo aquello que nos permite mantener vivos nuestros valores y tradiciones. Es importante destacar que estos libros no solo nos ofrecen una estructura y l\u00edmites en nuestras acciones, sino que ser\u00e1n las bases fundamentales para la formaci\u00f3n y el crecimiento espiritual de cada uno de nosotros.\u00a0 Sabemos que vivir seg\u00fan las reglas y normas de una hermandad implica un compromiso personal y colectivo. Por ello, les instamos a leer atentamente cada uno de los apartados y reflexionar sobre su significado y relevancia en nuestras vidas.<\/p>\n\n\n\n<p class=\"has-vivid-cyan-blue-color has-text-color has-link-color wp-elements-2daa0895b76b82b2bd0de1a86230caf7\"><strong>Reglas actuales<\/strong><\/p>\n\n\n\n<p class=\"has-vivid-cyan-blue-color has-text-color has-link-color wp-elements-2f40622ca2487716bcd5d48a36464ccb\">Descarga las actuales Reglas de la Hermandad aprobadas por el Secretariado Diocesano para Hermandades y Cofrad\u00edas en septiembre de 2009<\/p>\n\n\n\n<p class=\"has-vivid-cyan-blue-color has-text-color has-link-color wp-elements-63e48e323efbec5881fa985830557b16\"><strong>(*) <\/strong>Se adjunta el decreto de modificaci\u00f3n de las normas diocesanas llevado a cabo en el a\u00f1o 2019.<\/p>\n\n\n\n<p class=\"has-vivid-cyan-blue-color has-text-color has-link-color wp-elements-0fbc6d0cc990c476af4fccb2b492af18\"><strong>Reglamento de R\u00e9gimen Interior<\/strong><\/p>\n\n\n\n<p class=\"has-vivid-cyan-blue-color has-text-color has-link-color wp-elements-313e25dc041d8736679b9d11a7d085f1\">Descarga el Reglamento actual de r\u00e9gimen interior de la Hermandad aprobado por el Cabildo General Extraordinario de fecha 25 de enero de 2008.<\/p>\n\n\n\n<p><\/p>\n\n\n\n<p class=\"has-vivid-cyan-blue-color has-text-color has-link-color wp-elements-bba9c0b77147c877f1ecdd0d015ed052\">R\u00e9gimen Interno:<\/p>\n\n\n\n<div data-wp-interactive=\"core\/file\" class=\"wp-block-file\"><object data-wp-bind--hidden=\"!state.hasPdfPreview\" hidden class=\"wp-block-file__embed\" data=\"https:\/\/misericordiadesanfernando.com\/wp-content\/uploads\/2025\/11\/1-REGIMEN-INTERNO-pdf.pdf\" type=\"application\/pdf\" style=\"width:100%;height:600px\" aria-label=\"Incrustado de 1 R\u00c9GIMEN INTERNO - pdf.\"><\/object><a id=\"wp-block-file--media-5d84381a-55c4-457b-a02a-87f51847412b\" href=\"https:\/\/misericordiadesanfernando.com\/wp-content\/uploads\/2025\/11\/1-REGIMEN-INTERNO-pdf.pdf\">1 R\u00c9GIMEN INTERNO &#8211; pdf<\/a><a href=\"https:\/\/misericordiadesanfernando.com\/wp-content\/uploads\/2025\/11\/1-REGIMEN-INTERNO-pdf.pdf\" class=\"wp-block-file__button wp-element-button\" download aria-describedby=\"wp-block-file--media-5d84381a-55c4-457b-a02a-87f51847412b\">Descarga<\/a><\/div>\n\n\n\n<p class=\"has-vivid-cyan-blue-color has-text-color has-link-color wp-elements-aed32df9134679b72d55cf221b7a8fe0\">Estatutos:<\/p>\n\n\n\n<div data-wp-interactive=\"core\/file\" class=\"wp-block-file\"><object data-wp-bind--hidden=\"!state.hasPdfPreview\" hidden class=\"wp-block-file__embed\" data=\"https:\/\/misericordiadesanfernando.com\/wp-content\/uploads\/2025\/11\/2-ESTATUTOS.pdf\" type=\"application\/pdf\" style=\"width:100%;height:600px\" aria-label=\"Incrustado de 2 ESTATUTOS.\"><\/object><a id=\"wp-block-file--media-42ad783e-4415-4c73-9b23-737e65ace01e\" href=\"https:\/\/misericordiadesanfernando.com\/wp-content\/uploads\/2025\/11\/2-ESTATUTOS.pdf\">2 ESTATUTOS<\/a><a href=\"https:\/\/misericordiadesanfernando.com\/wp-content\/uploads\/2025\/11\/2-ESTATUTOS.pdf\" class=\"wp-block-file__button wp-element-button\" download aria-describedby=\"wp-block-file--media-42ad783e-4415-4c73-9b23-737e65ace01e\">Descarga<\/a><\/div>\n\n\n\n<p class=\"has-vivid-cyan-blue-color has-text-color has-link-color wp-elements-50ce8614d5e8094063b0566ba1e090bc\">Decreto modificaci\u00f3n normas diocesanas de Hermandades y Cofrad\u00edas:<\/p>\n\n\n\n<div data-wp-interactive=\"core\/file\" class=\"wp-block-file\"><object data-wp-bind--hidden=\"!state.hasPdfPreview\" hidden class=\"wp-block-file__embed\" data=\"https:\/\/misericordiadesanfernando.com\/wp-content\/uploads\/2025\/11\/2019-Decreto-modificacion-normas-diocesanas-Hermandades-y-Cofradias.pdf\" type=\"application\/pdf\" style=\"width:100%;height:600px\" aria-label=\"Incrustado de 2019-Decreto-modificacion-normas-diocesanas-Hermandades-y-Cofradias.\"><\/object><a id=\"wp-block-file--media-d326669f-1698-4a0c-b2fc-d79e0c792e19\" href=\"https:\/\/misericordiadesanfernando.com\/wp-content\/uploads\/2025\/11\/2019-Decreto-modificacion-normas-diocesanas-Hermandades-y-Cofradias.pdf\">2019-Decreto-modificacion-normas-diocesanas-Hermandades-y-Cofradias<\/a><a href=\"https:\/\/misericordiadesanfernando.com\/wp-content\/uploads\/2025\/11\/2019-Decreto-modificacion-normas-diocesanas-Hermandades-y-Cofradias.pdf\" class=\"wp-block-file__button wp-element-button\" download aria-describedby=\"wp-block-file--media-d326669f-1698-4a0c-b2fc-d79e0c792e19\">Descarga<\/a><\/div>\n","protected":false},"excerpt":{"rendered":"<p>Presentamos en esta p\u00e1gina, el Libro de Reglas y el Reglamento de R\u00e9gimen Interior de nuestra Hermandad. Este compendio de normas y disposiciones tiene como objetivo principal establecer un marco&hellip;<\/p>\n","protected":false},"author":2,"featured_media":0,"parent":0,"menu_order":0,"comment_status":"closed","ping_status":"closed","template":"","meta":{"footnotes":""},"class_list":["post-67","page","type-page","status-publish","hentry"],"_links":{"self":[{"href":"https:\/\/misericordiadesanfernando.com\/index.php\/wp-json\/wp\/v2\/pages\/67","targetHints":{"allow":["GET"]}}],"collection":[{"href":"https:\/\/misericordiadesanfernando.com\/index.php\/wp-json\/wp\/v2\/pages"}],"about":[{"href":"https:\/\/misericordiadesanfernando.com\/index.php\/wp-json\/wp\/v2\/types\/page"}],"author":[{"embeddable":true,"href":"https:\/\/misericordiadesanfernando.com\/index.php\/wp-json\/wp\/v2\/users\/2"}],"replies":[{"embeddable":true,"href":"https:\/\/misericordiadesanfernando.com\/index.php\/wp-json\/wp\/v2\/comments?post=67"}],"version-history":[{"count":10,"href":"https:\/\/misericordiadesanfernando.com\/index.php\/wp-json\/wp\/v2\/pages\/67\/revisions"}],"predecessor-version":[{"id":1129,"href":"https:\/\/misericordiadesanfernando.com\/index.php\/wp-json\/wp\/v2\/pages\/67\/revisions\/1129"}],"wp:attachment":[{"href":"https:\/\/misericordiadesanfernando.com\/index.php\/wp-json\/wp\/v2\/media?parent=67"}],"curies":[{"name":"wp","href":"https:\/\/api.w.org\/{rel}","templated":true}]}}