{"id":65,"date":"2025-07-23T13:34:32","date_gmt":"2025-07-23T11:34:32","guid":{"rendered":"http:\/\/localhost\/misericordia\/?page_id=65"},"modified":"2025-11-17T19:40:46","modified_gmt":"2025-11-17T18:40:46","slug":"junta-de-gobierno","status":"publish","type":"page","link":"https:\/\/misericordiadesanfernando.com\/index.php\/junta-de-gobierno\/","title":{"rendered":""},"content":{"rendered":"\n<p><\/p>\n\n\n<style>.kb-image65_0bc041-55 .kb-image-has-overlay:after{opacity:0.3;}<\/style>\n<div class=\"wp-block-kadence-image kb-image65_0bc041-55\"><figure class=\"aligncenter size-large\"><img loading=\"lazy\" decoding=\"async\" width=\"1024\" height=\"341\" src=\"https:\/\/misericordiadesanfernando.com\/wp-content\/uploads\/2025\/11\/junta-de-gobierno-1024x341.jpeg\" alt=\"\" class=\"kb-img wp-image-1104\" srcset=\"https:\/\/misericordiadesanfernando.com\/wp-content\/uploads\/2025\/11\/junta-de-gobierno-1024x341.jpeg 1024w, https:\/\/misericordiadesanfernando.com\/wp-content\/uploads\/2025\/11\/junta-de-gobierno-300x100.jpeg 300w, https:\/\/misericordiadesanfernando.com\/wp-content\/uploads\/2025\/11\/junta-de-gobierno-768x256.jpeg 768w, https:\/\/misericordiadesanfernando.com\/wp-content\/uploads\/2025\/11\/junta-de-gobierno.jpeg 1500w\" sizes=\"auto, (max-width: 1024px) 100vw, 1024px\" \/><\/figure><\/div>\n\n\n\n<p class=\"has-theme-palette-1-color has-text-color has-link-color wp-elements-37c552f01ea859e161ba13041dd96439\">Tras el acto de Toma de Posesi\u00f3n y la primera sesi\u00f3n de Junta de Oficiales llevada a cabo en la jornada del domingo 6 de agosto de 2023, la Junta de Gobierno qued\u00f3 conformada de la siguiente manera.<\/p>\n\n\n\n<p class=\"has-theme-palette-1-color has-text-color has-link-color wp-elements-cfac5de0319b653ca2e3d2a9b014c7a1\"><strong>Hno. Mayor:<\/strong>&nbsp;D. Manuel \u00c1ngel G\u00f3mez Arag\u00f3n<\/p>\n\n\n\n<p><strong>Vice-Hno. Mayor:<\/strong>&nbsp;D. Enrique V\u00e1zquez Tejera<\/p>\n\n\n\n<p><strong>Secretaria:<\/strong>&nbsp;D\u00f1a. Mar\u00eda Mercedes Aguilar Mac\u00edas<\/p>\n\n\n\n<p><strong>Fiscal:<\/strong>&nbsp;D\u00f1a. Bego\u00f1a L\u00f3pez Moreno<\/p>\n\n\n\n<p class=\"has-theme-palette-1-color has-text-color has-link-color wp-elements-8e1c04e2b7fa8267bbb227afef95e5dd\"><strong>Mayordomo:<\/strong>&nbsp;D. Miguel \u00c1ngel Pav\u00f3n Garrido<\/p>\n\n\n\n<p class=\"has-theme-palette-1-color has-text-color has-link-color wp-elements-e7c9c5580d94afda5a6338cd75cc974b\"><strong>Mayordomo Segundo:&nbsp;<\/strong>D. Manuel Jes\u00fas Garc\u00eda Almarcha<strong><\/strong><\/p>\n\n\n\n<p class=\"has-theme-palette-1-color has-text-color has-link-color wp-elements-473d9c9438fcd853a3cf9457522e006e\"><strong>Tesorero:<\/strong>&nbsp;D. Agust\u00edn Lobato Guerrero<\/p>\n\n\n\n<p class=\"has-theme-palette-1-color has-text-color has-link-color wp-elements-0f9323894175a9a97c25c98d97f928d0\"><strong>Tesorero Segundo:&nbsp;<\/strong>D. Jes\u00fas Fern\u00e1ndez Aranda<\/p>\n\n\n\n<p class=\"has-theme-palette-1-color has-text-color has-link-color wp-elements-42d8340f689fe94e8c181c3b29bdb110\"><strong>Vocal de Formaci\u00f3n:<\/strong>&nbsp;D\u00f1a. Ana Forero Gordillo<\/p>\n\n\n\n<p class=\"has-theme-palette-1-color has-text-color has-link-color wp-elements-6eeb6f2413eb24ec622133084f3b4ed3\"><strong>Vocal de Caridad:<\/strong>&nbsp;D. Jos\u00e9 Manuel D\u00edaz Guerrero<\/p>\n\n\n\n<p class=\"has-theme-palette-1-color has-text-color has-link-color wp-elements-2fd18f2b93dbeba7d3e5a866d46faebe\"><strong>Vocal de Juventud:<\/strong>&nbsp;D\u00f1a. Mar\u00eda del Carmen G\u00f3mez Ortega<\/p>\n\n\n\n<p class=\"has-theme-palette-1-color has-text-color has-link-color wp-elements-a9c9d3b9139ed3ea77e8006ebf5a0845\"><strong>Camarista:<\/strong>&nbsp;D\u00f1a. Mar\u00eda del Carmen Prieto Pagnas<\/p>\n\n\n\n<p class=\"has-theme-palette-1-color has-text-color has-link-color wp-elements-046abc110692b0bc8a6fc4a0bd6dbccd\"><strong>Vocal Cultos y Liturgia:<\/strong>&nbsp;D.&nbsp;Rafael Cepero Su\u00e1rez<\/p>\n\n\n\n<p class=\"has-theme-palette-1-color has-text-color has-link-color wp-elements-b7dd3245fc38d73b9392ccee8ce9b9bc\"><strong>Vocal adjunto a Mayordom\u00eda:<\/strong>&nbsp;D.&nbsp;Francisco Gonz\u00e1lez Iglesias<\/p>\n\n\n\n<p class=\"has-theme-palette-1-color has-text-color has-link-color wp-elements-f794aaa0d91e0571e2f182e46f24dada\"><strong>Vocal adjunto&nbsp;a Mayordom\u00eda:<\/strong>&nbsp;D.&nbsp;Daniel Romero Collantes<\/p>\n\n\n\n<p class=\"has-theme-palette-1-color has-text-color has-link-color wp-elements-3a6adf3d012165f7482b97745faa3c6f\">As\u00ed mismo,la Junta de Gobierno designo a los siguientes hermanos y colaboradores como cargos de confianza de la misma:<\/p>\n\n\n\n<p class=\"has-theme-palette-1-color has-text-color has-link-color wp-elements-3f90e708b58a451904be2e389bc02e6d\"><strong>Vestidor del Se\u00f1or de la Misericordia:<\/strong>&nbsp;D. Jes\u00fas D\u00edaz \u2013 Noriega Rold\u00e1n<\/p>\n\n\n\n<p class=\"has-theme-palette-1-color has-text-color has-link-color wp-elements-52900a5ed5cf7a902c9908c41f0179bf\"><strong>Vestidor de la Virgen de la Piedad:<\/strong>&nbsp;D. Jes\u00fas Savona Le\u00f3n<\/p>\n\n\n\n<p class=\"has-theme-palette-1-color has-text-color has-link-color wp-elements-dcb89253978d41a864d5a8bb74a41bb0\"><strong>Vestidor de las Im\u00e1genes Secundarias:<\/strong>&nbsp;D. Jes\u00fas Savona Le\u00f3n<\/p>\n\n\n\n<p class=\"has-theme-palette-1-color has-text-color has-link-color wp-elements-a9c9d3b9139ed3ea77e8006ebf5a0845\"><strong>Camarista:<\/strong>&nbsp;D\u00f1a. Mar\u00eda del Carmen Prieto Pagnas<\/p>\n\n\n\n<p class=\"has-theme-palette-1-color has-text-color has-link-color wp-elements-46e09f464b2c658620ce0ae2862c4084\"><strong>Ayudante de Camarista:<\/strong>&nbsp;D\u00f1a. Mar\u00eda del Carmen Rodr\u00edguez Pav\u00f3n<\/p>\n\n\n\n<p class=\"has-theme-palette-1-color has-text-color has-link-color wp-elements-c6f036fd34e6b95ed059790f62537c90\"><strong>Asesor Art\u00edstico:<\/strong>&nbsp;D. Jes\u00fas Savona Le\u00f3n<\/p>\n\n\n\n<p class=\"has-theme-palette-1-color has-text-color has-link-color wp-elements-956b020bd52bac02a3db0463d4fe168c\"><strong>Capiller:&nbsp;<\/strong>D. Jes\u00fas D\u00edaz \u2013 Noriega Rold\u00e1n<\/p>\n\n\n\n<p class=\"has-theme-palette-1-color has-text-color has-link-color wp-elements-89d6bf416b3919ae5fc116f72617b020\"><strong>Florista de los pasos procesionales:<\/strong>&nbsp;D. Jos\u00e9 Carlos Hern\u00e1ndez Ruiz<\/p>\n\n\n\n<p class=\"has-theme-palette-1-color has-text-color has-link-color wp-elements-e12ce3c7f8e02f2597c38ab8181187c2\"><strong>Lector y liturgia:<\/strong>&nbsp;D. Antonio Moreno Olmedo<\/p>\n\n\n\n<p class=\"has-theme-palette-1-color has-text-color has-link-color wp-elements-51985b976bd324ff66d1f90de5641001\"><strong>Jefe de Procesi\u00f3n:<\/strong>&nbsp;D. Jes\u00fas Benjumeda Ja\u00e9n<\/p>\n\n\n\n<p class=\"has-theme-palette-1-color has-text-color has-link-color wp-elements-3918e70872a2c7e0b9b016793f311d39\"><strong>Ayudantes:<\/strong>\u00a0  D. \u00c1lvaro Mendiz\u00e1bal-Rodr\u00edguez L\u00f3pez<\/p>\n\n\n\n<p class=\"has-theme-palette-1-color has-text-color has-link-color wp-elements-f67e12f16c878c21011ba01f50bbaeab\"><strong>\u00a0\u00a0\u00a0\u00a0\u00a0\u00a0\u00a0\u00a0\u00a0\u00a0\u00a0\u00a0\u00a0\u00a0\u00a0\u00a0\u00a0\u00a0\u00a0\u00a0 <\/strong>D. Baldomero Rodr\u00edguez M\u00e9ndez<\/p>\n\n\n\n<p class=\"has-theme-palette-1-color has-text-color has-link-color wp-elements-11d1e4af85e58d10cc0ee69d3dd058ec\">\u00a0\u00a0\u00a0\u00a0\u00a0\u00a0\u00a0\u00a0\u00a0\u00a0\u00a0\u00a0\u00a0\u00a0\u00a0 \u00a0\u00a0\u00a0\u00a0\u00a0D. Jos\u00e9 Luis S\u00e1nchez Mellado<\/p>\n\n\n\n<p class=\"has-theme-palette-1-color has-text-color has-link-color wp-elements-fb5fd696e8710a3478c09abc78f6276a\">\u00a0\u00a0\u00a0\u00a0\u00a0\u00a0\u00a0\u00a0\u00a0\u00a0\u00a0\u00a0\u00a0\u00a0\u00a0\u00a0\u00a0\u00a0\u00a0\u00a0 D. Jos\u00e9 Manuel Morales Arroyo<\/p>\n\n\n\n<p class=\"has-theme-palette-1-color has-text-color has-link-color wp-elements-ea07b0a9b1a53c30ecff0311e4a320f6\"><strong>Diputado de Bandas:<\/strong> D. Manuel Jes\u00fas Garc\u00eda Almarcha<\/p>\n\n\n<style>.kb-image65_59f704-65 .kb-image-has-overlay:after{opacity:0.3;}<\/style>\n<div class=\"wp-block-kadence-image kb-image65_59f704-65\"><figure class=\"aligncenter size-large\"><img loading=\"lazy\" decoding=\"async\" width=\"1024\" height=\"685\" src=\"https:\/\/misericordiadesanfernando.com\/wp-content\/uploads\/2025\/11\/WhatsApp-Image-2025-11-17-at-19.39.43-1024x685.jpeg\" alt=\"\" class=\"kb-img wp-image-1723\" srcset=\"https:\/\/misericordiadesanfernando.com\/wp-content\/uploads\/2025\/11\/WhatsApp-Image-2025-11-17-at-19.39.43-1024x685.jpeg 1024w, https:\/\/misericordiadesanfernando.com\/wp-content\/uploads\/2025\/11\/WhatsApp-Image-2025-11-17-at-19.39.43-300x201.jpeg 300w, https:\/\/misericordiadesanfernando.com\/wp-content\/uploads\/2025\/11\/WhatsApp-Image-2025-11-17-at-19.39.43-768x514.jpeg 768w, https:\/\/misericordiadesanfernando.com\/wp-content\/uploads\/2025\/11\/WhatsApp-Image-2025-11-17-at-19.39.43-1536x1028.jpeg 1536w, https:\/\/misericordiadesanfernando.com\/wp-content\/uploads\/2025\/11\/WhatsApp-Image-2025-11-17-at-19.39.43-150x100.jpeg 150w, https:\/\/misericordiadesanfernando.com\/wp-content\/uploads\/2025\/11\/WhatsApp-Image-2025-11-17-at-19.39.43.jpeg 1600w\" sizes=\"auto, (max-width: 1024px) 100vw, 1024px\" \/><\/figure><\/div>\n","protected":false},"excerpt":{"rendered":"<p>Tras el acto de Toma de Posesi\u00f3n y la primera sesi\u00f3n de Junta de Oficiales llevada a cabo en la jornada del domingo 6 de agosto de 2023, la Junta&hellip;<\/p>\n","protected":false},"author":2,"featured_media":0,"parent":0,"menu_order":0,"comment_status":"closed","ping_status":"closed","template":"","meta":{"footnotes":""},"class_list":["post-65","page","type-page","status-publish","hentry"],"_links":{"self":[{"href":"https:\/\/misericordiadesanfernando.com\/index.php\/wp-json\/wp\/v2\/pages\/65","targetHints":{"allow":["GET"]}}],"collection":[{"href":"https:\/\/misericordiadesanfernando.com\/index.php\/wp-json\/wp\/v2\/pages"}],"about":[{"href":"https:\/\/misericordiadesanfernando.com\/index.php\/wp-json\/wp\/v2\/types\/page"}],"author":[{"embeddable":true,"href":"https:\/\/misericordiadesanfernando.com\/index.php\/wp-json\/wp\/v2\/users\/2"}],"replies":[{"embeddable":true,"href":"https:\/\/misericordiadesanfernando.com\/index.php\/wp-json\/wp\/v2\/comments?post=65"}],"version-history":[{"count":8,"href":"https:\/\/misericordiadesanfernando.com\/index.php\/wp-json\/wp\/v2\/pages\/65\/revisions"}],"predecessor-version":[{"id":1724,"href":"https:\/\/misericordiadesanfernando.com\/index.php\/wp-json\/wp\/v2\/pages\/65\/revisions\/1724"}],"wp:attachment":[{"href":"https:\/\/misericordiadesanfernando.com\/index.php\/wp-json\/wp\/v2\/media?parent=65"}],"curies":[{"name":"wp","href":"https:\/\/api.w.org\/{rel}","templated":true}]}}