{"id":63,"date":"2025-07-23T13:34:22","date_gmt":"2025-07-23T11:34:22","guid":{"rendered":"http:\/\/localhost\/misericordia\/?page_id=63"},"modified":"2025-11-17T19:40:53","modified_gmt":"2025-11-17T18:40:53","slug":"saluda-hermano-mayor","status":"publish","type":"page","link":"https:\/\/misericordiadesanfernando.com\/index.php\/saluda-hermano-mayor\/","title":{"rendered":""},"content":{"rendered":"\n<p><\/p>\n\n\n<style>.kb-image63_10d2d7-85 .kb-image-has-overlay:after{opacity:0.3;}<\/style>\n<div class=\"wp-block-kadence-image kb-image63_10d2d7-85\"><figure class=\"aligncenter size-large\"><img loading=\"lazy\" decoding=\"async\" width=\"1024\" height=\"341\" src=\"https:\/\/misericordiadesanfernando.com\/wp-content\/uploads\/2025\/11\/hermano-mayor-1024x341.jpeg\" alt=\"\" class=\"kb-img wp-image-1100\" srcset=\"https:\/\/misericordiadesanfernando.com\/wp-content\/uploads\/2025\/11\/hermano-mayor-1024x341.jpeg 1024w, https:\/\/misericordiadesanfernando.com\/wp-content\/uploads\/2025\/11\/hermano-mayor-300x100.jpeg 300w, https:\/\/misericordiadesanfernando.com\/wp-content\/uploads\/2025\/11\/hermano-mayor-768x256.jpeg 768w, https:\/\/misericordiadesanfernando.com\/wp-content\/uploads\/2025\/11\/hermano-mayor.jpeg 1500w\" sizes=\"auto, (max-width: 1024px) 100vw, 1024px\" \/><\/figure><\/div>\n\n\n\n<p class=\"has-vivid-cyan-blue-color has-text-color has-link-color wp-elements-a8ca5b2ee3498d015708e0e2c473f00e\">Queridos hermanos y devotos, reciban desde estas l\u00edneas la bienvenida a la p\u00e1gina oficial de la Hermandad Sacramental y Carmelitana de la Misericordia de San Fernando. Una nueva web que ponemos a vuestros servicios y que viene a complementar a las redes sociales y al bolet\u00edn anual como medio de comunicaci\u00f3n.<\/p>\n\n\n\n<p class=\"has-vivid-cyan-blue-color has-text-color has-link-color wp-elements-06bd057bbfae4767a5446799c3dd807c\">Con esta herramienta, entre otras cosas, queremos tener presente la labor que esta corporaci\u00f3n ha venido realizando a lo largo de su dilatada historia, mostrar su patrimonio art\u00edstico, dar a conocer las funciones que desarrollan las distintas diputaciones en la que estamos organizados, facilitar la comunicaci\u00f3n con los distintos cargos de la Junta de Gobierno, servir de suplemento a nuestras activas redes sociales anclando ciertas noticias o documentos como los boletines trimestrales, o publicar nuestra agenda y calendario de cultos.<\/p>\n\n\n\n<p class=\"has-vivid-cyan-blue-color has-text-color has-link-color wp-elements-d094e4142963adb8e9bcaa85b132f4ed\">Seguimos, de esta forma, cumpliendo lo programado en verano de 2023 en el proyecto de la candidatura que hoy gobierna a nuestra Hermandad, adapt\u00e1ndonos a la denominada era digital en la que estamos inmersos y proyectando nuestra hermandad a cualquier persona que quiera conocer a nuestros Titulares, nuestros fines o nuestra forma de trabajar para dar testimonio de nuestra Fe y engrandecer el culto y el amor a nuestros Sagrados Titulares.<\/p>\n\n\n\n<p class=\"has-vivid-cyan-blue-color has-text-color has-link-color wp-elements-cba2e7075451a0e59e7d29796ebc8c81\">Agradeciendo a los hermanos que han ideado y ejecutado este proyecto y esperando que se use para cubrir las demandas e intereses que surjan o mejorar las posibles gestiones a realizar, desearos que os sea \u00fatil y os sirva de motivaci\u00f3n para acercaros a nuestra Hermandad y visitarnos en nuestra casa donde siempre ser\u00e9is bien recibidos.<\/p>\n\n\n\n<p class=\"has-vivid-cyan-blue-color has-text-color has-link-color wp-elements-deec865aac247e96b95ca8e9df904e12\">Un cordial abrazo en Cristo y Mar\u00eda.<\/p>\n\n\n\n<p class=\"has-text-align-left has-vivid-cyan-blue-color has-text-color has-link-color wp-elements-1eb989b40d2ff03215aa6cf8d1ad6601\"><strong><em>Manuel A. G\u00f3mez Arag\u00f3n <\/em><\/strong><\/p>\n\n\n\n<p><\/p>\n\n\n<style>.kb-image63_f4668b-df .kb-image-has-overlay:after{opacity:0.3;}<\/style>\n<div class=\"wp-block-kadence-image kb-image63_f4668b-df\"><figure class=\"aligncenter size-large\"><img loading=\"lazy\" decoding=\"async\" width=\"1024\" height=\"685\" src=\"https:\/\/misericordiadesanfernando.com\/wp-content\/uploads\/2025\/11\/WhatsApp-Image-2025-11-17-at-19.36.21-1024x685.jpeg\" alt=\"\" class=\"kb-img wp-image-1716\" srcset=\"https:\/\/misericordiadesanfernando.com\/wp-content\/uploads\/2025\/11\/WhatsApp-Image-2025-11-17-at-19.36.21-1024x685.jpeg 1024w, https:\/\/misericordiadesanfernando.com\/wp-content\/uploads\/2025\/11\/WhatsApp-Image-2025-11-17-at-19.36.21-300x201.jpeg 300w, https:\/\/misericordiadesanfernando.com\/wp-content\/uploads\/2025\/11\/WhatsApp-Image-2025-11-17-at-19.36.21-768x514.jpeg 768w, https:\/\/misericordiadesanfernando.com\/wp-content\/uploads\/2025\/11\/WhatsApp-Image-2025-11-17-at-19.36.21-1536x1028.jpeg 1536w, https:\/\/misericordiadesanfernando.com\/wp-content\/uploads\/2025\/11\/WhatsApp-Image-2025-11-17-at-19.36.21-150x100.jpeg 150w, https:\/\/misericordiadesanfernando.com\/wp-content\/uploads\/2025\/11\/WhatsApp-Image-2025-11-17-at-19.36.21.jpeg 1600w\" sizes=\"auto, (max-width: 1024px) 100vw, 1024px\" \/><\/figure><\/div>\n","protected":false},"excerpt":{"rendered":"<p>Queridos hermanos y devotos, reciban desde estas l\u00edneas la bienvenida a la p\u00e1gina oficial de la Hermandad Sacramental y Carmelitana de la Misericordia de San Fernando. Una nueva web que&hellip;<\/p>\n","protected":false},"author":2,"featured_media":0,"parent":0,"menu_order":0,"comment_status":"closed","ping_status":"closed","template":"","meta":{"footnotes":""},"class_list":["post-63","page","type-page","status-publish","hentry"],"_links":{"self":[{"href":"https:\/\/misericordiadesanfernando.com\/index.php\/wp-json\/wp\/v2\/pages\/63","targetHints":{"allow":["GET"]}}],"collection":[{"href":"https:\/\/misericordiadesanfernando.com\/index.php\/wp-json\/wp\/v2\/pages"}],"about":[{"href":"https:\/\/misericordiadesanfernando.com\/index.php\/wp-json\/wp\/v2\/types\/page"}],"author":[{"embeddable":true,"href":"https:\/\/misericordiadesanfernando.com\/index.php\/wp-json\/wp\/v2\/users\/2"}],"replies":[{"embeddable":true,"href":"https:\/\/misericordiadesanfernando.com\/index.php\/wp-json\/wp\/v2\/comments?post=63"}],"version-history":[{"count":7,"href":"https:\/\/misericordiadesanfernando.com\/index.php\/wp-json\/wp\/v2\/pages\/63\/revisions"}],"predecessor-version":[{"id":1720,"href":"https:\/\/misericordiadesanfernando.com\/index.php\/wp-json\/wp\/v2\/pages\/63\/revisions\/1720"}],"wp:attachment":[{"href":"https:\/\/misericordiadesanfernando.com\/index.php\/wp-json\/wp\/v2\/media?parent=63"}],"curies":[{"name":"wp","href":"https:\/\/api.w.org\/{rel}","templated":true}]}}