{"id":61,"date":"2025-07-23T13:33:24","date_gmt":"2025-07-23T11:33:24","guid":{"rendered":"http:\/\/localhost\/misericordia\/?page_id=61"},"modified":"2025-11-17T19:35:31","modified_gmt":"2025-11-17T18:35:31","slug":"director-espiritual","status":"publish","type":"page","link":"https:\/\/misericordiadesanfernando.com\/index.php\/director-espiritual\/","title":{"rendered":""},"content":{"rendered":"\n<p><\/p>\n\n\n<style>.kb-image61_7d1657-c8 .kb-image-has-overlay:after{opacity:0.3;}<\/style>\n<div class=\"wp-block-kadence-image kb-image61_7d1657-c8\"><figure class=\"aligncenter size-large\"><img loading=\"lazy\" decoding=\"async\" width=\"1024\" height=\"341\" src=\"https:\/\/misericordiadesanfernando.com\/wp-content\/uploads\/2025\/11\/Director-Espiritual-1024x341.jpeg\" alt=\"\" class=\"kb-img wp-image-1092\" srcset=\"https:\/\/misericordiadesanfernando.com\/wp-content\/uploads\/2025\/11\/Director-Espiritual-1024x341.jpeg 1024w, https:\/\/misericordiadesanfernando.com\/wp-content\/uploads\/2025\/11\/Director-Espiritual-300x100.jpeg 300w, https:\/\/misericordiadesanfernando.com\/wp-content\/uploads\/2025\/11\/Director-Espiritual-768x256.jpeg 768w, https:\/\/misericordiadesanfernando.com\/wp-content\/uploads\/2025\/11\/Director-Espiritual.jpeg 1500w\" sizes=\"auto, (max-width: 1024px) 100vw, 1024px\" \/><\/figure><\/div>\n\n\n\n<p class=\"has-vivid-cyan-blue-color has-text-color has-link-color has-medium-font-size wp-elements-ca4704cde4eb73374bfc06db06f2fd2d\"><strong>SALUDA DEL DIRECTOR ESPIRITUAL<\/strong><\/p>\n\n\n\n<p class=\"has-vivid-cyan-blue-color has-text-color has-link-color wp-elements-7cf54955a39be897e95545a16bcc4ae2\">Como Director Espiritual y P\u00e1rroco de la Divina Pastora, saludo a todos los que visit\u00e1is esta p\u00e1gina de la Hermandad Sacramental y Carmelitana de la Misericordia.<\/p>\n\n\n\n<p class=\"has-vivid-cyan-blue-color has-text-color has-link-color wp-elements-b1be84184f37033c0cd8bdf30c1e8e18\">Son muchas las ocasiones en las que nos acercamos a la Parroquia para rezar a nuestros queridos titulares.<\/p>\n\n\n\n<p class=\"has-vivid-cyan-blue-color has-text-color has-link-color wp-elements-45a6cc9afe08e59744337197a206ed8d\">Como bien sab\u00e9is, esta hermandad tiene como primer titular al Sant\u00edsimo Sacramento. La Eucarist\u00eda es la fuente y el culmen de la vida cristiana, como la llama el Concilio Vaticano II.<\/p>\n\n\n\n<p class=\"has-vivid-cyan-blue-color has-text-color has-link-color wp-elements-b84f66388b98cdd1e28a3e901dbb88bb\">Cada curso cofrade, se inicia y se concluye en nuestra hermandad con la celebraci\u00f3n de la Eucarist\u00eda; el primer culto solemne en la Octava del Corpus es el triduo al Sant\u00edsimo y cada primer vienes de mes, desde hace m\u00e1s de cincuenta a\u00f1os, celebramos tambi\u00e9n cultos en su honor.<\/p>\n\n\n\n<p class=\"has-vivid-cyan-blue-color has-text-color has-link-color wp-elements-2bbda5d33cb1646d83846e383c75f667\">Para mantener viva la fe cristiana necesitamos participar en la Eucarist\u00eda. En ella, como nos dice el Concilio, encontramos las dos mesas que nos alimentan en nuestro caminar Cristiano: la Mesa de la Palabra y la Mesa del Cuerpo y la Sangre del Se\u00f1or.<\/p>\n\n\n\n<p class=\"has-vivid-cyan-blue-color has-text-color has-link-color wp-elements-349fbe7b9d6e67affc8a43600677020d\">Cuando venimos a visitar a nuestros Titulares, no olvidemos que en el Sagrario est\u00e1 realmente presente el Se\u00f1or con su Cuerpo, Sangre, Alma y Divinidad. Oremos ante \u00c9l y d\u00e9mosle gracias porque se ha quedado con nosotros para ser nuestro alimento y nuestra fuerza.<\/p>\n\n\n\n<p class=\"has-vivid-cyan-blue-color has-text-color has-link-color has-medium-font-size wp-elements-38a26d1e6bc15fa84b934d93162861e6\"><em><strong>Luis Palomino Mill\u00e1n. Pb.<\/strong><\/em><\/p>\n\n\n<style>.kb-image61_82a880-c7.kb-image-is-ratio-size, .kb-image61_82a880-c7 .kb-image-is-ratio-size{max-width:702px;width:100%;}.wp-block-kadence-column > .kt-inside-inner-col > .kb-image61_82a880-c7.kb-image-is-ratio-size, .wp-block-kadence-column > .kt-inside-inner-col > .kb-image61_82a880-c7 .kb-image-is-ratio-size{align-self:unset;}.kb-image61_82a880-c7 figure{max-width:702px;}.kb-image61_82a880-c7 .image-is-svg, .kb-image61_82a880-c7 .image-is-svg img{width:100%;}.kb-image61_82a880-c7 .kb-image-has-overlay:after{opacity:0.3;}<\/style>\n<div class=\"wp-block-kadence-image kb-image61_82a880-c7\"><figure class=\"aligncenter size-large\"><img loading=\"lazy\" decoding=\"async\" width=\"1024\" height=\"773\" src=\"https:\/\/misericordiadesanfernando.com\/wp-content\/uploads\/2025\/11\/PONER-SI-O-SI-acompanando-al-articulo-1024x773.jpg\" alt=\"\" class=\"kb-img wp-image-448\" srcset=\"https:\/\/misericordiadesanfernando.com\/wp-content\/uploads\/2025\/11\/PONER-SI-O-SI-acompanando-al-articulo-1024x773.jpg 1024w, https:\/\/misericordiadesanfernando.com\/wp-content\/uploads\/2025\/11\/PONER-SI-O-SI-acompanando-al-articulo-300x227.jpg 300w, https:\/\/misericordiadesanfernando.com\/wp-content\/uploads\/2025\/11\/PONER-SI-O-SI-acompanando-al-articulo-768x580.jpg 768w, https:\/\/misericordiadesanfernando.com\/wp-content\/uploads\/2025\/11\/PONER-SI-O-SI-acompanando-al-articulo-1536x1160.jpg 1536w, https:\/\/misericordiadesanfernando.com\/wp-content\/uploads\/2025\/11\/PONER-SI-O-SI-acompanando-al-articulo-2048x1547.jpg 2048w\" sizes=\"auto, (max-width: 1024px) 100vw, 1024px\" \/><\/figure><\/div>\n","protected":false},"excerpt":{"rendered":"<p>SALUDA DEL DIRECTOR ESPIRITUAL Como Director Espiritual y P\u00e1rroco de la Divina Pastora, saludo a todos los que visit\u00e1is esta p\u00e1gina de la Hermandad Sacramental y Carmelitana de la Misericordia.&hellip;<\/p>\n","protected":false},"author":2,"featured_media":0,"parent":0,"menu_order":0,"comment_status":"closed","ping_status":"closed","template":"","meta":{"footnotes":""},"class_list":["post-61","page","type-page","status-publish","hentry"],"_links":{"self":[{"href":"https:\/\/misericordiadesanfernando.com\/index.php\/wp-json\/wp\/v2\/pages\/61","targetHints":{"allow":["GET"]}}],"collection":[{"href":"https:\/\/misericordiadesanfernando.com\/index.php\/wp-json\/wp\/v2\/pages"}],"about":[{"href":"https:\/\/misericordiadesanfernando.com\/index.php\/wp-json\/wp\/v2\/types\/page"}],"author":[{"embeddable":true,"href":"https:\/\/misericordiadesanfernando.com\/index.php\/wp-json\/wp\/v2\/users\/2"}],"replies":[{"embeddable":true,"href":"https:\/\/misericordiadesanfernando.com\/index.php\/wp-json\/wp\/v2\/comments?post=61"}],"version-history":[{"count":8,"href":"https:\/\/misericordiadesanfernando.com\/index.php\/wp-json\/wp\/v2\/pages\/61\/revisions"}],"predecessor-version":[{"id":1715,"href":"https:\/\/misericordiadesanfernando.com\/index.php\/wp-json\/wp\/v2\/pages\/61\/revisions\/1715"}],"wp:attachment":[{"href":"https:\/\/misericordiadesanfernando.com\/index.php\/wp-json\/wp\/v2\/media?parent=61"}],"curies":[{"name":"wp","href":"https:\/\/api.w.org\/{rel}","templated":true}]}}