{"id":575,"date":"2025-11-11T13:35:25","date_gmt":"2025-11-11T12:35:25","guid":{"rendered":"https:\/\/misericordiadesanfernando.com\/?page_id=575"},"modified":"2025-11-17T13:20:23","modified_gmt":"2025-11-17T12:20:23","slug":"magna-mariana-2023","status":"publish","type":"page","link":"https:\/\/misericordiadesanfernando.com\/index.php\/magna-mariana-2023\/","title":{"rendered":""},"content":{"rendered":"\n<p><\/p>\n\n\n<style>.kb-image575_10b790-29 .kb-image-has-overlay:after{opacity:0.3;}<\/style>\n<div class=\"wp-block-kadence-image kb-image575_10b790-29\"><figure class=\"aligncenter size-large\"><img loading=\"lazy\" decoding=\"async\" width=\"1024\" height=\"341\" src=\"https:\/\/misericordiadesanfernando.com\/wp-content\/uploads\/2025\/11\/mariana-1024x341.jpeg\" alt=\"\" class=\"kb-img wp-image-1232\" srcset=\"https:\/\/misericordiadesanfernando.com\/wp-content\/uploads\/2025\/11\/mariana-1024x341.jpeg 1024w, https:\/\/misericordiadesanfernando.com\/wp-content\/uploads\/2025\/11\/mariana-300x100.jpeg 300w, https:\/\/misericordiadesanfernando.com\/wp-content\/uploads\/2025\/11\/mariana-768x256.jpeg 768w, https:\/\/misericordiadesanfernando.com\/wp-content\/uploads\/2025\/11\/mariana.jpeg 1500w\" sizes=\"auto, (max-width: 1024px) 100vw, 1024px\" \/><\/figure><\/div>\n\n\n\n<p class=\"has-text-align-center has-vivid-cyan-blue-color has-text-color has-link-color wp-elements-aed0e49b1809db0986767aae82ccbc2d\"><strong>LA VIRGEN DE LA PIEDAD EN LA PROCESI\u00d3N MAGNA MARIANA<\/strong><\/p>\n\n\n\n<p class=\"has-vivid-cyan-blue-color has-text-color has-link-color wp-elements-45e13a66b21ad2f70d02e8e56915d263\">El 30 de septiembre del a\u00f1o 2023, San Fernando fue el escenario de una procesi\u00f3n extraordinaria que tuvo como protagonista a la Sant\u00edsima Virgen Mar\u00eda. 24 im\u00e1genes marianas en sus pasos procesionales y el Simpecado de la Hermandad del Roc\u00edo, participaron en una Procesi\u00f3n Magna Mariana de Acci\u00f3n de Gracias y rogativas a Mar\u00eda Sant\u00edsima por ser intercesora en el fin de la pandemia por el coronavirus.<\/p>\n\n\n\n<p class=\"has-vivid-cyan-blue-color has-text-color has-link-color wp-elements-d8990564bed4669ac83f2a708e33a5f3\">Las calles de la isla se llenaron del fragor y la devoci\u00f3n de sus devociones marianas, pudi\u00e9ndose contemplar la importancia del patrimonio cofrade isle\u00f1o, la idiosincrasia propia de su religiosidad popular y el arraigo mariano de San Fernando. Sin lugar a dudas, fue una cita de la ciudad con su historia, con sus devociones y sobre todo con la Sant\u00edsima Virgen Mar\u00eda.<\/p>\n\n\n\n<p class=\"has-vivid-cyan-blue-color has-text-color has-link-color wp-elements-f180a070301d34019f73ee41e89d6f4f\">En el caso de la Misericordia, esta procesi\u00f3n tuvo un doble car\u00e1cter extraordinario, ya que ser\u00eda la primera vez que la Virgen de la Piedad se contemplar\u00eda en la calle en su paso de Palio en otra fecha distinta al Jueves Santo. Para ello, la nueva Junta de Gobierno trabaj\u00f3 para dotar a aquella participaci\u00f3n de nuestra Madre de la Piedad, en algo extraordinario y diferente en sus formas.<\/p>\n\n\n\n<p class=\"has-vivid-cyan-blue-color has-text-color has-link-color wp-elements-b94f54ff8f6eae17195e5e1e3ff10296\">Un cartel y una papeleta de sitio conmemorativa de NHD. Alfredo Mart\u00ednez P\u00e9rez, daba el aldabonazo de salida a la Magna Mariana en un acto glosado por NH. Do\u00f1a Ver\u00f3nica Rivera San Emeterio. La Virgen de la Piedad recibi\u00f3 en los d\u00edas previos varios regalos en forma de donaciones que vinieron a complementar su rico ajuar, piezas de gran val\u00eda que fueron realizadas gracias al amor y devoci\u00f3n de hermanos y devotos, que supon\u00edan una ofrenda digna de la efem\u00e9ride para la que nos est\u00e1bamos preparando, a la altura y dignidad de la Madre del Se\u00f1or de la Misericordia.<\/p>\n\n\n\n<p class=\"has-vivid-cyan-blue-color has-text-color has-link-color wp-elements-bde5071e2bbd20299871aa217f409a26\">El 24 de septiembre fuimos agraciados con una estampa para el recuerdo, quiz\u00e1s la estampa m\u00e1s buscada de los cofrades isle\u00f1os en las previas de la Procesi\u00f3n Mariana \u00abMar\u00eda, Reina de la Salvaci\u00f3n\u00bb. Los cuatro pasos de las distintas devociones Pastore\u00f1as, Piedad, Salud, Gracia y Esperanza y Pastora de las Almas quedaron expuestos en la iglesia de la Pastora, recibiendo cientos de visitas cada d\u00eda, incluidas las de escolares de la ciudad.<\/p>\n\n\n\n<p class=\"has-vivid-cyan-blue-color has-text-color has-link-color wp-elements-09959bb589ad80fae9a27fa03ea98142\">La Virgen de la Piedad quedaba expuesta de una manera maravillosa, gracias a la cesi\u00f3n de la Hermandad de los afligidos del manto de calle de su amant\u00edsima titular, demostrando una vez m\u00e1s los v\u00ednculos hist\u00f3ricos que unen a ambas corporaciones penitenciales. La m\u00fasica de aquella jornada tambi\u00e9n fue algo extraordinario. Adem\u00e1s de contar con la banda de San Jos\u00e9 Artesano de nuestra ciudad, banda que estuvo ligada a nuestra hermandad durante m\u00e1s de 10 a\u00f1os, tuvimos la suerte de tener para el traslado de ida \u00e9l acompa\u00f1a miento de la afamada banda de m\u00fasica \u201cEl Sol\u201d de Sevilla. Ambas formaciones ofrecieron un repertorio escogido donde las marchas cl\u00e1sicas de autores reconocidos centraron los puntos m\u00e1s \u00e1lgidos del recorrido, teniendo tambi\u00e9n algunos momentos para la m\u00fasica cofrade m\u00e1s reconocible de los \u00faltimos tiempos.<\/p>\n\n\n\n<p class=\"has-vivid-cyan-blue-color has-text-color has-link-color wp-elements-7717a7db26824f45e0067617ff474aee\">Supuso tambi\u00e9n el reencuentro con la JCC, entidad encargada de portar el paso de palio de nuestra titular, con una cuadrilla de cargadores comandada por Jos\u00e9 miguel Vel\u00e1zquez N\u00fa\u00f1ez y auxiliada por Manuel Collantes Galea, que dej\u00f3 momentos gratos para el recuerdo.<\/p>\n\n\n\n<p class=\"has-vivid-cyan-blue-color has-text-color has-link-color wp-elements-e16eb46eb13f4e7607f6986ed315bd9b\">&nbsp;\u2026. Y as\u00ed lo quiso la Virgen, para culmen y mayor gloria de todo.<\/p>\n\n\n\n<p class=\"has-vivid-cyan-blue-color has-text-color has-link-color wp-elements-c04e8d4b4c3c319eace13219c5aa865f\">La Virgen de la Soledad y la Virgen de la Piedad volvieron a encontrarse, haciendo del momento algo hist\u00f3rico que record\u00f3 aquello sucedido en 1986 y que marcar\u00eda para siempre el devenir de las dos hermandades; 38 a\u00f1os despu\u00e9s, la Virgen quiso que ese momento de nuevo sucediera y quedara reflejado para la Historia, en una jornada que qued\u00f3 grabada a fuego en el coraz\u00f3n de los misericordiosos.<\/p>\n\n\n\n<div class=\"wp-block-envira-envira-gallery\"><div id=\"envira-gallery-wrap-617\" class=\"envira-gallery-wrap envira-gallery-theme-base envira-lightbox-theme-base\" itemscope itemtype=\"https:\/\/schema.org\/ImageGallery\"><div data-row-height=\"250\" data-gallery-theme=\"normal\" id=\"envira-gallery-617\" class=\"envira-gallery-public envira-gallery-justified-public envira-gallery-0-columns envira-clear enviratope envira-gallery-css-animations\" data-envira-columns=\"0\"><div id=\"envira-gallery-item-610\" class=\"envira-gallery-item enviratope-item envira-gallery-item-1 envira-lazy-load\" style=\"padding-left: 1px; padding-bottom: 1px; padding-right: 1px;\"  itemscope itemtype=\"https:\/\/schema.org\/ImageObject\"><div class=\"envira-gallery-item-inner\"><div class=\"envira-gallery-position-overlay  envira-gallery-top-left\"><\/div><div class=\"envira-gallery-position-overlay  envira-gallery-top-right\"><\/div><div class=\"envira-gallery-position-overlay  envira-gallery-bottom-left\"><\/div><div class=\"envira-gallery-position-overlay  envira-gallery-bottom-right\"><\/div><a href=\"https:\/\/misericordiadesanfernando.com\/wp-content\/uploads\/2025\/11\/DSC9223-scaled.jpg\" class=\"envira-gallery-617 envira-gallery-link\" rel=\"enviragallery617\" title=\"_DSC9223\" data-envira-caption=\"_DSC9223\" data-envira-retina=\"\" data-thumbnail=\"\"  itemprop=\"contentUrl\"><img decoding=\"async\" id=\"envira-gallery-image-610\" class=\"envira-gallery-image envira-gallery-image-1 envira-normal envira-lazy\" data-envira-index=\"1\" src=\"https:\/\/misericordiadesanfernando.com\/wp-content\/uploads\/2025\/11\/DSC9223-1024x684-640x480.jpg\" data-envira-src=\"https:\/\/misericordiadesanfernando.com\/wp-content\/uploads\/2025\/11\/DSC9223-1024x684-640x480.jpg\" data-envira-gallery-id=\"617\" data-envira-item-id=\"610\" data-envira-caption=\"_DSC9223\" alt=\"\" title=\"_DSC9223\"  itemprop=\"thumbnailUrl\" data-envira-srcset=\"https:\/\/misericordiadesanfernando.com\/wp-content\/uploads\/2025\/11\/DSC9223-1024x684-640x480.jpg 400w,https:\/\/misericordiadesanfernando.com\/wp-content\/uploads\/2025\/11\/DSC9223-1024x684-640x480.jpg 2x\" data-envira-width=\"300\" data-envira-height=\"200\" srcset=\"data:image\/gif;base64,R0lGODlhAQABAIAAAP\/\/\/\/\/\/\/yH5BAEKAAEALAAAAAABAAEAAAICTAEAOw==\" data-safe-src=\"data:image\/gif;base64,R0lGODlhAQABAIAAAP\/\/\/\/\/\/\/yH5BAEKAAEALAAAAAABAAEAAAICTAEAOw==\" \/><\/a><\/div><\/div><div id=\"envira-gallery-item-612\" class=\"envira-gallery-item enviratope-item envira-gallery-item-2 envira-lazy-load\" style=\"padding-left: 1px; padding-bottom: 1px; padding-right: 1px;\"  itemscope itemtype=\"https:\/\/schema.org\/ImageObject\"><div class=\"envira-gallery-item-inner\"><div class=\"envira-gallery-position-overlay  envira-gallery-top-left\"><\/div><div class=\"envira-gallery-position-overlay  envira-gallery-top-right\"><\/div><div class=\"envira-gallery-position-overlay  envira-gallery-bottom-left\"><\/div><div class=\"envira-gallery-position-overlay  envira-gallery-bottom-right\"><\/div><a href=\"https:\/\/misericordiadesanfernando.com\/wp-content\/uploads\/2025\/11\/DSC9236-scaled.jpg\" class=\"envira-gallery-617 envira-gallery-link\" rel=\"enviragallery617\" title=\"_DSC9236\" data-envira-caption=\"_DSC9236\" data-envira-retina=\"\" data-thumbnail=\"\"  itemprop=\"contentUrl\"><img decoding=\"async\" id=\"envira-gallery-image-612\" class=\"envira-gallery-image envira-gallery-image-2 envira-normal envira-lazy\" data-envira-index=\"2\" src=\"https:\/\/misericordiadesanfernando.com\/wp-content\/uploads\/2025\/11\/DSC9236-684x1024-640x480.jpg\" data-envira-src=\"https:\/\/misericordiadesanfernando.com\/wp-content\/uploads\/2025\/11\/DSC9236-684x1024-640x480.jpg\" data-envira-gallery-id=\"617\" data-envira-item-id=\"612\" data-envira-caption=\"_DSC9236\" alt=\"\" title=\"_DSC9236\"  itemprop=\"thumbnailUrl\" data-envira-srcset=\"https:\/\/misericordiadesanfernando.com\/wp-content\/uploads\/2025\/11\/DSC9236-684x1024-640x480.jpg 400w,https:\/\/misericordiadesanfernando.com\/wp-content\/uploads\/2025\/11\/DSC9236-684x1024-640x480.jpg 2x\" data-envira-width=\"200\" data-envira-height=\"300\" srcset=\"data:image\/gif;base64,R0lGODlhAQABAIAAAP\/\/\/\/\/\/\/yH5BAEKAAEALAAAAAABAAEAAAICTAEAOw==\" data-safe-src=\"data:image\/gif;base64,R0lGODlhAQABAIAAAP\/\/\/\/\/\/\/yH5BAEKAAEALAAAAAABAAEAAAICTAEAOw==\" \/><\/a><\/div><\/div><div id=\"envira-gallery-item-614\" class=\"envira-gallery-item enviratope-item envira-gallery-item-3 envira-lazy-load\" style=\"padding-left: 1px; padding-bottom: 1px; padding-right: 1px;\"  itemscope itemtype=\"https:\/\/schema.org\/ImageObject\"><div class=\"envira-gallery-item-inner\"><div class=\"envira-gallery-position-overlay  envira-gallery-top-left\"><\/div><div class=\"envira-gallery-position-overlay  envira-gallery-top-right\"><\/div><div class=\"envira-gallery-position-overlay  envira-gallery-bottom-left\"><\/div><div class=\"envira-gallery-position-overlay  envira-gallery-bottom-right\"><\/div><a href=\"https:\/\/misericordiadesanfernando.com\/wp-content\/uploads\/2025\/11\/DSC9245-scaled.jpg\" class=\"envira-gallery-617 envira-gallery-link\" rel=\"enviragallery617\" title=\"_DSC9245\" data-envira-caption=\"_DSC9245\" data-envira-retina=\"\" data-thumbnail=\"\"  itemprop=\"contentUrl\"><img decoding=\"async\" id=\"envira-gallery-image-614\" class=\"envira-gallery-image envira-gallery-image-3 envira-normal envira-lazy\" data-envira-index=\"3\" src=\"https:\/\/misericordiadesanfernando.com\/wp-content\/uploads\/2025\/11\/DSC9245-684x1024-640x480.jpg\" data-envira-src=\"https:\/\/misericordiadesanfernando.com\/wp-content\/uploads\/2025\/11\/DSC9245-684x1024-640x480.jpg\" data-envira-gallery-id=\"617\" data-envira-item-id=\"614\" data-envira-caption=\"_DSC9245\" alt=\"\" title=\"_DSC9245\"  itemprop=\"thumbnailUrl\" data-envira-srcset=\"https:\/\/misericordiadesanfernando.com\/wp-content\/uploads\/2025\/11\/DSC9245-684x1024-640x480.jpg 400w,https:\/\/misericordiadesanfernando.com\/wp-content\/uploads\/2025\/11\/DSC9245-684x1024-640x480.jpg 2x\" data-envira-width=\"200\" data-envira-height=\"300\" srcset=\"data:image\/gif;base64,R0lGODlhAQABAIAAAP\/\/\/\/\/\/\/yH5BAEKAAEALAAAAAABAAEAAAICTAEAOw==\" data-safe-src=\"data:image\/gif;base64,R0lGODlhAQABAIAAAP\/\/\/\/\/\/\/yH5BAEKAAEALAAAAAABAAEAAAICTAEAOw==\" \/><\/a><\/div><\/div><div id=\"envira-gallery-item-611\" class=\"envira-gallery-item enviratope-item envira-gallery-item-4 envira-lazy-load\" style=\"padding-left: 1px; padding-bottom: 1px; padding-right: 1px;\"  itemscope itemtype=\"https:\/\/schema.org\/ImageObject\"><div class=\"envira-gallery-item-inner\"><div class=\"envira-gallery-position-overlay  envira-gallery-top-left\"><\/div><div class=\"envira-gallery-position-overlay  envira-gallery-top-right\"><\/div><div class=\"envira-gallery-position-overlay  envira-gallery-bottom-left\"><\/div><div class=\"envira-gallery-position-overlay  envira-gallery-bottom-right\"><\/div><a href=\"https:\/\/misericordiadesanfernando.com\/wp-content\/uploads\/2025\/11\/DSC9249-scaled.jpg\" class=\"envira-gallery-617 envira-gallery-link\" rel=\"enviragallery617\" title=\"_DSC9249\" data-envira-caption=\"_DSC9249\" data-envira-retina=\"\" data-thumbnail=\"\"  itemprop=\"contentUrl\"><img decoding=\"async\" id=\"envira-gallery-image-611\" class=\"envira-gallery-image envira-gallery-image-4 envira-normal envira-lazy\" data-envira-index=\"4\" src=\"https:\/\/misericordiadesanfernando.com\/wp-content\/uploads\/2025\/11\/DSC9249-684x1024-640x480.jpg\" data-envira-src=\"https:\/\/misericordiadesanfernando.com\/wp-content\/uploads\/2025\/11\/DSC9249-684x1024-640x480.jpg\" data-envira-gallery-id=\"617\" data-envira-item-id=\"611\" data-envira-caption=\"_DSC9249\" alt=\"\" title=\"_DSC9249\"  itemprop=\"thumbnailUrl\" data-envira-srcset=\"https:\/\/misericordiadesanfernando.com\/wp-content\/uploads\/2025\/11\/DSC9249-684x1024-640x480.jpg 400w,https:\/\/misericordiadesanfernando.com\/wp-content\/uploads\/2025\/11\/DSC9249-684x1024-640x480.jpg 2x\" data-envira-width=\"200\" data-envira-height=\"300\" srcset=\"data:image\/gif;base64,R0lGODlhAQABAIAAAP\/\/\/\/\/\/\/yH5BAEKAAEALAAAAAABAAEAAAICTAEAOw==\" data-safe-src=\"data:image\/gif;base64,R0lGODlhAQABAIAAAP\/\/\/\/\/\/\/yH5BAEKAAEALAAAAAABAAEAAAICTAEAOw==\" \/><\/a><\/div><\/div><div id=\"envira-gallery-item-613\" class=\"envira-gallery-item enviratope-item envira-gallery-item-5 envira-lazy-load\" style=\"padding-left: 1px; padding-bottom: 1px; padding-right: 1px;\"  itemscope itemtype=\"https:\/\/schema.org\/ImageObject\"><div class=\"envira-gallery-item-inner\"><div class=\"envira-gallery-position-overlay  envira-gallery-top-left\"><\/div><div class=\"envira-gallery-position-overlay  envira-gallery-top-right\"><\/div><div class=\"envira-gallery-position-overlay  envira-gallery-bottom-left\"><\/div><div class=\"envira-gallery-position-overlay  envira-gallery-bottom-right\"><\/div><a href=\"https:\/\/misericordiadesanfernando.com\/wp-content\/uploads\/2025\/11\/DSC9183-scaled.jpg\" class=\"envira-gallery-617 envira-gallery-link\" rel=\"enviragallery617\" title=\"_DSC9183\" data-envira-caption=\"_DSC9183\" data-envira-retina=\"\" data-thumbnail=\"\"  itemprop=\"contentUrl\"><img decoding=\"async\" id=\"envira-gallery-image-613\" class=\"envira-gallery-image envira-gallery-image-5 envira-normal envira-lazy\" data-envira-index=\"5\" src=\"https:\/\/misericordiadesanfernando.com\/wp-content\/uploads\/2025\/11\/DSC9183-684x1024-640x480.jpg\" data-envira-src=\"https:\/\/misericordiadesanfernando.com\/wp-content\/uploads\/2025\/11\/DSC9183-684x1024-640x480.jpg\" data-envira-gallery-id=\"617\" data-envira-item-id=\"613\" data-envira-caption=\"_DSC9183\" alt=\"\" title=\"_DSC9183\"  itemprop=\"thumbnailUrl\" data-envira-srcset=\"https:\/\/misericordiadesanfernando.com\/wp-content\/uploads\/2025\/11\/DSC9183-684x1024-640x480.jpg 400w,https:\/\/misericordiadesanfernando.com\/wp-content\/uploads\/2025\/11\/DSC9183-684x1024-640x480.jpg 2x\" data-envira-width=\"200\" data-envira-height=\"300\" srcset=\"data:image\/gif;base64,R0lGODlhAQABAIAAAP\/\/\/\/\/\/\/yH5BAEKAAEALAAAAAABAAEAAAICTAEAOw==\" data-safe-src=\"data:image\/gif;base64,R0lGODlhAQABAIAAAP\/\/\/\/\/\/\/yH5BAEKAAEALAAAAAABAAEAAAICTAEAOw==\" \/><\/a><\/div><\/div><div id=\"envira-gallery-item-616\" class=\"envira-gallery-item enviratope-item envira-gallery-item-6 envira-lazy-load\" style=\"padding-left: 1px; padding-bottom: 1px; padding-right: 1px;\"  itemscope itemtype=\"https:\/\/schema.org\/ImageObject\"><div class=\"envira-gallery-item-inner\"><div class=\"envira-gallery-position-overlay  envira-gallery-top-left\"><\/div><div class=\"envira-gallery-position-overlay  envira-gallery-top-right\"><\/div><div class=\"envira-gallery-position-overlay  envira-gallery-bottom-left\"><\/div><div class=\"envira-gallery-position-overlay  envira-gallery-bottom-right\"><\/div><a href=\"https:\/\/misericordiadesanfernando.com\/wp-content\/uploads\/2025\/11\/DSC9208-scaled.jpg\" class=\"envira-gallery-617 envira-gallery-link\" rel=\"enviragallery617\" title=\"_DSC9208\" data-envira-caption=\"_DSC9208\" data-envira-retina=\"\" data-thumbnail=\"\"  itemprop=\"contentUrl\"><img decoding=\"async\" id=\"envira-gallery-image-616\" class=\"envira-gallery-image envira-gallery-image-6 envira-normal envira-lazy\" data-envira-index=\"6\" src=\"https:\/\/misericordiadesanfernando.com\/wp-content\/uploads\/2025\/11\/DSC9208-1024x684-640x480.jpg\" data-envira-src=\"https:\/\/misericordiadesanfernando.com\/wp-content\/uploads\/2025\/11\/DSC9208-1024x684-640x480.jpg\" data-envira-gallery-id=\"617\" data-envira-item-id=\"616\" data-envira-caption=\"_DSC9208\" alt=\"\" title=\"_DSC9208\"  itemprop=\"thumbnailUrl\" data-envira-srcset=\"https:\/\/misericordiadesanfernando.com\/wp-content\/uploads\/2025\/11\/DSC9208-1024x684-640x480.jpg 400w,https:\/\/misericordiadesanfernando.com\/wp-content\/uploads\/2025\/11\/DSC9208-1024x684-640x480.jpg 2x\" data-envira-width=\"300\" data-envira-height=\"200\" srcset=\"data:image\/gif;base64,R0lGODlhAQABAIAAAP\/\/\/\/\/\/\/yH5BAEKAAEALAAAAAABAAEAAAICTAEAOw==\" data-safe-src=\"data:image\/gif;base64,R0lGODlhAQABAIAAAP\/\/\/\/\/\/\/yH5BAEKAAEALAAAAAABAAEAAAICTAEAOw==\" \/><\/a><\/div><\/div><div id=\"envira-gallery-item-615\" class=\"envira-gallery-item enviratope-item envira-gallery-item-7 envira-lazy-load\" style=\"padding-left: 1px; padding-bottom: 1px; padding-right: 1px;\"  itemscope itemtype=\"https:\/\/schema.org\/ImageObject\"><div class=\"envira-gallery-item-inner\"><div class=\"envira-gallery-position-overlay  envira-gallery-top-left\"><\/div><div class=\"envira-gallery-position-overlay  envira-gallery-top-right\"><\/div><div class=\"envira-gallery-position-overlay  envira-gallery-bottom-left\"><\/div><div class=\"envira-gallery-position-overlay  envira-gallery-bottom-right\"><\/div><a href=\"https:\/\/misericordiadesanfernando.com\/wp-content\/uploads\/2025\/11\/DSC9212-scaled.jpg\" class=\"envira-gallery-617 envira-gallery-link\" rel=\"enviragallery617\" title=\"_DSC9212\" data-envira-caption=\"_DSC9212\" data-envira-retina=\"\" data-thumbnail=\"\"  itemprop=\"contentUrl\"><img decoding=\"async\" id=\"envira-gallery-image-615\" class=\"envira-gallery-image envira-gallery-image-7 envira-normal envira-lazy\" data-envira-index=\"7\" src=\"https:\/\/misericordiadesanfernando.com\/wp-content\/uploads\/2025\/11\/DSC9212-684x1024-640x480.jpg\" data-envira-src=\"https:\/\/misericordiadesanfernando.com\/wp-content\/uploads\/2025\/11\/DSC9212-684x1024-640x480.jpg\" data-envira-gallery-id=\"617\" data-envira-item-id=\"615\" data-envira-caption=\"_DSC9212\" alt=\"\" title=\"_DSC9212\"  itemprop=\"thumbnailUrl\" data-envira-srcset=\"https:\/\/misericordiadesanfernando.com\/wp-content\/uploads\/2025\/11\/DSC9212-684x1024-640x480.jpg 400w,https:\/\/misericordiadesanfernando.com\/wp-content\/uploads\/2025\/11\/DSC9212-684x1024-640x480.jpg 2x\" data-envira-width=\"200\" data-envira-height=\"300\" srcset=\"data:image\/gif;base64,R0lGODlhAQABAIAAAP\/\/\/\/\/\/\/yH5BAEKAAEALAAAAAABAAEAAAICTAEAOw==\" data-safe-src=\"data:image\/gif;base64,R0lGODlhAQABAIAAAP\/\/\/\/\/\/\/yH5BAEKAAEALAAAAAABAAEAAAICTAEAOw==\" \/><\/a><\/div><\/div><\/div><\/div><noscript><img decoding=\"async\" src=\"https:\/\/misericordiadesanfernando.com\/wp-content\/uploads\/2025\/11\/DSC9223-scaled.jpg\" alt=\"\" \/><img decoding=\"async\" src=\"https:\/\/misericordiadesanfernando.com\/wp-content\/uploads\/2025\/11\/DSC9236-scaled.jpg\" alt=\"\" \/><img decoding=\"async\" src=\"https:\/\/misericordiadesanfernando.com\/wp-content\/uploads\/2025\/11\/DSC9245-scaled.jpg\" alt=\"\" \/><img decoding=\"async\" src=\"https:\/\/misericordiadesanfernando.com\/wp-content\/uploads\/2025\/11\/DSC9249-scaled.jpg\" alt=\"\" \/><img decoding=\"async\" src=\"https:\/\/misericordiadesanfernando.com\/wp-content\/uploads\/2025\/11\/DSC9183-scaled.jpg\" alt=\"\" \/><img decoding=\"async\" src=\"https:\/\/misericordiadesanfernando.com\/wp-content\/uploads\/2025\/11\/DSC9208-scaled.jpg\" alt=\"\" \/><img decoding=\"async\" src=\"https:\/\/misericordiadesanfernando.com\/wp-content\/uploads\/2025\/11\/DSC9212-scaled.jpg\" alt=\"\" \/><\/noscript><\/div>\n\n\n\n<p><\/p>\n","protected":false},"excerpt":{"rendered":"<p>LA VIRGEN DE LA PIEDAD EN LA PROCESI\u00d3N MAGNA MARIANA El 30 de septiembre del a\u00f1o 2023, San Fernando fue el escenario de una procesi\u00f3n extraordinaria que tuvo como protagonista&hellip;<\/p>\n","protected":false},"author":2,"featured_media":0,"parent":0,"menu_order":0,"comment_status":"closed","ping_status":"closed","template":"","meta":{"footnotes":""},"class_list":["post-575","page","type-page","status-publish","hentry"],"_links":{"self":[{"href":"https:\/\/misericordiadesanfernando.com\/index.php\/wp-json\/wp\/v2\/pages\/575","targetHints":{"allow":["GET"]}}],"collection":[{"href":"https:\/\/misericordiadesanfernando.com\/index.php\/wp-json\/wp\/v2\/pages"}],"about":[{"href":"https:\/\/misericordiadesanfernando.com\/index.php\/wp-json\/wp\/v2\/types\/page"}],"author":[{"embeddable":true,"href":"https:\/\/misericordiadesanfernando.com\/index.php\/wp-json\/wp\/v2\/users\/2"}],"replies":[{"embeddable":true,"href":"https:\/\/misericordiadesanfernando.com\/index.php\/wp-json\/wp\/v2\/comments?post=575"}],"version-history":[{"count":4,"href":"https:\/\/misericordiadesanfernando.com\/index.php\/wp-json\/wp\/v2\/pages\/575\/revisions"}],"predecessor-version":[{"id":1492,"href":"https:\/\/misericordiadesanfernando.com\/index.php\/wp-json\/wp\/v2\/pages\/575\/revisions\/1492"}],"wp:attachment":[{"href":"https:\/\/misericordiadesanfernando.com\/index.php\/wp-json\/wp\/v2\/media?parent=575"}],"curies":[{"name":"wp","href":"https:\/\/api.w.org\/{rel}","templated":true}]}}