{"id":571,"date":"2025-11-11T13:33:34","date_gmt":"2025-11-11T12:33:34","guid":{"rendered":"https:\/\/misericordiadesanfernando.com\/?page_id=571"},"modified":"2025-11-14T18:18:20","modified_gmt":"2025-11-14T17:18:20","slug":"procesion-magna-2010","status":"publish","type":"page","link":"https:\/\/misericordiadesanfernando.com\/index.php\/procesion-magna-2010\/","title":{"rendered":""},"content":{"rendered":"\n<p><\/p>\n\n\n<style>.kb-image571_1eedb0-c0 .kb-image-has-overlay:after{opacity:0.3;}<\/style>\n<div class=\"wp-block-kadence-image kb-image571_1eedb0-c0\"><figure class=\"aligncenter size-large\"><img loading=\"lazy\" decoding=\"async\" width=\"1024\" height=\"341\" src=\"https:\/\/misericordiadesanfernando.com\/wp-content\/uploads\/2025\/11\/magna2010-1024x341.jpeg\" alt=\"\" class=\"kb-img wp-image-1155\" srcset=\"https:\/\/misericordiadesanfernando.com\/wp-content\/uploads\/2025\/11\/magna2010-1024x341.jpeg 1024w, https:\/\/misericordiadesanfernando.com\/wp-content\/uploads\/2025\/11\/magna2010-300x100.jpeg 300w, https:\/\/misericordiadesanfernando.com\/wp-content\/uploads\/2025\/11\/magna2010-768x256.jpeg 768w, https:\/\/misericordiadesanfernando.com\/wp-content\/uploads\/2025\/11\/magna2010.jpeg 1500w\" sizes=\"auto, (max-width: 1024px) 100vw, 1024px\" \/><\/figure><\/div>\n\n\n\n<p class=\"has-text-align-center has-vivid-cyan-blue-color has-text-color has-link-color wp-elements-47de1370002a07d0f33d5bfd9f6bc0f7\"><strong>EL S\u00c1BADO SANTO DEL A\u00d1O 2010 \u2013 JES\u00daS DE LA MISERICORDIA EN LA PROCESI\u00d3N MAGNA<\/strong><\/p>\n\n\n\n<p class=\"has-vivid-cyan-blue-color has-text-color has-link-color wp-elements-5763e95853593f56623fc1ae39c8c084\">La Hermandad Sacramental de la Misericordia particip\u00f3, al igual que el resto de las cofrad\u00edas isle\u00f1as, en la Solemne Procesi\u00f3n Magna, que con motivo del Bicentenario fue organizada por el Consejo de Hermandades y Cofrad\u00edas como aportaci\u00f3n del mundo cofrade a estos acontecimientos.<\/p>\n\n\n\n<p class=\"has-vivid-cyan-blue-color has-text-color has-link-color wp-elements-b9acd9835beac2fa7bda8bacba025aa4\">A las cuatro de la tarde sal\u00eda el cortejo compuesto por Cruz parroquial y ciriales, diez parejas de cirios, bandera acompa\u00f1ada de cuatro varas, presidencia con libro de reglas, cuerpo de ac\u00f3litos, y finalmente nuestros Sagrado Titular en su paso de misterio. Todo en un cuidado cortejo, en donde se pudo apreciar los hermanos con la cola recogida, la cruz parroquial velada y el exorno tradicional del monte del Se\u00f1or a base de claveles rojos.<\/p>\n\n\n\n<p class=\"has-vivid-cyan-blue-color has-text-color has-link-color wp-elements-ed7fe9ba94a2c016f3611df45f5c7b23\">A las cuatro y veinticinco de la tarde, cumpli\u00e9ndose el horario previsto, nuestro cortejo se incorporaba a la Procesi\u00f3n Magna en onceavo lugar, tras la Hermandad de las Tres Ca\u00eddas y delante de la Humildad y Paciencia.<\/p>\n\n\n\n<p class=\"has-vivid-cyan-blue-color has-text-color has-link-color wp-elements-897477448e504885e85c624dff56a2c9\">Fueron varias las ocasiones en las que nuestro paso levant\u00f3 la admiraci\u00f3n y el aplauso de cuantos los contemplaban, en un itinerario que se encontraba abarrotado de p\u00fablico.<\/p>\n\n\n\n<p class=\"has-vivid-cyan-blue-color has-text-color has-link-color wp-elements-9e66262dd7bc78f311181722cf1a63f4\">La vuelta a la Iglesia de la Pastora se llev\u00f3 a cabo con el acompa\u00f1amiento musical de la Agrupaci\u00f3n Musical Maestro Francisco del Rio, destacando de dicho regreso el paso por la calle Rosario donde los tres misterios dorados de la Iglesia de la Pastora se pudieron contemplar juntos, siendo uno de los momentos que quedaron marcados para la historia del publico cofrade de San Fernando.<\/p>\n\n\n\n<p class=\"has-vivid-cyan-blue-color has-text-color has-link-color wp-elements-e8a8d2af8190c192d9ff48f55abc5769\"><strong>Itinerario oficial&nbsp;<\/strong><\/p>\n\n\n\n<p class=\"has-vivid-cyan-blue-color has-text-color has-link-color wp-elements-2ff2bfcacd56b85ac86146b5fd601364\">Col\u00f3n; Constructora Naval; Gonz\u00e1lez Hontoria; Rosario; Plaza de la Iglesia; Real; Carrera Oficial.<\/p>\n\n\n\n<p class=\"has-vivid-cyan-blue-color has-text-color has-link-color wp-elements-6f8b05a225d26103723b0cd00a61d5e0\"><strong>Horarios<\/strong><\/p>\n\n\n\n<p class=\"has-vivid-cyan-blue-color has-text-color has-link-color wp-elements-d17fb8aa12cf75c4d31b782eacb7c628\">Cruz de Gu\u00eda inicio recorrido: 15:30 h.<\/p>\n\n\n\n<p class=\"has-vivid-cyan-blue-color has-text-color has-link-color wp-elements-1d371d1e83852988da8a4b12550fbcd4\">Paso de Dolores de Servitas inicio recorrido: 17:30 h.<\/p>\n\n\n\n<p class=\"has-vivid-cyan-blue-color has-text-color has-link-color wp-elements-8fc5e576e925321864e0734d0623f355\">Cruz de Gu\u00eda inicio Carrera Oficial: 17:00 h.<\/p>\n\n\n\n<p class=\"has-vivid-cyan-blue-color has-text-color has-link-color wp-elements-cc55682ebbdb5587c8a630711610dbd2\">Paso de Dolores Servitas inicio Carrera Oficial: 19:00 h.<\/p>\n\n\n\n<p class=\"has-vivid-cyan-blue-color has-text-color has-link-color wp-elements-c54ed72c4631e14437b206850de5e01b\">Inicio Cruz de Gu\u00eda fin Carrera Oficial: 17:30<\/p>\n\n\n\n<p class=\"has-vivid-cyan-blue-color has-text-color has-link-color wp-elements-bffbc9fbfad7ad1ae870b6edd67dc303\">Paso de Dolores Servitas fin Carrera Oficial: 19:30<\/p>\n\n\n\n<p class=\"has-vivid-cyan-blue-color has-text-color has-link-color wp-elements-e542310f4e4d64f0c4d031f6053fc413\"><strong>Cortejo<\/strong><\/p>\n\n\n\n<p class=\"has-vivid-cyan-blue-color has-text-color has-link-color wp-elements-fecd9892612c4429f5ed16739a598e1b\">Banda de la Centuria Romana Macarena (Sevilla)<\/p>\n\n\n\n<p class=\"has-vivid-cyan-blue-color has-text-color has-link-color wp-elements-d85a9bcd6fd76ffd2e54a1f8e041d44e\">-Cortejo y paso de la Hermandad de Cristo Rey<\/p>\n\n\n\n<p class=\"has-vivid-cyan-blue-color has-text-color has-link-color wp-elements-fea798db752c9ed8921d28fd07bd4d4d\">-Cortejo y paso de la Hermandad de la Oraci\u00f3n en el Huerto<\/p>\n\n\n\n<p class=\"has-vivid-cyan-blue-color has-text-color has-link-color wp-elements-6f9e55533c111c7675bf5d658d7bda84\">-Cortejo y paso de la Hermandad del Prendimiento<\/p>\n\n\n\n<p class=\"has-vivid-cyan-blue-color has-text-color has-link-color wp-elements-989a89b189f4816a195559bc08b1b3c4\">-Cortejo y paso de la Hermandad de Jes\u00fas de la Columna<\/p>\n\n\n\n<p class=\"has-vivid-cyan-blue-color has-text-color has-link-color wp-elements-d63de0932ae1ed13360b89fffdd3dd1c\">-Cortejo y paso de la Hermandad del Ecce-Homo<\/p>\n\n\n\n<p class=\"has-vivid-cyan-blue-color has-text-color has-link-color wp-elements-c31345811337afad2204c26e7f80388b\">-Cortejo y paso de la Hermandad de Jes\u00fas Cautivo (Medinaceli)<\/p>\n\n\n\n<p class=\"has-vivid-cyan-blue-color has-text-color has-link-color wp-elements-b43b58e4c2fbceadba7583196217fb61\">-Cortejo y paso de la Hermandad de Jes\u00fas del Gran Poder<\/p>\n\n\n\n<p class=\"has-vivid-cyan-blue-color has-text-color has-link-color wp-elements-433233c5da96a21adb9274ae6716707c\">-Cortejo y paso de la Hermandad de Jes\u00fas de los Afligidos<\/p>\n\n\n\n<p class=\"has-vivid-cyan-blue-color has-text-color has-link-color wp-elements-3b8f3116e7db912e8421910b56811890\">-Cortejo y paso de la Hermandad de Jes\u00fas Nazareno<\/p>\n\n\n\n<p class=\"has-vivid-cyan-blue-color has-text-color has-link-color wp-elements-47dabe13c3d67eed6d8b3b462973803e\">-Cortejo y paso de la Hermandad de Jes\u00fas de las Tres Ca\u00eddas<\/p>\n\n\n\n<p class=\"has-vivid-cyan-blue-color has-text-color has-link-color wp-elements-60ef80cd818296158fda44f0ecf0c63b\">-Cortejo y paso de la Hermandad de Jes\u00fas de la Misericordia<\/p>\n\n\n\n<p class=\"has-vivid-cyan-blue-color has-text-color has-link-color wp-elements-321e79696b994912341d08ecad4ad70c\">-Cortejo y paso la Hermandad del Cristo de Humildad y Paciencia<\/p>\n\n\n\n<p class=\"has-vivid-cyan-blue-color has-text-color has-link-color wp-elements-afd1cdbe768592a3f34f67fe969eb1f6\">-Cortejo y paso de la Hermandad del Cristo del Perd\u00f3n<\/p>\n\n\n\n<p class=\"has-vivid-cyan-blue-color has-text-color has-link-color wp-elements-3fce64a6dfffe876169886e89231bfbc\">-Cortejo y paso de la Hermandad del Cristo de la Expiraci\u00f3n<\/p>\n\n\n\n<p class=\"has-vivid-cyan-blue-color has-text-color has-link-color wp-elements-1f26495db9b94688e0cade81951ea8c5\">-Cortejo y paso de la Hermandad del Cristo de la Sangre<\/p>\n\n\n\n<p class=\"has-vivid-cyan-blue-color has-text-color has-link-color wp-elements-7d7d884e8de2458dd4daffd0d00dbd65\">-Cortejo y paso de la Hermandad del Cristo de la Vera-Cruz<\/p>\n\n\n\n<p class=\"has-vivid-cyan-blue-color has-text-color has-link-color wp-elements-23734041a8468a6a0c0ca2741e47b48b\">-Cortejo y paso de la Hermandad del Cristo de la Salvaci\u00f3n (Caridad)<\/p>\n\n\n\n<p class=\"has-vivid-cyan-blue-color has-text-color has-link-color wp-elements-98b989955c75099789b33f5434bf2911\">-Cortejo y paso de la Hermandad del Cristo de la Redenci\u00f3n<\/p>\n\n\n\n<p class=\"has-vivid-cyan-blue-color has-text-color has-link-color wp-elements-5310d6722c41d7acfee28f918cc032d9\">-Cortejo y paso de la Hermandad de Ntra. Sra. de la Soledad<\/p>\n\n\n\n<p class=\"has-vivid-cyan-blue-color has-text-color has-link-color wp-elements-d7db81783291a608ec92e6d475943f3a\">-Cortejo y paso de la Hermandad del Santo Entierro<\/p>\n\n\n\n<p class=\"has-vivid-cyan-blue-color has-text-color has-link-color wp-elements-7168ead6b6aea3638ae2dda65797fb52\">-Cortejo y paso de la Orden de Ntra. Sra. de los Dolores (Servitas)<\/p>\n\n\n\n<p class=\"has-vivid-cyan-blue-color has-text-color has-link-color wp-elements-4916a08ee05264d124850f722dc293d9\">Banda Municipal de San Fernando<\/p>\n\n\n<style>.kb-image571_c3601e-29 .kb-image-has-overlay:after{opacity:0.3;}<\/style>\n<div class=\"wp-block-kadence-image kb-image571_c3601e-29\"><figure class=\"aligncenter size-large\"><img loading=\"lazy\" decoding=\"async\" width=\"1024\" height=\"768\" src=\"https:\/\/misericordiadesanfernando.com\/wp-content\/uploads\/2025\/11\/magna2010-copia-1024x768.jpg\" alt=\"\" class=\"kb-img wp-image-606\" srcset=\"https:\/\/misericordiadesanfernando.com\/wp-content\/uploads\/2025\/11\/magna2010-copia-1024x768.jpg 1024w, https:\/\/misericordiadesanfernando.com\/wp-content\/uploads\/2025\/11\/magna2010-copia-300x225.jpg 300w, https:\/\/misericordiadesanfernando.com\/wp-content\/uploads\/2025\/11\/magna2010-copia-768x576.jpg 768w, https:\/\/misericordiadesanfernando.com\/wp-content\/uploads\/2025\/11\/magna2010-copia-1536x1152.jpg 1536w, https:\/\/misericordiadesanfernando.com\/wp-content\/uploads\/2025\/11\/magna2010-copia.jpg 2048w\" sizes=\"auto, (max-width: 1024px) 100vw, 1024px\" \/><\/figure><\/div>\n","protected":false},"excerpt":{"rendered":"<p>EL S\u00c1BADO SANTO DEL A\u00d1O 2010 \u2013 JES\u00daS DE LA MISERICORDIA EN LA PROCESI\u00d3N MAGNA La Hermandad Sacramental de la Misericordia particip\u00f3, al igual que el resto de las cofrad\u00edas&hellip;<\/p>\n","protected":false},"author":2,"featured_media":0,"parent":0,"menu_order":0,"comment_status":"closed","ping_status":"closed","template":"","meta":{"footnotes":""},"class_list":["post-571","page","type-page","status-publish","hentry"],"_links":{"self":[{"href":"https:\/\/misericordiadesanfernando.com\/index.php\/wp-json\/wp\/v2\/pages\/571","targetHints":{"allow":["GET"]}}],"collection":[{"href":"https:\/\/misericordiadesanfernando.com\/index.php\/wp-json\/wp\/v2\/pages"}],"about":[{"href":"https:\/\/misericordiadesanfernando.com\/index.php\/wp-json\/wp\/v2\/types\/page"}],"author":[{"embeddable":true,"href":"https:\/\/misericordiadesanfernando.com\/index.php\/wp-json\/wp\/v2\/users\/2"}],"replies":[{"embeddable":true,"href":"https:\/\/misericordiadesanfernando.com\/index.php\/wp-json\/wp\/v2\/comments?post=571"}],"version-history":[{"count":3,"href":"https:\/\/misericordiadesanfernando.com\/index.php\/wp-json\/wp\/v2\/pages\/571\/revisions"}],"predecessor-version":[{"id":1156,"href":"https:\/\/misericordiadesanfernando.com\/index.php\/wp-json\/wp\/v2\/pages\/571\/revisions\/1156"}],"wp:attachment":[{"href":"https:\/\/misericordiadesanfernando.com\/index.php\/wp-json\/wp\/v2\/media?parent=571"}],"curies":[{"name":"wp","href":"https:\/\/api.w.org\/{rel}","templated":true}]}}