{"id":568,"date":"2025-11-11T13:29:49","date_gmt":"2025-11-11T12:29:49","guid":{"rendered":"https:\/\/misericordiadesanfernando.com\/?page_id=568"},"modified":"2025-11-17T20:53:49","modified_gmt":"2025-11-17T19:53:49","slug":"espiritu-carmelitano","status":"publish","type":"page","link":"https:\/\/misericordiadesanfernando.com\/index.php\/espiritu-carmelitano\/","title":{"rendered":""},"content":{"rendered":"\n<p><\/p>\n\n\n<style>.kb-image568_a18a87-9d .kb-image-has-overlay:after{opacity:0.3;}<\/style>\n<div class=\"wp-block-kadence-image kb-image568_a18a87-9d\"><figure class=\"aligncenter size-large\"><img loading=\"lazy\" decoding=\"async\" width=\"1024\" height=\"341\" src=\"https:\/\/misericordiadesanfernando.com\/wp-content\/uploads\/2025\/11\/espiritu-carmelitano-y-hermana-cristina-1024x341.jpeg\" alt=\"\" class=\"kb-img wp-image-1111\" srcset=\"https:\/\/misericordiadesanfernando.com\/wp-content\/uploads\/2025\/11\/espiritu-carmelitano-y-hermana-cristina-1024x341.jpeg 1024w, https:\/\/misericordiadesanfernando.com\/wp-content\/uploads\/2025\/11\/espiritu-carmelitano-y-hermana-cristina-300x100.jpeg 300w, https:\/\/misericordiadesanfernando.com\/wp-content\/uploads\/2025\/11\/espiritu-carmelitano-y-hermana-cristina-768x256.jpeg 768w, https:\/\/misericordiadesanfernando.com\/wp-content\/uploads\/2025\/11\/espiritu-carmelitano-y-hermana-cristina.jpeg 1500w\" sizes=\"auto, (max-width: 1024px) 100vw, 1024px\" \/><\/figure><\/div>\n\n\n\n<p class=\"has-text-align-center has-vivid-cyan-blue-color has-text-color has-link-color wp-elements-5fb58fd33328d158431e21eeb9daa235\"><strong>EL ESPIRITU CARMELITANO Y LA HERMANA CRISTINA EN LA MISERICORDIA<\/strong><\/p>\n\n\n\n<p class=\"has-vivid-cyan-blue-color has-text-color has-link-color wp-elements-fbd4b28b10186033e9c744973045bedd\">Es imposible comprender la vida y la espiritualidad de la Hermana Mar\u00eda Cristina si la separamos de su ra\u00edz m\u00e1s honda, es decir, el carisma teresiano. Todo cuanto ella es, vive, dice y hace, encuentra su fundamento en la doctrina y la experiencia vivida y comunicada por Santa Teresa; un carisma que ella decide vivir plenamente desde su entrada en el monasterio de la Sagrada Familia de Og\u00edjares (Granada) un 24 de enero de 1921. Mar\u00eda Cristina es, ante todo, carmelita descalza, hija de Santa Teresa: esa es la fuente de la que brota toda su riqueza, su espiritualidad; el manantial que embellece y engrandece su encanto humano y lo transforma en sobrenatural.<\/p>\n\n\n\n<p class=\"has-vivid-cyan-blue-color has-text-color has-link-color wp-elements-59325a3327997f47c55fe33f1884c0ae\"><strong>Llegada al Carmelo<\/strong><\/p>\n\n\n\n<p class=\"has-vivid-cyan-blue-color has-text-color has-link-color wp-elements-93024ad9b19d86db2f9f225712a46ccf\">Muchas son las circunstancias que influyen en la elecci\u00f3n de una vocaci\u00f3n concreta en la iglesia. Mar\u00eda Cristina, consciente de sus dificultades f\u00edsicas y humanas -se defin\u00eda a s\u00ed misma como \u00abpobre, ruda y enferma\u00bb-, de entre todas las vocaciones posibles elige consagrarse al Se\u00f1or en la familia de la Virgen del Carmen, en la familia fundada por Santa Teresa. Es evidente que son las propias monjas su fuente principal para conocer el modo de vivir teresiano, el estilo de oraci\u00f3n, recreaci\u00f3n y mortificaci\u00f3n (cfr. Libro de las Fundaciones de Santa Teresa) que traen entre s\u00ed las carmelitas descalzas, en fidelidad al carisma recibido de la Santa Madre Teresa; se cumple as\u00ed, en ella, lo que siglos antes hab\u00eda dicho Fray Luis de Le\u00f3n y es que, para conocer a la Santa, basta acercarse a sus obras o a sus hijas, pues ambas son palabra viva y presencia intensa de teresa en cada \u00e9poca.<\/p>\n\n\n\n<p class=\"has-vivid-cyan-blue-color has-text-color has-link-color wp-elements-83737daf01aba2fe83a818c824b6ccce\"><strong>Asimilando un carisma<\/strong><\/p>\n\n\n\n<p class=\"has-vivid-cyan-blue-color has-text-color has-link-color wp-elements-a88516f674b9146ed74e83c7874257f8\">En la comunidad, a trav\u00e9s de las diversas etapas de formaci\u00f3n, la Hermana Cristina se va empapando del carisma teresiano, no solo de un modo intelectual, especulativo o simplemente racional, sino, sobre todo, vital, experiencial. De ese modo, llega al d\u00eda de su profesi\u00f3n, algunos d\u00edas despu\u00e9s de cumplirse un a\u00f1o de su toma de h\u00e1bito. Si entonces, un 15 de agosto de 1921, hab\u00eda escogido para s\u00ed el apellido \u00abde Jes\u00fas Sacramentado\u00bb, el 20 de agosto del 22, al hacer su profesi\u00f3n, afirmar\u00e1: \u00abya soy tu esposa, oh, bien m\u00edo \u00bfQui\u00e9n m\u00e1s feliz que yo?\u00bb. Tanto la elecci\u00f3n de su nombre religioso como el testimonio escrito el d\u00eda de su profesi\u00f3n, dan fe del grado de asimilaci\u00f3n y comprensi\u00f3n del carisma de Santa Teresa por parte de la Hermana Cristina. La carmelita descalza, hija de tal madre, vive como ella, intensa mente, la presencia de Cristo en su vida. Jes\u00fas es el Maestro, el Se\u00f1or, al que contemplar -Sobre todo cuando se hace presente en el sacramento de la eucarist\u00eda y permanece en el Sagrario, escuchar y obedecer, conformando la propia voluntad con la suya, no por simple esp\u00edritu de obediencia, sino por amor. Porque el Amor de los Amores, llama a la carmelita a una vida enamorada, a una vida de esposa, como se\u00f1ala repetidas veces Santa Teresa -basta asomarse al camino de Perfecci\u00f3n- y ha comprendido perfectamente la Hermana Mar\u00eda Cristina, sabi\u00e9ndose por su profesi\u00f3n esposa de Cristo, ya para siempre, a \u00c9l unida por amor fiel y constante.<\/p>\n\n\n\n<p class=\"has-vivid-cyan-blue-color has-text-color has-link-color wp-elements-f0f58803d47f1d109f71410b471212bd\">Del periodo de formaci\u00f3n -bien que ya vinieran impresas en su naturaleza y en su historia familiar- le quedan grabadas algunas caracter\u00edsticas muy teresianas: en primer lugar, el amor y devoci\u00f3n a la Sant\u00edsima Virgen; adem\u00e1s, como Santa Teresa, la Hermana Mar\u00eda Cristina se distinguir\u00e1 por algunas virtudes particulares: el agradecimiento; la capacidad de trabajo sin menoscabo de la con fianza en Dios; la humildad y el deseo de servir a todas; la fuerza de voluntad para no detenerse ante el dolor, la enfermedad o cualquier otro tipo de adversidad, etc.<\/p>\n\n\n\n<p class=\"has-vivid-cyan-blue-color has-text-color has-link-color wp-elements-5829a5db35475b2824c051609f22b90d\"><strong>Unida al Cristo sufriente<\/strong><\/p>\n\n\n\n<p class=\"has-vivid-cyan-blue-color has-text-color has-link-color wp-elements-c44466ec1f6ecbc4e50e2932193da66e\">&nbsp;\u00abSolo os pido que le mir\u00e9is\u00bb, dice Santa Teresa a sus monjas en el camino de Perfecci\u00f3n. La carmelita descalza que contempla a cristo descubre en \u00c9l a un esposo fiel, a un leal compa\u00f1ero de camino, a un amigo que sostiene y ampara siempre, en cualquier situaci\u00f3n. A la vista de tal Se\u00f1or, Teresa invita a sus hijas a compartir con \u00e9l sufrimientos y alegr\u00edas, a imitarlo cuando sube a la cruz, no solo a buscar consuelos. A este respecto, Mar\u00eda Cristina ser\u00e1 fidel\u00edsima hija de Santa teresa. Bell\u00edsima y s\u00edntesis de todo su recorrido vital, esta frase que encontramos en una nota aut\u00f3grafa: \u00abcruz preciosa, desconocida para el mundo, pero para el que ama al crucificado es Faro que alumbra la barquichuela de su vida\u00bb. Sentencia que expresa de modo pleno y claro la comuni\u00f3n de la Hermana Cristina con la experiencia de la Santa Madre Teresa, que hab\u00eda afirmado que la cruz es el camino para el cielo, en la que encontramos la vida y el con suelo.<\/p>\n\n\n\n<p class=\"has-vivid-cyan-blue-color has-text-color has-link-color wp-elements-b47d46833536462bf4dbd8a0c70541d0\">A la luz de la presencia de cristo crucificado, compa\u00f1ero y fuente de consuelo, Mar\u00eda Cristina vive todos los acontecimientos dolorosos de su vida como una oportunidad de identificaci\u00f3n con \u00c9l. Las comunidades religiosas est\u00e1n compuestas por personas y, por desgracia, tambi\u00e9n en ellas se dan, a veces, las hostilidades y las incomprensiones humanas. Mar\u00eda Cristina sufrir\u00e1 desprecios y persecuciones en su comunidad, precisamente fruto de envidias o malentendidos frente a las gracias extraordinarias que de Jes\u00fas recib\u00eda. No hay en Mar\u00eda Cristina lugar para el rencor o, mucho menos, el odio a las hermanas que la contradicen. Comprende todos estos hechos como una oportunidad de pagar con amor el dolor ocasionado y de vivir en clave de confianza cualquier sufrimiento, fruto de la enfermedad o de las pobrezas humanas de las personas con las que convive. Fiel a la llamada de Santa Teresa, Mar\u00eda Cristina ve en estos hechos, por lo tanto, una oportunidad de identificarse con Cristo, su esposo, de padecer junto a \u00c9l y consolarle en sus dolores terrenos. Vive cada acontecimiento -y en esto se muestra tambi\u00e9n hija de San Juan de la Cruz- en fe, esperanza y caridad, con la confianza absoluta de quien sabe, en lo profundo de su coraz\u00f3n, que Dios es Misericordia, y que es Se\u00f1or de la historia personal tanto como de la historia del mundo. As\u00ed, con esp\u00edritu teresiano, afronta asida a Jes\u00fas cualquier circunstancia que se presente, dura o positiva que sea.<\/p>\n\n\n\n<p class=\"has-vivid-cyan-blue-color has-text-color has-link-color wp-elements-1026d07558131cbdb69438e8c079d2c4\"><strong>Del centro del alma al coraz\u00f3n del mundo<\/strong><\/p>\n\n\n\n<p class=\"has-vivid-cyan-blue-color has-text-color has-link-color wp-elements-1e71b67cc65b8f42916b449fe87abc08\">Al final del castillo interior o Libro de las moradas, Santa Teresa de Jes\u00fas advierte a quienes quieren ser espirituales que no est\u00e1 la cosa en encerrarse en s\u00ed mismos, en capotados y desentendidos de la realidad del mundo, de las necesidades de los que nos rodean. Del encuentro en el centro del alma con el Dios que nos habita, la persona sale proyectada al servicio al pr\u00f3jimo en el coraz\u00f3n del mundo, imitando a Cristo crucificado que se convierte en esclavo de todos (castillo interior, s\u00e9ptima morada).<\/p>\n\n\n\n<p class=\"has-vivid-cyan-blue-color has-text-color has-link-color wp-elements-779b4038d0949fa7271c6ae6709b8eca\">Un programa de verdadera vida espiritual cristiana y evang\u00e9lica, por lo tanto, el que propone Teresa de Jes\u00fas, el cual va a ser asumido plenamente por la hermana cristina. Ya en su conventito de San Fernando, goza de la presencia de Cristo en cada acto de la vida comunitaria, que no es para ella cruz o penitencia, sino \u00abdelicia y refrigerio\u00bb.<\/p>\n\n\n\n<p class=\"has-vivid-cyan-blue-color has-text-color has-link-color wp-elements-8fe2c6f91ba52f849d3c911d67ad5573\">Se siente en su centro, como pez en el agua, pero comprende que no ha de buscarse a ella misma, sino que debe sacrificarse y pedir por el mundo entero, para que todos los hombres amen y conozcan m\u00e1s a dios nuestro Se\u00f1or, criador y Redentor. Son muchos los testimonios que dan fe de los fen\u00f3menos m\u00edsticos extraordinarios recibidos por la Hermana Cristina. Como buena hija de Santa Teresa sabe que esas manifestaciones son dones que hay que recibir con agradecimiento, pero que no definen la calidad de la vida espiritual de la persona.<\/p>\n\n\n\n<p class=\"has-vivid-cyan-blue-color has-text-color has-link-color wp-elements-40f807c178045257c345a5453f674af8\">Es m\u00e1s, si no hay una verdadera respuesta evang\u00e9lica, si no nace de ah\u00ed un compromiso mayor de caridad y amor fraterno, entonces no sirven para nada, no contribuyen a la santificaci\u00f3n (como explica la Santa en las sextas y s\u00e9ptimas moradas del castillo interior). As\u00ed, la Hermana Mar\u00eda Cristina deseaba solo \u00abamar a dios y a sus hermanos con un amor humilde y fuerte, unida a la cruz del Se\u00f1or\u00bb, a trav\u00e9s del ejercicio de la caridad cristiana, la escucha y la acogida, el consuelo de los tristes, etc. En nuestra querida Hermana Mar\u00eda Cristina, pues como esperamos haber mostrado al lector en estas l\u00edneas-, el carisma teresiano toma, una vez m\u00e1s, carne en medio del mundo. Todo un est\u00edmulo para quienes formamos parte de la familia fundada por Santa Teresa: monjas, frailes y seglares, todos llamados a concretar el esp\u00edritu de la Santa Madre en el mundo que nos toca vivir.<\/p>\n\n\n\n<p class=\"has-vivid-cyan-blue-color has-text-color has-link-color wp-elements-9eacd209558d9645bd26ea0f0f7fa4f7\"><em>Los textos entre comillas que se refieren a la hermana Mar\u00eda Cristina est\u00e1n tomados de la biograf\u00eda breve -Una vida entregada-, publicada por las Carmelitas descalzas de San Fernando.<\/em><\/p>\n\n\n\n<p class=\"has-text-align-center has-vivid-cyan-blue-color has-text-color has-link-color wp-elements-c73619283da579161c6642345c3b6977\"><em><strong>FRAY EMILIO JOS\u00c9 MART\u00cdNEZ GONZ\u00c1LEZ<\/strong><\/em><\/p>\n\n\n\n<p class=\"has-text-align-center has-vivid-cyan-blue-color has-text-color has-link-color wp-elements-afbde9429b5c060aedd7410d916770f3\"><em><strong>Carmelita descalzo<\/strong><\/em><\/p>\n\n\n<style>.kb-image568_ee4334-83 .kb-image-has-overlay:after{opacity:0.3;}<\/style>\n<div class=\"wp-block-kadence-image kb-image568_ee4334-83\"><figure class=\"aligncenter size-large\"><img loading=\"lazy\" decoding=\"async\" width=\"1024\" height=\"618\" src=\"https:\/\/misericordiadesanfernando.com\/wp-content\/uploads\/2025\/11\/WhatsApp-Image-2025-11-17-at-20.52.11-1024x618.jpeg\" alt=\"\" class=\"kb-img wp-image-1795\" srcset=\"https:\/\/misericordiadesanfernando.com\/wp-content\/uploads\/2025\/11\/WhatsApp-Image-2025-11-17-at-20.52.11-1024x618.jpeg 1024w, https:\/\/misericordiadesanfernando.com\/wp-content\/uploads\/2025\/11\/WhatsApp-Image-2025-11-17-at-20.52.11-300x181.jpeg 300w, https:\/\/misericordiadesanfernando.com\/wp-content\/uploads\/2025\/11\/WhatsApp-Image-2025-11-17-at-20.52.11-768x464.jpeg 768w, https:\/\/misericordiadesanfernando.com\/wp-content\/uploads\/2025\/11\/WhatsApp-Image-2025-11-17-at-20.52.11.jpeg 1163w\" sizes=\"auto, (max-width: 1024px) 100vw, 1024px\" \/><\/figure><\/div>\n","protected":false},"excerpt":{"rendered":"<p>EL ESPIRITU CARMELITANO Y LA HERMANA CRISTINA EN LA MISERICORDIA Es imposible comprender la vida y la espiritualidad de la Hermana Mar\u00eda Cristina si la separamos de su ra\u00edz m\u00e1s&hellip;<\/p>\n","protected":false},"author":2,"featured_media":0,"parent":0,"menu_order":0,"comment_status":"closed","ping_status":"closed","template":"","meta":{"footnotes":""},"class_list":["post-568","page","type-page","status-publish","hentry"],"_links":{"self":[{"href":"https:\/\/misericordiadesanfernando.com\/index.php\/wp-json\/wp\/v2\/pages\/568","targetHints":{"allow":["GET"]}}],"collection":[{"href":"https:\/\/misericordiadesanfernando.com\/index.php\/wp-json\/wp\/v2\/pages"}],"about":[{"href":"https:\/\/misericordiadesanfernando.com\/index.php\/wp-json\/wp\/v2\/types\/page"}],"author":[{"embeddable":true,"href":"https:\/\/misericordiadesanfernando.com\/index.php\/wp-json\/wp\/v2\/users\/2"}],"replies":[{"embeddable":true,"href":"https:\/\/misericordiadesanfernando.com\/index.php\/wp-json\/wp\/v2\/comments?post=568"}],"version-history":[{"count":5,"href":"https:\/\/misericordiadesanfernando.com\/index.php\/wp-json\/wp\/v2\/pages\/568\/revisions"}],"predecessor-version":[{"id":1796,"href":"https:\/\/misericordiadesanfernando.com\/index.php\/wp-json\/wp\/v2\/pages\/568\/revisions\/1796"}],"wp:attachment":[{"href":"https:\/\/misericordiadesanfernando.com\/index.php\/wp-json\/wp\/v2\/media?parent=568"}],"curies":[{"name":"wp","href":"https:\/\/api.w.org\/{rel}","templated":true}]}}