{"id":46,"date":"2025-07-23T13:30:58","date_gmt":"2025-07-23T11:30:58","guid":{"rendered":"http:\/\/localhost\/misericordia\/?page_id=46"},"modified":"2025-11-18T13:38:11","modified_gmt":"2025-11-18T12:38:11","slug":"titulares","status":"publish","type":"page","link":"https:\/\/misericordiadesanfernando.com\/index.php\/titulares\/","title":{"rendered":""},"content":{"rendered":"\n<p><\/p>\n\n\n<style>.kb-image46_53161c-97 .kb-image-has-overlay:after{opacity:0.3;}<\/style>\n<div class=\"wp-block-kadence-image kb-image46_53161c-97\"><figure class=\"aligncenter size-large\"><img loading=\"lazy\" decoding=\"async\" width=\"1024\" height=\"341\" src=\"https:\/\/misericordiadesanfernando.com\/wp-content\/uploads\/2025\/11\/titulares-1024x341.jpeg\" alt=\"\" class=\"kb-img wp-image-1157\" srcset=\"https:\/\/misericordiadesanfernando.com\/wp-content\/uploads\/2025\/11\/titulares-1024x341.jpeg 1024w, https:\/\/misericordiadesanfernando.com\/wp-content\/uploads\/2025\/11\/titulares-300x100.jpeg 300w, https:\/\/misericordiadesanfernando.com\/wp-content\/uploads\/2025\/11\/titulares-768x256.jpeg 768w, https:\/\/misericordiadesanfernando.com\/wp-content\/uploads\/2025\/11\/titulares.jpeg 1500w\" sizes=\"auto, (max-width: 1024px) 100vw, 1024px\" \/><\/figure><\/div>\n\n\n\n<p class=\"has-text-align-center has-vivid-cyan-blue-color has-text-color has-link-color wp-elements-85157d5ec41223429cdb408135475ffd\"><strong>NUESTRO PADRE JES\u00daS DE LA MISERICORDIA<\/strong><\/p>\n\n\n\n<p class=\"has-vivid-cyan-blue-color has-text-color has-link-color wp-elements-0309c69bd15b3dba59a68a528245adf3\"><strong>Antigua imagen de un nazareno.<\/strong><strong><\/strong><\/p>\n\n\n\n<p class=\"has-vivid-cyan-blue-color has-text-color has-link-color wp-elements-b0794ba20659d2256bc46888749c4463\">La imagen del Nazareno con cruz de madera sobre su hombro existente en la Iglesia de la Divina Pastora, de autor an\u00f3nimo, data de finales del siglo XVII, anterior a la construcci\u00f3n de la Iglesia. Era de las llamadas de candelero, seg\u00fan el informe realizado a petici\u00f3n de la Junta de Gobierno -al hermano de la cofrad\u00eda licenciado en bellas artes y escultor isle\u00f1o Alfonso Berraquero Garc\u00eda-, como paso previo a la magn\u00edfica restauraci\u00f3n realizada en el a\u00f1o 1996, recuperando la primitiva&nbsp;mascarilla de la imagen y tall\u00e1ndose un nuevo cuerpo.<\/p>\n\n\n<style>.kb-image46_2b4f32-f1.kb-image-is-ratio-size, .kb-image46_2b4f32-f1 .kb-image-is-ratio-size{max-width:469px;width:100%;}.wp-block-kadence-column > .kt-inside-inner-col > .kb-image46_2b4f32-f1.kb-image-is-ratio-size, .wp-block-kadence-column > .kt-inside-inner-col > .kb-image46_2b4f32-f1 .kb-image-is-ratio-size{align-self:unset;}.kb-image46_2b4f32-f1 figure{max-width:469px;}.kb-image46_2b4f32-f1 .image-is-svg, .kb-image46_2b4f32-f1 .image-is-svg img{width:100%;}.kb-image46_2b4f32-f1 .kb-image-has-overlay:after{opacity:0.3;}<\/style>\n<div class=\"wp-block-kadence-image kb-image46_2b4f32-f1\"><figure class=\"aligncenter size-full\"><img loading=\"lazy\" decoding=\"async\" width=\"720\" height=\"950\" src=\"https:\/\/misericordiadesanfernando.com\/wp-content\/uploads\/2025\/11\/image00056.jpeg\" alt=\"\" class=\"kb-img wp-image-1159\" srcset=\"https:\/\/misericordiadesanfernando.com\/wp-content\/uploads\/2025\/11\/image00056.jpeg 720w, https:\/\/misericordiadesanfernando.com\/wp-content\/uploads\/2025\/11\/image00056-227x300.jpeg 227w\" sizes=\"auto, (max-width: 720px) 100vw, 720px\" \/><\/figure><\/div>\n\n\n\n<p class=\"has-vivid-cyan-blue-color has-text-color has-link-color wp-elements-83bede880ff66b879e5ee2ebbe04adc4\">Seg\u00fan la&nbsp;tradici\u00f3n oral de personas mayores del barrio a la imagen de Nuestro Padre Jes\u00fas de la&nbsp;Misericordia, t\u00edtulo tomado desde que se funda la hermandad en 1957, se le conoc\u00eda desde la antig\u00fcedad como el Cristo de los Navegantes o del Buen Viaje, proced\u00eda de la capilla Santa Mar\u00eda -seg\u00fan algunos autores- del cercano Castillo de San Romualdo. Investigaciones realizadas en los \u00faltimos a\u00f1os por el historiador local Fernando Mosig P\u00e9rez lo nombra como \u00abNuestro Padre Jes\u00fas de las L\u00e1grimas\u00bb, advocaci\u00f3n desconocida anteriormente.<\/p>\n\n\n\n<p class=\"has-vivid-cyan-blue-color has-text-color has-link-color wp-elements-3355ab98e559de283ba657b90c6ab7ee\">En distintas \u00e9pocas de su historia, se le efectuaron diversas restauraciones; las m\u00e1s lejanas las llevadas a cabo en los siglos XVIII y XIX. Una vez fundada la Hermandad, en 1957 el gaditano Manuel Beret tambi\u00e9n interviene a la Imagen, debido al estado de abandono que sufr\u00eda. En 1958 -d\u00edas antes de la primera salida procesional- el escultor isle\u00f1o Antonio Bey Olvera, tambi\u00e9n lo interviene. Debemos destacar, que estas intervenciones a\u00fan siendo precarias, la venerada Imagen sigue conservando a\u00fan su identidad. En 1.965 el imaginero sevillano Antonio Castillo Lastrucci somete a la imagen a una profunda restauraci\u00f3n, donde le sustituye el candelero que forma el cuerpo por otro de madera de forma redondeada, le retoca profundamente el pelo y la barba, perdi\u00e9ndose gran ocasi\u00f3n para devolver la imagen a su estado primitivo.<\/p>\n\n\n\n<p class=\"has-vivid-cyan-blue-color has-text-color has-link-color wp-elements-02bf4a83616809133f70ee54387df15a\">En la&nbsp; noche del 2 de mayo de 1967 la imagen de Nuestro Padre Jes\u00fas de la Misericordia sufre las consecuencias de un incendio declarado en el altar&nbsp;por causa de una vela de promesa, salv\u00e1ndose solo el rostro. De nuevo vuelve al taller de Castillo Lastrucci, que le talla&nbsp;un nuevo cuerpo, cabeza, manos y pies, adapt\u00e1ndole la mascarilla que fue lo que se&nbsp;salv\u00f3 del incendio. Nuevamente, se deja escapar otra oportunidad de volver a su estado primitivo.<\/p>\n\n\n<style>.kb-image46_3b4dd2-5a .kb-image-has-overlay:after{opacity:0.3;}<\/style>\n<div class=\"wp-block-kadence-image kb-image46_3b4dd2-5a\"><figure class=\"aligncenter size-large\"><img loading=\"lazy\" decoding=\"async\" width=\"694\" height=\"1024\" src=\"https:\/\/misericordiadesanfernando.com\/wp-content\/uploads\/2025\/11\/image00380-694x1024.jpeg\" alt=\"\" class=\"kb-img wp-image-1645\" srcset=\"https:\/\/misericordiadesanfernando.com\/wp-content\/uploads\/2025\/11\/image00380-694x1024.jpeg 694w, https:\/\/misericordiadesanfernando.com\/wp-content\/uploads\/2025\/11\/image00380-203x300.jpeg 203w, https:\/\/misericordiadesanfernando.com\/wp-content\/uploads\/2025\/11\/image00380-768x1132.jpeg 768w, https:\/\/misericordiadesanfernando.com\/wp-content\/uploads\/2025\/11\/image00380-1042x1536.jpeg 1042w, https:\/\/misericordiadesanfernando.com\/wp-content\/uploads\/2025\/11\/image00380.jpeg 1176w\" sizes=\"auto, (max-width: 694px) 100vw, 694px\" \/><\/figure><\/div>\n\n\n\n<p class=\"has-vivid-cyan-blue-color has-text-color has-link-color wp-elements-a67528120e73028d1edc9781a12d39f6\">En Junta celebrada el 5 de mayo de 1984, se nombra una comisi\u00f3n para afrontar definitivamente la restauraci\u00f3n que demandaba la imagen, celebr\u00e1ndose varias reuniones sin llegar acuerdo alguno. Tras varios a\u00f1os, la Junta de Gobierno dirigida por el Hermano Mayor Diego Salado Mar\u00edn decidir\u00e1 efectuarle una definitiva restauraci\u00f3n en el 1995. La comisi\u00f3n formada contacta con escultores que emiten sus informes hasta que la hermandad se decide por el presentado por Alfonso Berraquero Garc\u00eda.<\/p>\n\n\n\n<p class=\"has-vivid-cyan-blue-color has-text-color has-link-color wp-elements-9e7e8788317b4f04bf48ebf8ab35e4a9\">El 13 de julio de 1995, el Obispado emite el decreto aprobando la restauraci\u00f3n en el estudio taller de Berraquero, con el que se extiende contrato para la realizaci\u00f3n de un nuevo cuerpo anat\u00f3mico y un remozado rostro del Cristo.<br>&nbsp;<\/p>\n\n\n\n<p class=\"has-vivid-cyan-blue-color has-text-color has-link-color wp-elements-1282809d5e67baa27cd1b901ae7501d5\">El escultor isle\u00f1o realiza un cuerpo nuevo, incluida la cabeza, que posteriormente deb\u00eda de encajarle la mascarilla restaurada. El 4 de marzo de 1996 la imagen se traslada al taller del escultor para la recuperaci\u00f3n de la mascarilla, -d\u00edas antes se le hab\u00eda efectuado un minucioso estudio radiol\u00f3gico-, en el que se observa&nbsp; que el Se\u00f1or presenta una mascarilla original, perfectamente diferenciada del resto de la cabeza. Cuando Alfonso disecciona, la madera encontrada es de cipr\u00e9s, unas de las especies m\u00e1s adecuadas para la realizaci\u00f3n de im\u00e1genes y&nbsp;utilizadas anta\u00f1o por escultores y tallistas.<\/p>\n\n\n\n<p class=\"has-vivid-cyan-blue-color has-text-color has-link-color wp-elements-45099c31f4f5471e939cf426fb11af23\">Alfonso Berraquero estudia la mascarilla y un dato hace llegar a una conclusi\u00f3n. El escultor descubre que, originariamente, la faz de Cristo presentaba los ojos pintados y posteriormente hab\u00eda sufrido una restauraci\u00f3n en las que se&nbsp; le colocan ojos de cristal realizado con una t\u00e9cnica utilizada a partir del siglo XVIII, dispuestos encima de los&nbsp;reales. Por todo ello, Alfonso llega a&nbsp;la conclusi\u00f3n de que la mascarilla es una obra realizada un siglo antes, presumiblemente en la \u00faltima d\u00e9cada del siglo XVIII.<\/p>\n\n\n\n<p class=\"has-vivid-cyan-blue-color has-text-color has-link-color wp-elements-d8ff3c74f742ae8e1fd5160d4eebf3ac\">Una vez descubierta la mascarilla original, las tres partes implicadas en la restauraci\u00f3n -parroquia, cofrad\u00eda, y escultor- se encuentran con una disyuntiva. Las intenciones pasaban por efectuar la restauraci\u00f3n sin alterar la fisonom\u00eda de la imagen y evitar un trabajo de notable transformaci\u00f3n f\u00edsica; se plantearon las dos opciones: \u00bfse realiza una restauraci\u00f3n integral o se vuelve a retomar la misma que ten\u00eda?.&nbsp; Las partes deciden un\u00e1nimemente el respetar el hallazgo hist\u00f3rico art\u00edstico, la misma consideraci\u00f3n se recibe del Vicario Judicial de la Di\u00f3cesis, con fecha de 12 de marzo de 1996.<\/p>\n\n\n\n<p class=\"has-vivid-cyan-blue-color has-text-color has-link-color wp-elements-4bab562e7eea22e4512ccf22ca51939c\">Alfonso Berraquero, se pone mano a la obra y con fecha de 24 de marzo concluye su trabajo, -fecha en la que se conmemor\u00f3 el d\u00e9cimo sexto aniversario de la partida al cielo de la Hermana Cristina de Jes\u00fas Sacramentado. &nbsp;Al d\u00eda siguiente, el lunes 25 de marzo la Imagen regresa al templo para el culto p\u00fablico entre la expectaci\u00f3n de algunos, la curiosidad de otros y la emoci\u00f3n y fe indescriptible de los pocos -los miembros de la Junta de Gobierno y hermanos muy allegados- que colocaron al Se\u00f1or de la Misericordia en su altar mientras musitaban una oraci\u00f3n entrecortada por an\u00f3nimas l\u00e1grimas de fervor.<\/p>\n\n\n<style>.kb-image46_3c61ab-82 .kb-image-has-overlay:after{opacity:0.3;}<\/style>\n<div class=\"wp-block-kadence-image kb-image46_3c61ab-82\"><figure class=\"aligncenter size-large\"><img loading=\"lazy\" decoding=\"async\" width=\"830\" height=\"1024\" src=\"https:\/\/misericordiadesanfernando.com\/wp-content\/uploads\/2025\/11\/cristo-830x1024.jpeg\" alt=\"\" class=\"kb-img wp-image-1773\" srcset=\"https:\/\/misericordiadesanfernando.com\/wp-content\/uploads\/2025\/11\/cristo-830x1024.jpeg 830w, https:\/\/misericordiadesanfernando.com\/wp-content\/uploads\/2025\/11\/cristo-243x300.jpeg 243w, https:\/\/misericordiadesanfernando.com\/wp-content\/uploads\/2025\/11\/cristo-768x947.jpeg 768w, https:\/\/misericordiadesanfernando.com\/wp-content\/uploads\/2025\/11\/cristo-1245x1536.jpeg 1245w, https:\/\/misericordiadesanfernando.com\/wp-content\/uploads\/2025\/11\/cristo.jpeg 1297w\" sizes=\"auto, (max-width: 830px) 100vw, 830px\" \/><\/figure><\/div>\n\n\n\n<p><\/p>\n\n\n\n<p class=\"has-text-align-center has-vivid-cyan-blue-color has-text-color has-link-color wp-elements-ed338ec5f7566ba379f2f85730f534c9\"><strong>MAR\u00cdA SANT\u00cdSIMA DE LA PIEDAD<\/strong><\/p>\n\n\n\n<p class=\"has-vivid-cyan-blue-color has-text-color has-link-color wp-elements-464ce7a6489a94036125e1536f9b8ebc\">En Junta de Gobierno, celebrada el 20 de marzo de 1975, se tom\u00f3 el important\u00edsimo acuerdo de efectuar un concurso de bocetos entre imagineros y escultores sevillanos, para tallar la imagen.<\/p>\n\n\n\n<p class=\"has-vivid-cyan-blue-color has-text-color has-link-color wp-elements-0188f803f0210f1d392b0edb7dd6146b\">La elecci\u00f3n del escultor que llevar\u00eda a cabo la talla de la imagen de Mar\u00eda Sant\u00edsima de la Piedad fue tomada en la Junta de Gobierno celebrada el d\u00eda 10 de junio de 1975, donde se acord\u00f3 designar al joven imaginero sevillano Luis \u00c1lvarez Duarte para que llevase a efecto la talla. Entre los meses de junio y octubre son muchas las visitas realizadas por cofrades la Misericordia hasta el estudio de \u00c1lvarez Duarte en la calle Aguiar, para hacer un seguimiento al avance de la obra, que supondr\u00eda que ansiado deseo de esta Hermandad, que desde el a\u00f1o 1957 -cuando se funda la Misericordia- se sue\u00f1a con la veneraci\u00f3n de nuestra Madre de la Piedad.<\/p>\n\n\n\n<p class=\"has-vivid-cyan-blue-color has-text-color has-link-color wp-elements-34bc3ba48ecdcd5d47a817d9a1e69803\">El 8 de noviembre fue trasladada a nuestra ciudad, siendo celosamente custodiada durante un mes en el domicilio del por aquel entonces Hermano Mayor, Florencio Collantes P\u00e9rez.<\/p>\n\n\n\n<p class=\"has-vivid-cyan-blue-color has-text-color has-link-color wp-elements-fecefd083cf9e0c0718c9b749fdef285\">El 24 de noviembre de 1975, la Junta de Gobierno recib\u00eda la comunicaci\u00f3n del Obispado de la aprobaci\u00f3n por la Junta Diocesana de Arte, para la que la imagen se pudiera bendecir, delegando el Sr. Obispo para este fin a nuestro P\u00e1rroco y Director Espiritual Rvdo. Padre Jos\u00e9 M\u00aa Arenas Gil, fij\u00e1ndose la fecha de bendici\u00f3n, como hab\u00eda sido el deseo inicial de los dirigentes de la corporaci\u00f3n, el d\u00eda 8 de diciembre del citado a\u00f1o 1975, -un a\u00f1o transcendental que por diversos motivos marc\u00f3 la vida y la historia de la Hermandad de la Misericordia-, coincidiendo con la Solemnidad de la Inmaculada Concepci\u00f3n de la Sant\u00edsima Virgen Mar\u00eda.<\/p>\n\n\n\n<p class=\"has-vivid-cyan-blue-color has-text-color has-link-color wp-elements-d36cf754d8bf158d33bbd82f7d3102bd\">La ceremonia fue oficiada por el Rvdo. Padre Jos\u00e9 M\u00aa Arenas Gil, y concelebrada con los Rvdos. Padres P\u00e9rez Cayetano y Guerrero Amaya, Coadjutor de Parroquia de la Divina Pastora y P\u00e1rroco de la Sagrada Familia, respectivamente.<\/p>\n\n\n\n<p class=\"has-vivid-cyan-blue-color has-text-color has-link-color wp-elements-2960e8afaf147ba48731ebcfe07c96d8\">Una vez terminada la Santa Misa, comenz\u00f3 el primer besamanos acerc\u00e1ndose con gran devoci\u00f3n los asistentes a Mar\u00eda Sant\u00edsima de la Piedad, quedando la imagen expuesta durante toda la jornada, siendo innumerables las personas que desfilaron por el templo de la Divina Pastora para conocerla y rendirle pleites\u00eda.<\/p>\n\n\n\n<p class=\"has-vivid-cyan-blue-color has-text-color has-link-color wp-elements-8c96c76bec825742692de308b8ccea34\">La Sant\u00edsima Virgen de la Piedad fue la primera contribuci\u00f3n a la Semana Santa isle\u00f1a que hizo el prolifero escultor sevillano, Luis \u00c1lvarez Duarte, una imagen de bellos rasgos que probablemente marcara un antes y un despu\u00e9s en aquella etapa de gran esplendor del autor. La imagen fue realizada al poco tiempo de retornar a Sevilla desde Madrid, cuando volvi\u00f3 a asumir muchos encargos de imaginer\u00eda religiosa en su estudio de la calle Aguiar.<\/p>\n\n\n\n<p class=\"has-text-align-left has-vivid-cyan-blue-color has-text-color has-link-color wp-elements-2e8b319960caf2da0fea292cc1724a27\">Es una imagen que nos muestra un dolor acentuado, muy remarcado en las cejas, los ojos llorosos y las l\u00e1grimas. Una imagen que llama claramente al fervor y a la oraci\u00f3n, y que supone un referente devocional en el barrio de la Pastora desde su llegada hace ya cincuenta a\u00f1os. Con esta Virgen se ha dado un caso inusual, que hizo que cobrara a\u00fan m\u00e1s importancia la obra para su autor, ya que \u201cel Ni\u00f1o Imaginero\u201d fue su pregonero el 8 de diciembre de 1987, atendiendo a la petici\u00f3n de la cofrad\u00eda, no siendo su costumbre -aquella de pregonar con palabras sus obras- pero que acept\u00f3 complacido la encomienda, dejando claro testimonio en aquella jornada mariana de su fuerte amor y del arraigo a la Imagen, su primog\u00e9nita isle\u00f1a, de la que atestiguo era su musa, y aquella que le abri\u00f3 la puerta a una ciudad donde para siempre recibi\u00f3 su cari\u00f1o.<\/p>\n\n\n<style>.kb-image46_34702d-9a .kb-image-has-overlay:after{opacity:0.3;}<\/style>\n<div class=\"wp-block-kadence-image kb-image46_34702d-9a\"><figure class=\"aligncenter size-large\"><img loading=\"lazy\" decoding=\"async\" width=\"781\" height=\"1024\" src=\"https:\/\/misericordiadesanfernando.com\/wp-content\/uploads\/2025\/11\/fotoscan655-781x1024.jpg\" alt=\"\" class=\"kb-img wp-image-497\" srcset=\"https:\/\/misericordiadesanfernando.com\/wp-content\/uploads\/2025\/11\/fotoscan655-781x1024.jpg 781w, https:\/\/misericordiadesanfernando.com\/wp-content\/uploads\/2025\/11\/fotoscan655-229x300.jpg 229w, https:\/\/misericordiadesanfernando.com\/wp-content\/uploads\/2025\/11\/fotoscan655-768x1007.jpg 768w, https:\/\/misericordiadesanfernando.com\/wp-content\/uploads\/2025\/11\/fotoscan655-1172x1536.jpg 1172w, https:\/\/misericordiadesanfernando.com\/wp-content\/uploads\/2025\/11\/fotoscan655-1562x2048.jpg 1562w, https:\/\/misericordiadesanfernando.com\/wp-content\/uploads\/2025\/11\/fotoscan655-scaled.jpg 1953w\" sizes=\"auto, (max-width: 781px) 100vw, 781px\" \/><\/figure><\/div>\n","protected":false},"excerpt":{"rendered":"<p>NUESTRO PADRE JES\u00daS DE LA MISERICORDIA Antigua imagen de un nazareno. La imagen del Nazareno con cruz de madera sobre su hombro existente en la Iglesia de la Divina Pastora,&hellip;<\/p>\n","protected":false},"author":2,"featured_media":0,"parent":0,"menu_order":0,"comment_status":"closed","ping_status":"closed","template":"","meta":{"footnotes":""},"class_list":["post-46","page","type-page","status-publish","hentry"],"_links":{"self":[{"href":"https:\/\/misericordiadesanfernando.com\/index.php\/wp-json\/wp\/v2\/pages\/46","targetHints":{"allow":["GET"]}}],"collection":[{"href":"https:\/\/misericordiadesanfernando.com\/index.php\/wp-json\/wp\/v2\/pages"}],"about":[{"href":"https:\/\/misericordiadesanfernando.com\/index.php\/wp-json\/wp\/v2\/types\/page"}],"author":[{"embeddable":true,"href":"https:\/\/misericordiadesanfernando.com\/index.php\/wp-json\/wp\/v2\/users\/2"}],"replies":[{"embeddable":true,"href":"https:\/\/misericordiadesanfernando.com\/index.php\/wp-json\/wp\/v2\/comments?post=46"}],"version-history":[{"count":10,"href":"https:\/\/misericordiadesanfernando.com\/index.php\/wp-json\/wp\/v2\/pages\/46\/revisions"}],"predecessor-version":[{"id":1890,"href":"https:\/\/misericordiadesanfernando.com\/index.php\/wp-json\/wp\/v2\/pages\/46\/revisions\/1890"}],"wp:attachment":[{"href":"https:\/\/misericordiadesanfernando.com\/index.php\/wp-json\/wp\/v2\/media?parent=46"}],"curies":[{"name":"wp","href":"https:\/\/api.w.org\/{rel}","templated":true}]}}