{"id":44,"date":"2025-07-23T13:30:22","date_gmt":"2025-07-23T11:30:22","guid":{"rendered":"http:\/\/localhost\/misericordia\/?page_id=44"},"modified":"2025-11-14T19:43:39","modified_gmt":"2025-11-14T18:43:39","slug":"cultos","status":"publish","type":"page","link":"https:\/\/misericordiadesanfernando.com\/index.php\/cultos\/","title":{"rendered":""},"content":{"rendered":"\n<p><\/p>\n\n\n<style>.kb-image44_830a7e-fc .kb-image-has-overlay:after{opacity:0.3;}<\/style>\n<div class=\"wp-block-kadence-image kb-image44_830a7e-fc\"><figure class=\"aligncenter size-large\"><img loading=\"lazy\" decoding=\"async\" width=\"1024\" height=\"341\" src=\"https:\/\/misericordiadesanfernando.com\/wp-content\/uploads\/2025\/11\/cultos-1024x341.jpeg\" alt=\"\" class=\"kb-img wp-image-1191\" srcset=\"https:\/\/misericordiadesanfernando.com\/wp-content\/uploads\/2025\/11\/cultos-1024x341.jpeg 1024w, https:\/\/misericordiadesanfernando.com\/wp-content\/uploads\/2025\/11\/cultos-300x100.jpeg 300w, https:\/\/misericordiadesanfernando.com\/wp-content\/uploads\/2025\/11\/cultos-768x256.jpeg 768w, https:\/\/misericordiadesanfernando.com\/wp-content\/uploads\/2025\/11\/cultos.jpeg 1500w\" sizes=\"auto, (max-width: 1024px) 100vw, 1024px\" \/><\/figure><\/div>\n\n\n\n<p><\/p>\n\n\n\n<p class=\"has-text-align-center has-vivid-cyan-blue-color has-text-color has-link-color wp-elements-ea47c6f57bc9cf8496aba549587c9701\"><strong>CULTOS Y LITURGIA<\/strong><\/p>\n\n\n\n<p class=\"has-vivid-cyan-blue-color has-text-color has-link-color wp-elements-f7e5c62d711b16777b5a47e38caa47a0\">El \u00c1rea de Cultos y Liturgia es el coraz\u00f3n espiritual de nuestra Hermandad. Su labor se centra en cuidar y fomentar la vida de fe de todos los hermanos, coordinando los actos de culto y velando por su adecuada preparaci\u00f3n y solemnidad.<\/p>\n\n\n\n<p class=\"has-vivid-cyan-blue-color has-text-color has-link-color wp-elements-3c46d0a76cd53378a07b0ef806b22042\">Entre sus cometidos se encuentra la organizaci\u00f3n de los cultos anuales en honor a nuestros Sagrados Titulares \u2014 de primer viernes de mes, triduos, besamanos y besapi\u00e9s\u2014 as\u00ed como las celebraciones lit\u00fargicas propias de cada tiempo del a\u00f1o, desde la Cuaresma hasta la Pascua, pasando por las fiestas marianas y las solemnidades de la Iglesia.<\/p>\n\n\n\n<p class=\"has-vivid-cyan-blue-color has-text-color has-link-color wp-elements-7ac3c9ed0dbea3a1fdcea543c8b63416\">El \u00e1rea se ocupa tambi\u00e9n de la formaci\u00f3n lit\u00fargica de los hermanos, promoviendo la participaci\u00f3n activa y consciente en las celebraciones, de acuerdo con las normas y el esp\u00edritu de la liturgia de la Iglesia. Adem\u00e1s, cuida con esmero los enseres, ornamentos y elementos necesarios para el culto, buscando siempre la dignidad y belleza que merece el servicio a Dios y a la Virgen.<\/p>\n\n\n\n<p class=\"has-vivid-cyan-blue-color has-text-color has-link-color wp-elements-f73ec609d3c8f2fdf02bf6237215ec2e\">En definitiva, el \u00c1rea de Cultos y Liturgia trabaja para que cada celebraci\u00f3n sea un verdadero encuentro con el Se\u00f1or y con Mar\u00eda Sant\u00edsima, fuente de vida espiritual y centro de comuni\u00f3n fraterna dentro de la Hermandad.<\/p>\n","protected":false},"excerpt":{"rendered":"<p>CULTOS Y LITURGIA El \u00c1rea de Cultos y Liturgia es el coraz\u00f3n espiritual de nuestra Hermandad. Su labor se centra en cuidar y fomentar la vida de fe de todos&hellip;<\/p>\n","protected":false},"author":2,"featured_media":0,"parent":0,"menu_order":0,"comment_status":"closed","ping_status":"closed","template":"","meta":{"footnotes":""},"class_list":["post-44","page","type-page","status-publish","hentry"],"_links":{"self":[{"href":"https:\/\/misericordiadesanfernando.com\/index.php\/wp-json\/wp\/v2\/pages\/44","targetHints":{"allow":["GET"]}}],"collection":[{"href":"https:\/\/misericordiadesanfernando.com\/index.php\/wp-json\/wp\/v2\/pages"}],"about":[{"href":"https:\/\/misericordiadesanfernando.com\/index.php\/wp-json\/wp\/v2\/types\/page"}],"author":[{"embeddable":true,"href":"https:\/\/misericordiadesanfernando.com\/index.php\/wp-json\/wp\/v2\/users\/2"}],"replies":[{"embeddable":true,"href":"https:\/\/misericordiadesanfernando.com\/index.php\/wp-json\/wp\/v2\/comments?post=44"}],"version-history":[{"count":2,"href":"https:\/\/misericordiadesanfernando.com\/index.php\/wp-json\/wp\/v2\/pages\/44\/revisions"}],"predecessor-version":[{"id":1192,"href":"https:\/\/misericordiadesanfernando.com\/index.php\/wp-json\/wp\/v2\/pages\/44\/revisions\/1192"}],"wp:attachment":[{"href":"https:\/\/misericordiadesanfernando.com\/index.php\/wp-json\/wp\/v2\/media?parent=44"}],"curies":[{"name":"wp","href":"https:\/\/api.w.org\/{rel}","templated":true}]}}