{"id":1970,"date":"2025-11-20T23:52:16","date_gmt":"2025-11-20T22:52:16","guid":{"rendered":"https:\/\/misericordiadesanfernando.com\/?page_id=1970"},"modified":"2025-11-20T23:54:04","modified_gmt":"2025-11-20T22:54:04","slug":"1970-2","status":"publish","type":"page","link":"https:\/\/misericordiadesanfernando.com\/index.php\/1970-2\/","title":{"rendered":""},"content":{"rendered":"\n<p><\/p>\n\n\n<style>.kb-image1970_9e3a12-2b .kb-image-has-overlay:after{opacity:0.3;}<\/style>\n<div class=\"wp-block-kadence-image kb-image1970_9e3a12-2b\"><figure class=\"aligncenter size-large\"><img loading=\"lazy\" decoding=\"async\" width=\"1024\" height=\"341\" src=\"https:\/\/misericordiadesanfernando.com\/wp-content\/uploads\/2025\/11\/WhatsApp-Image-2025-11-20-at-12.42.10-1024x341.jpeg\" alt=\"\" class=\"kb-img wp-image-1971\" srcset=\"https:\/\/misericordiadesanfernando.com\/wp-content\/uploads\/2025\/11\/WhatsApp-Image-2025-11-20-at-12.42.10-1024x341.jpeg 1024w, https:\/\/misericordiadesanfernando.com\/wp-content\/uploads\/2025\/11\/WhatsApp-Image-2025-11-20-at-12.42.10-300x100.jpeg 300w, https:\/\/misericordiadesanfernando.com\/wp-content\/uploads\/2025\/11\/WhatsApp-Image-2025-11-20-at-12.42.10-768x256.jpeg 768w, https:\/\/misericordiadesanfernando.com\/wp-content\/uploads\/2025\/11\/WhatsApp-Image-2025-11-20-at-12.42.10.jpeg 1500w\" sizes=\"auto, (max-width: 1024px) 100vw, 1024px\" \/><\/figure><\/div>\n\n\n\n<p class=\"has-text-align-center has-vivid-cyan-blue-color has-text-color has-link-color wp-elements-5d21a13a39cfdd6ba2b950e89677dfa7\"><strong>LA PROCESI\u00d3N EXTRAORDINARIA DEL A\u00d1O JUBILAR DE LA MISERICORDIA<\/strong><\/p>\n\n\n\n<p class=\"has-vivid-cyan-blue-color has-text-color has-link-color wp-elements-8502e61214a38430d5d4baae78db71d3\">San Fernando vivi\u00f3 en la noche del 11 de noviembre de 2016, un acto especial como preludio de la clausura oficial del A\u00f1o Jubilar de la Misericordia.<\/p>\n\n\n\n<p class=\"has-vivid-cyan-blue-color has-text-color has-link-color wp-elements-6c7df59b7f6da9e9d3727c3d4e9cbc96\">El paso de misterio de la hermandad de la Misericordia, presidi\u00f3 la peregrinaci\u00f3n de todas las hermandades de penitencia y gloria de San Fernando, desde el templo pastore\u00f1o hasta la iglesia Mayor parroquial. La plaza de la Pastora estaba expectante por ver la salida del paso de misterio, precedido de un largo cortejo donde hubo mucha seriedad por parte de los cofrades del Jueves Santo.<\/p>\n\n\n\n<p class=\"has-vivid-cyan-blue-color has-text-color has-link-color wp-elements-b320ae1202859dc5e65836d445803d75\">Un paso que mostraba una imagen in\u00e9dita en la calle, con Jes\u00fas de la Misericordia con una t\u00fanica morada de bordados finos, y una mujer Ver\u00f3nica que tambi\u00e9n luc\u00eda manto morado, mientras Sim\u00f3n de Cirene vest\u00eda a modo de la etapa rom\u00e1ntica. Anturios rojos fue el principal exorno de un paso que sali\u00f3 con el silencio de la plaza.<\/p>\n\n\n\n<p class=\"has-vivid-cyan-blue-color has-text-color has-link-color wp-elements-5f1a7a0cf9dd64a2f0ec053247c28775\">En la puerta del templo, la alcaldesa de San Fernando, Patricia Cavada, dio los tres toques de llamador. Comenzaba as\u00ed el peregrinar de todas las hermandades en silencio.<\/p>\n\n\n\n<p class=\"has-vivid-cyan-blue-color has-text-color has-link-color wp-elements-93bc3deea44ce5a1bd1b21781afdb144\">Todo transcurri\u00f3 con puntualidad inglesa. A las 20:58 horas, el paso de la Misericordia tocaba fondo en el interior de la iglesia Mayor parroquial y comenzaba la ceremonia arciprestal de cierre del A\u00f1o de la Misericordia. El arcipreste del momento, Alfonso Guti\u00e9rrez Estudillo presidi\u00f3 una ceremonia que estuvo concelebrada por el p\u00e1rroco de la Pastora, Luis Palomino Mill\u00e1n; y el vicario parroquial de San Jos\u00e9 Artesano, Juan Ram\u00f3n Rouco, entre otros.<\/p>\n\n\n\n<p class=\"has-vivid-cyan-blue-color has-text-color has-link-color wp-elements-c3365c48e4e571823dc43a99083517bf\">La Coral Logar de la Puente marc\u00f3 la entrada del paso en el templo con el himno de la Misericordia. Curiosamente, era el segundo a\u00f1o consecutivo en el que el titular de la hermandad entraba hasta el altar mayor del primer templo parroquial, ya que en 2015 lo hizo en el V\u00eda Crucis de las Hermandades y Cofrad\u00edas. El arcipreste valor\u00f3 la celebraci\u00f3n del A\u00f1o Jubilar, en una ceremonia donde participaron cofrades de distintas hermandades.<\/p>\n\n\n\n<p class=\"has-vivid-cyan-blue-color has-text-color has-link-color wp-elements-dde5bea9ab4e534a28884889cbe56cb7\">No se extendi\u00f3 demasiado y poco antes de las 22.00 horas, el paso de misterio de la Misericordia sal\u00eda de la iglesia Mayor con una plaza llena de p\u00fablico y con los sones que pon\u00eda la agrupaci\u00f3n musical -Esencia Tres Ca\u00eddas-. Unos sones de agrupaci\u00f3n que cambiaron totalmente la imagen del paso en la calle y que provocaron aplausos en no pocas ocasiones, que pudieron escuchar los hermanos cargadores de la hermandad de la Misericordia. Para no faltar, no falt\u00f3 ni una saeta en la calle General Garc\u00eda de la Herr\u00e1n, donde Carolina Castilla le cant\u00f3 al Nazareno de la Pastora.<\/p>\n\n\n\n<p class=\"has-vivid-cyan-blue-color has-text-color has-link-color wp-elements-20d27179514574b6f5192937b673406f\">Una noche espl\u00e9ndida, de suave temperatura y sin viento hac\u00eda que el paso luciera esplendoroso por el itinerario escogido para su vuelta, con grandes momentos en la calle General Garc\u00eda de la Herr\u00e1n, ante el convento de las Capuchinas o en la calle Jes\u00fas de la Misericordia y su barrio. Gran parte de las calles estaban exornadas para la ocasi\u00f3n.<\/p>\n\n\n\n<p class=\"has-vivid-cyan-blue-color has-text-color has-link-color wp-elements-e3a33fb66b2ceaf0ff76437419c8d344\">Pasadas las 2.00 de la madrugada, el paso de la Misericordia llegaba a la plaza de la Pastora y terminaba una noche de emociones y de sabor cofrade.<\/p>\n\n\n<style>.kb-image1970_2d4444-c0 .kb-image-has-overlay:after{opacity:0.3;}<\/style>\n<div class=\"wp-block-kadence-image kb-image1970_2d4444-c0\"><figure class=\"aligncenter size-medium\"><img loading=\"lazy\" decoding=\"async\" width=\"200\" height=\"300\" src=\"https:\/\/misericordiadesanfernando.com\/wp-content\/uploads\/2025\/11\/WhatsApp-Image-2025-11-20-at-12.36.52-200x300.jpeg\" alt=\"\" class=\"kb-img wp-image-1974\" srcset=\"https:\/\/misericordiadesanfernando.com\/wp-content\/uploads\/2025\/11\/WhatsApp-Image-2025-11-20-at-12.36.52-200x300.jpeg 200w, https:\/\/misericordiadesanfernando.com\/wp-content\/uploads\/2025\/11\/WhatsApp-Image-2025-11-20-at-12.36.52-682x1024.jpeg 682w, https:\/\/misericordiadesanfernando.com\/wp-content\/uploads\/2025\/11\/WhatsApp-Image-2025-11-20-at-12.36.52-768x1153.jpeg 768w, https:\/\/misericordiadesanfernando.com\/wp-content\/uploads\/2025\/11\/WhatsApp-Image-2025-11-20-at-12.36.52-1023x1536.jpeg 1023w, https:\/\/misericordiadesanfernando.com\/wp-content\/uploads\/2025\/11\/WhatsApp-Image-2025-11-20-at-12.36.52.jpeg 1066w\" sizes=\"auto, (max-width: 200px) 100vw, 200px\" \/><\/figure><\/div>\n","protected":false},"excerpt":{"rendered":"<p>LA PROCESI\u00d3N EXTRAORDINARIA DEL A\u00d1O JUBILAR DE LA MISERICORDIA San Fernando vivi\u00f3 en la noche del 11 de noviembre de 2016, un acto especial como preludio de la clausura oficial&hellip;<\/p>\n","protected":false},"author":2,"featured_media":0,"parent":0,"menu_order":0,"comment_status":"closed","ping_status":"closed","template":"","meta":{"footnotes":""},"class_list":["post-1970","page","type-page","status-publish","hentry"],"_links":{"self":[{"href":"https:\/\/misericordiadesanfernando.com\/index.php\/wp-json\/wp\/v2\/pages\/1970","targetHints":{"allow":["GET"]}}],"collection":[{"href":"https:\/\/misericordiadesanfernando.com\/index.php\/wp-json\/wp\/v2\/pages"}],"about":[{"href":"https:\/\/misericordiadesanfernando.com\/index.php\/wp-json\/wp\/v2\/types\/page"}],"author":[{"embeddable":true,"href":"https:\/\/misericordiadesanfernando.com\/index.php\/wp-json\/wp\/v2\/users\/2"}],"replies":[{"embeddable":true,"href":"https:\/\/misericordiadesanfernando.com\/index.php\/wp-json\/wp\/v2\/comments?post=1970"}],"version-history":[{"count":2,"href":"https:\/\/misericordiadesanfernando.com\/index.php\/wp-json\/wp\/v2\/pages\/1970\/revisions"}],"predecessor-version":[{"id":1975,"href":"https:\/\/misericordiadesanfernando.com\/index.php\/wp-json\/wp\/v2\/pages\/1970\/revisions\/1975"}],"wp:attachment":[{"href":"https:\/\/misericordiadesanfernando.com\/index.php\/wp-json\/wp\/v2\/media?parent=1970"}],"curies":[{"name":"wp","href":"https:\/\/api.w.org\/{rel}","templated":true}]}}