{"id":1487,"date":"2025-11-17T12:34:59","date_gmt":"2025-11-17T11:34:59","guid":{"rendered":"https:\/\/misericordiadesanfernando.com\/?page_id=1487"},"modified":"2025-11-17T20:37:25","modified_gmt":"2025-11-17T19:37:25","slug":"1487-2","status":"publish","type":"page","link":"https:\/\/misericordiadesanfernando.com\/index.php\/1487-2\/","title":{"rendered":""},"content":{"rendered":"\n<p><\/p>\n\n\n<style>.kb-image1487_1e1420-07 .kb-image-has-overlay:after{opacity:0.3;}<\/style>\n<div class=\"wp-block-kadence-image kb-image1487_1e1420-07\"><figure class=\"aligncenter\"><img loading=\"lazy\" decoding=\"async\" width=\"1500\" height=\"500\" src=\"https:\/\/misericordiadesanfernando.com\/wp-content\/uploads\/2025\/11\/WhatsApp-Image-2025-07-11-at-17.29.40.jpg\" class=\"kb-img wp-image-239\"\/><\/figure><\/div>\n\n\n\n<p class=\"has-vivid-cyan-blue-color has-text-color has-link-color wp-elements-57006a646c8a0684985e67baff09b281\">Como marcan nuestras Reglas, cualquier bautizado que no est\u00e9 leg\u00edtimamente impedido por el Derecho Can\u00f3nico y que desee ingresar en la Hermandad, ser\u00e1 acogido sol\u00edcitamente como hermano, si bien tendr\u00e1 que:<\/p>\n\n\n\n<ol class=\"wp-block-list\">\n<li class=\"has-vivid-cyan-blue-color has-text-color has-link-color wp-elements-4da10d9a0c381f87fe4c9a7e4f5f67ce\"><em>Cumplimentar el impreso correspondiente que le facilitar\u00e1 la Secretar\u00eda de la Hermandad.<\/em><\/li>\n\n\n\n<li class=\"has-vivid-cyan-blue-color has-text-color has-link-color wp-elements-bf04e31c648d0a1c034414dfc2b785d9\"><em>Aportar el certificado acreditativo de la recepci\u00f3n del bautismo.<\/em><\/li>\n\n\n\n<li class=\"has-vivid-cyan-blue-color has-text-color has-link-color wp-elements-3b98462abdf0304087952b3e946edea1\"><em>Abonar la cuota\/limosna establecida en el Cabildo General.<\/em><\/li>\n<\/ol>\n\n\n\n<p class=\"has-vivid-cyan-blue-color has-text-color has-link-color wp-elements-dafa8392fb7757a28406e7bb6ef0deeb\"><em>Una vez aprobada su solicitud por la Junta de Gobierno y recibir los plenos derechos y obligaciones que le corresponde de acuerdo con nuestras Reglas, recibir\u00e1 la normativa vigente para los hermanos de la Misericordia.<\/em><\/p>\n\n\n\n<p class=\"has-vivid-cyan-blue-color has-text-color has-link-color wp-elements-eb934e8f16269bea118225497b9eb0de\">Si desea formar parte de nuestra Hermandad, solo tienes que entregar en la Secretar\u00eda la&nbsp;<strong>SOLICITUD DE INGRESO rellenable<\/strong>, que se adjunta debidamente cumplimentada, impr\u00edmela y aporta adem\u00e1s la documentaci\u00f3n que en ella se requiere:<\/p>\n\n\n\n<div data-wp-interactive=\"core\/file\" class=\"wp-block-file aligncenter\"><object data-wp-bind--hidden=\"!state.hasPdfPreview\" hidden class=\"wp-block-file__embed\" data=\"https:\/\/misericordiadesanfernando.com\/wp-content\/uploads\/2025\/11\/Hoja-inscripcion-1.pdf\" type=\"application\/pdf\" style=\"width:100%;height:334px\" aria-label=\"Incrustado de Hoja inscripcio\u0301n-1.\"><\/object><a id=\"wp-block-file--media-b1ceb350-0bdb-4045-9b39-1f31f63ba5ea\" href=\"https:\/\/misericordiadesanfernando.com\/wp-content\/uploads\/2025\/11\/Hoja-inscripcion-1.pdf\">Hoja inscripcio\u0301n-1<\/a><a href=\"https:\/\/misericordiadesanfernando.com\/wp-content\/uploads\/2025\/11\/Hoja-inscripcion-1.pdf\" class=\"wp-block-file__button wp-element-button\" download aria-describedby=\"wp-block-file--media-b1ceb350-0bdb-4045-9b39-1f31f63ba5ea\">Descarga<\/a><\/div>\n\n\n\n<p><\/p>\n","protected":false},"excerpt":{"rendered":"<p>Como marcan nuestras Reglas, cualquier bautizado que no est\u00e9 leg\u00edtimamente impedido por el Derecho Can\u00f3nico y que desee ingresar en la Hermandad, ser\u00e1 acogido sol\u00edcitamente como hermano, si bien tendr\u00e1&hellip;<\/p>\n","protected":false},"author":2,"featured_media":0,"parent":0,"menu_order":0,"comment_status":"closed","ping_status":"closed","template":"","meta":{"footnotes":""},"class_list":["post-1487","page","type-page","status-publish","hentry"],"_links":{"self":[{"href":"https:\/\/misericordiadesanfernando.com\/index.php\/wp-json\/wp\/v2\/pages\/1487","targetHints":{"allow":["GET"]}}],"collection":[{"href":"https:\/\/misericordiadesanfernando.com\/index.php\/wp-json\/wp\/v2\/pages"}],"about":[{"href":"https:\/\/misericordiadesanfernando.com\/index.php\/wp-json\/wp\/v2\/types\/page"}],"author":[{"embeddable":true,"href":"https:\/\/misericordiadesanfernando.com\/index.php\/wp-json\/wp\/v2\/users\/2"}],"replies":[{"embeddable":true,"href":"https:\/\/misericordiadesanfernando.com\/index.php\/wp-json\/wp\/v2\/comments?post=1487"}],"version-history":[{"count":4,"href":"https:\/\/misericordiadesanfernando.com\/index.php\/wp-json\/wp\/v2\/pages\/1487\/revisions"}],"predecessor-version":[{"id":1780,"href":"https:\/\/misericordiadesanfernando.com\/index.php\/wp-json\/wp\/v2\/pages\/1487\/revisions\/1780"}],"wp:attachment":[{"href":"https:\/\/misericordiadesanfernando.com\/index.php\/wp-json\/wp\/v2\/media?parent=1487"}],"curies":[{"name":"wp","href":"https:\/\/api.w.org\/{rel}","templated":true}]}}