{"id":1391,"date":"2025-11-17T11:00:07","date_gmt":"2025-11-17T10:00:07","guid":{"rendered":"https:\/\/misericordiadesanfernando.com\/?page_id=1391"},"modified":"2025-11-17T21:58:30","modified_gmt":"2025-11-17T20:58:30","slug":"viacrucis","status":"publish","type":"page","link":"https:\/\/misericordiadesanfernando.com\/index.php\/viacrucis\/","title":{"rendered":""},"content":{"rendered":"\n<p><\/p>\n\n\n<style>.kb-image1391_d134b6-37 .kb-image-has-overlay:after{opacity:0.3;}<\/style>\n<div class=\"wp-block-kadence-image kb-image1391_d134b6-37\"><figure class=\"aligncenter size-large\"><img loading=\"lazy\" decoding=\"async\" width=\"1024\" height=\"341\" src=\"https:\/\/misericordiadesanfernando.com\/wp-content\/uploads\/2025\/11\/viacrucis-1024x341.jpg\" alt=\"\" class=\"kb-img wp-image-1466\" srcset=\"https:\/\/misericordiadesanfernando.com\/wp-content\/uploads\/2025\/11\/viacrucis-1024x341.jpg 1024w, https:\/\/misericordiadesanfernando.com\/wp-content\/uploads\/2025\/11\/viacrucis-300x100.jpg 300w, https:\/\/misericordiadesanfernando.com\/wp-content\/uploads\/2025\/11\/viacrucis-768x256.jpg 768w, https:\/\/misericordiadesanfernando.com\/wp-content\/uploads\/2025\/11\/viacrucis.jpg 1500w\" sizes=\"auto, (max-width: 1024px) 100vw, 1024px\" \/><\/figure><\/div>\n\n\n\n<p class=\"has-text-align-center has-vivid-cyan-blue-color has-text-color has-link-color wp-elements-c796f070860208ebdf922b0c2e4cc275\"><strong>EL V\u00cdA CRUCIS<\/strong><\/p>\n\n\n\n<p class=\"has-vivid-cyan-blue-color has-text-color has-link-color wp-elements-1f362635b6fef0f5fd43f6588d347a09\">Seg\u00fan recoge el primer libro de acta fundacional celebrada el 5-5-1957, figura el acuerdo en el punto 5\u00b0 de dar principio al v\u00eda-crucis el domingo 2 de junio a las 8 de la tarde y continuando todos los domingos 1\u00b0 de mes a dicha hora, invit\u00e1ndose a todos los hermanos.<\/p>\n\n\n\n<p class=\"has-vivid-cyan-blue-color has-text-color has-link-color wp-elements-399043ac1fcc04d3639963ac9f35a79c\">Al fundarse la hermandad los v\u00eda-crucis tuvieron lugar por las calles aleda\u00f1as a la parroquia, posteriormente se celebraron en el interior del templo, no fue hasta el a\u00f1o 1964 cuando se celebraron por las calles del barrio en tiempo de Cuaresma adquiriendo la condici\u00f3n de un acto parroquial, participando en el mismo todos los organismos que radican en la parroquia, hermanos, devotos y feligreses.<\/p>\n\n\n\n<p class=\"has-vivid-cyan-blue-color has-text-color has-link-color wp-elements-182b869e4ebd0b8f560da4046f360eb7\">En el v\u00eda-crucis celebrado en 1974, la Virgen de la Salud de la Hermandad del Ecce-Homo, acompa\u00f1\u00f3 a Nuestro Padre Jes\u00fas de la Misericordia, formando una estampa in\u00e9dita.<\/p>\n\n\n\n<p class=\"has-vivid-cyan-blue-color has-text-color has-link-color wp-elements-3cabaaeedfd4ec27ce0fb642c6cdb069\">Es uno de los v\u00eda-crucis m\u00e1s antiguos que se celebran en la ciudad.<\/p>\n\n\n\n<p class=\"has-vivid-cyan-blue-color has-text-color has-link-color wp-elements-d3a83c1f38c57b2effad4d09d6cd130d\">Desde la Cuaresma de 1989 la imagen de Jes\u00fas deja de efectuarlo por decreto del Obispado de C\u00e1diz-Ceuta del a\u00f1o 1988, en el que se prohib\u00edan en toda la di\u00f3cesis los citados v\u00eda-crucis con im\u00e1genes que no fueran las de un Cristo crucificado, doce a\u00f1os despu\u00e9s en la Cuaresma de 2001 volvi\u00f3 a salir nuestro titular, ya que fueron nuevamente instaurados por otro decreto del Obispado de fecha 21 de enero, y se daban estrictas normas para poder realizarlos. Durante estos doce a\u00f1os la hermandad y la parroquia lo llevaban a cabo con un peque\u00f1o crucifijo de gran valor conocido como de Molinello que se encuentra en el altar mayor de la parroquia.<\/p>\n\n\n\n<p class=\"has-vivid-cyan-blue-color has-text-color has-link-color wp-elements-1887760159d9f1f7114c41bf71d81452\">En la Cuaresma de 2025, con motivo de la celebraci\u00f3n del 50 aniversario de la bendici\u00f3n de la Sant\u00edsima Virgen de la Salud, se quiso repetir la estampa hist\u00f3rica de aquellos a\u00f1os pasados, cosa que no se pudo dar en la calle por la inclemencia meteorol\u00f3gica, pero que dej\u00f3 en el interior del templo, un V\u00eda Crucis hist\u00f3rico lleno de solemnidad.<\/p>\n\n\n<style>.kb-image1391_087e66-3c .kb-image-has-overlay:after{opacity:0.3;}<\/style>\n<div class=\"wp-block-kadence-image kb-image1391_087e66-3c\"><figure class=\"aligncenter size-large\"><img loading=\"lazy\" decoding=\"async\" width=\"1024\" height=\"768\" src=\"https:\/\/misericordiadesanfernando.com\/wp-content\/uploads\/2025\/11\/viacruciss-1024x768.jpeg\" alt=\"\" class=\"kb-img wp-image-1835\" srcset=\"https:\/\/misericordiadesanfernando.com\/wp-content\/uploads\/2025\/11\/viacruciss-1024x768.jpeg 1024w, https:\/\/misericordiadesanfernando.com\/wp-content\/uploads\/2025\/11\/viacruciss-300x225.jpeg 300w, https:\/\/misericordiadesanfernando.com\/wp-content\/uploads\/2025\/11\/viacruciss-768x576.jpeg 768w, https:\/\/misericordiadesanfernando.com\/wp-content\/uploads\/2025\/11\/viacruciss-1536x1152.jpeg 1536w, https:\/\/misericordiadesanfernando.com\/wp-content\/uploads\/2025\/11\/viacruciss.jpeg 1600w\" sizes=\"auto, (max-width: 1024px) 100vw, 1024px\" \/><\/figure><\/div>\n","protected":false},"excerpt":{"rendered":"<p>EL V\u00cdA CRUCIS Seg\u00fan recoge el primer libro de acta fundacional celebrada el 5-5-1957, figura el acuerdo en el punto 5\u00b0 de dar principio al v\u00eda-crucis el domingo 2 de&hellip;<\/p>\n","protected":false},"author":2,"featured_media":0,"parent":0,"menu_order":0,"comment_status":"closed","ping_status":"closed","template":"","meta":{"footnotes":""},"class_list":["post-1391","page","type-page","status-publish","hentry"],"_links":{"self":[{"href":"https:\/\/misericordiadesanfernando.com\/index.php\/wp-json\/wp\/v2\/pages\/1391","targetHints":{"allow":["GET"]}}],"collection":[{"href":"https:\/\/misericordiadesanfernando.com\/index.php\/wp-json\/wp\/v2\/pages"}],"about":[{"href":"https:\/\/misericordiadesanfernando.com\/index.php\/wp-json\/wp\/v2\/types\/page"}],"author":[{"embeddable":true,"href":"https:\/\/misericordiadesanfernando.com\/index.php\/wp-json\/wp\/v2\/users\/2"}],"replies":[{"embeddable":true,"href":"https:\/\/misericordiadesanfernando.com\/index.php\/wp-json\/wp\/v2\/comments?post=1391"}],"version-history":[{"count":6,"href":"https:\/\/misericordiadesanfernando.com\/index.php\/wp-json\/wp\/v2\/pages\/1391\/revisions"}],"predecessor-version":[{"id":1837,"href":"https:\/\/misericordiadesanfernando.com\/index.php\/wp-json\/wp\/v2\/pages\/1391\/revisions\/1837"}],"wp:attachment":[{"href":"https:\/\/misericordiadesanfernando.com\/index.php\/wp-json\/wp\/v2\/media?parent=1391"}],"curies":[{"name":"wp","href":"https:\/\/api.w.org\/{rel}","templated":true}]}}