{"id":135,"date":"2025-07-23T13:52:09","date_gmt":"2025-07-23T11:52:09","guid":{"rendered":"http:\/\/localhost\/misericordia\/?page_id=135"},"modified":"2025-11-17T20:55:29","modified_gmt":"2025-11-17T19:55:29","slug":"ficha-de-la-cofradia","status":"publish","type":"page","link":"https:\/\/misericordiadesanfernando.com\/index.php\/ficha-de-la-cofradia\/","title":{"rendered":""},"content":{"rendered":"\n<p><\/p>\n\n\n<style>.kb-image135_bfa43e-21 .kb-image-has-overlay:after{opacity:0.3;}<\/style>\n<div class=\"wp-block-kadence-image kb-image135_bfa43e-21\"><figure class=\"aligncenter size-large\"><img loading=\"lazy\" decoding=\"async\" width=\"1024\" height=\"341\" src=\"https:\/\/misericordiadesanfernando.com\/wp-content\/uploads\/2025\/11\/ficha-1024x341.jpeg\" alt=\"\" class=\"kb-img wp-image-1217\" srcset=\"https:\/\/misericordiadesanfernando.com\/wp-content\/uploads\/2025\/11\/ficha-1024x341.jpeg 1024w, https:\/\/misericordiadesanfernando.com\/wp-content\/uploads\/2025\/11\/ficha-300x100.jpeg 300w, https:\/\/misericordiadesanfernando.com\/wp-content\/uploads\/2025\/11\/ficha-768x256.jpeg 768w, https:\/\/misericordiadesanfernando.com\/wp-content\/uploads\/2025\/11\/ficha.jpeg 1500w\" sizes=\"auto, (max-width: 1024px) 100vw, 1024px\" \/><\/figure><\/div>\n\n\n\n<p class=\"has-text-align-center has-vivid-cyan-blue-color has-text-color has-link-color wp-elements-0510a36afb52bdbb0bbc7ff8db2ef723\"><strong>LA MISERICORDIA EN EL Jueves Santo DE \u201cLA ISLA\u201d<\/strong><\/p>\n\n\n\n<p class=\"has-vivid-cyan-blue-color has-text-color has-link-color wp-elements-7fb91fdfdfca58441da900cee5dd9ef5\">Cuatro hermandades comparten la jornada m\u00e1s larga de la Semana Santa, que enlaza adem\u00e1s con la madrugada del Viernes Santo. Desde que sale la hermandad de las Tres Ca\u00eddas de la Baz\u00e1n hasta que a la ma\u00f1ana del d\u00eda siguiente se recoge el Nazareno, hay procesiones en la calle. Son los momentos m\u00e1s intensos de la Semana Santa isle\u00f1a, donde la Hermandad de la Misericordia, brilla con luz propia.<\/p>\n\n\n\n<p class=\"has-vivid-cyan-blue-color has-text-color has-link-color wp-elements-131722663a9745f06cefaaca0f69aae7\">La imagen m\u00e1s cl\u00e1sica de la tarde del Jueves Santo llega desde el barrio de la Pastora con la hermandad de la Misericordia; la hermandad, impulsora desde sus or\u00edgenes de la causa de la Hermana Cristina.<\/p>\n\n\n\n<p class=\"has-vivid-cyan-blue-color has-text-color has-link-color wp-elements-1f3e6b1f616b018e032db2d86acd0e91\"><strong><em>T\u00edtulo<\/em><\/strong><\/p>\n\n\n\n<p class=\"has-vivid-cyan-blue-color has-text-color has-link-color wp-elements-cef142dc85a4fc2d05115d5df4726925\">Real y Venerable Hermandad Sacramental, Carmelitana, Fervorosa y Devota Cofrad\u00eda de Penitencia de Nuestro Padre Jes\u00fas de la Misericordia, Mar\u00eda Sant\u00edsima de la Piedad, Santa Mujer Ver\u00f3nica y Santos Cosme y Dami\u00e1n.<\/p>\n\n\n\n<p class=\"has-vivid-cyan-blue-color has-text-color has-link-color wp-elements-550c60d9cc60be351a03446d8afe0e7b\"><strong><em>Horarios<\/em><\/strong><\/p>\n\n\n\n<p class=\"has-vivid-cyan-blue-color has-text-color has-link-color wp-elements-7bcf43212db0a292915de3fea4d93951\">Salida cruz de gu\u00eda: 18:15 h.<\/p>\n\n\n\n<p class=\"has-vivid-cyan-blue-color has-text-color has-link-color wp-elements-5f4715796302c47d5401623d83c7f721\">Salida \u00faltimo paso: 19:00 h.<\/p>\n\n\n\n<p class=\"has-vivid-cyan-blue-color has-text-color has-link-color wp-elements-bb92c69116f46148b4d24ee6e46d24f9\">Entrada cruz de gu\u00eda en Carrera Oficial: 19:45 h.<\/p>\n\n\n\n<p class=\"has-vivid-cyan-blue-color has-text-color has-link-color wp-elements-e8a535bdd1cee5237c4c4a26912b6605\">Salida \u00faltimo paso de la Carrera Oficial: 21:15 h.<\/p>\n\n\n\n<p class=\"has-vivid-cyan-blue-color has-text-color has-link-color wp-elements-2db0b8da098b28b701bb22520433a9c5\">Recogida cruz de gu\u00eda: 23:30 h.<\/p>\n\n\n\n<p class=\"has-vivid-cyan-blue-color has-text-color has-link-color wp-elements-e0df72932cc3ef9cc3d4b00217542c92\">Recogida paso: 00.30 h.<\/p>\n\n\n\n<p class=\"has-vivid-cyan-blue-color has-text-color has-link-color wp-elements-5e76219fe3c43009a13c2832b4e43143\"><strong><em>Itinerario<\/em><\/strong><\/p>\n\n\n\n<p class=\"has-vivid-cyan-blue-color has-text-color has-link-color wp-elements-a6f9c74513a651ac04edb6e5e46a4d57\">Salida de la Divina Pastora, plaza de la Divina Pastora, Santa Rosal\u00eda, Marconi, Santo Domingo, Col\u00f3n, Rosario, plaza de la Iglesia, Real, CARRERA OFICIAL, Isaac Peral, Calder\u00f3n de la Barca, Cayetano del Toro, General Serrano, Las Cortes, General Garc\u00eda de la Herr\u00e1n, Rosario, Col\u00f3n, San Rafael, Maestro Portela, Manuel Rold\u00e1n, Col\u00f3n, Santo Domingo, Marconi, Santa Rosal\u00eda, plaza de la Divina Pastora, a su templo.<\/p>\n\n\n\n<p class=\"has-vivid-cyan-blue-color has-text-color has-link-color wp-elements-19ecf4e68ff6645c0fec4243fb688b8b\"><strong><em>Recomendaciones<\/em><\/strong><\/p>\n\n\n\n<p class=\"has-vivid-cyan-blue-color has-text-color has-link-color wp-elements-6599c5a113234d930d0d7d6cc427773f\">Tanto la salida de la hermandad en la tarde del Jueves Santo como su regreso al barrio. Se viven momentos de especial inter\u00e9s en la subida por la calle Col\u00f3n y el paso de la cofrad\u00eda por General Serrano.<\/p>\n\n\n\n<p class=\"has-vivid-cyan-blue-color has-text-color has-link-color wp-elements-a37f6929fbbe89320aace9b1a3370db9\"><strong><em>Iconograf\u00eda<\/em><\/strong><\/p>\n\n\n\n<p class=\"has-vivid-cyan-blue-color has-text-color has-link-color wp-elements-2d30b5db58595d1e240c7b3cf054a71e\">En el primer paso, Jes\u00fas, cargado con la cruz, es ayudado por Sim\u00f3n de Cirene. Completa la escena la santa mujer Ver\u00f3nica, que limpia el rostro del Se\u00f1or con un lienzo. En el segundo, una dolorosa, Mar\u00eda Sant\u00edsima de la Piedad, bajo palio.<\/p>\n\n\n\n<p class=\"has-vivid-cyan-blue-color has-text-color has-link-color wp-elements-bc29a9cf86b6d9f7cc56235e9486fd36\"><strong><em>Las im\u00e1genes<\/em><\/strong><\/p>\n\n\n\n<p class=\"has-vivid-cyan-blue-color has-text-color has-link-color wp-elements-8234c1f979b66bf83fa5c14f88b46316\">La talla del Cristo es de autor desconocido -probablemente, de finales del siglo XVII o XVIII- si bien fue restaurado profundamente por Alfonso Berraquero en 1996. La dolorosa es una obra realizada por el imaginero sevillano Luis \u00c1lvarez Duarte.<\/p>\n\n\n\n<p class=\"has-vivid-cyan-blue-color has-text-color has-link-color wp-elements-4f9ad6d1422669ff249fb9b886b1b85a\"><strong><em>Curiosidades<\/em><\/strong><\/p>\n\n\n\n<p class=\"has-vivid-cyan-blue-color has-text-color has-link-color wp-elements-69049e425dab25890a2cfd7e8e9747be\">Hay que resaltar la estrecha vinculaci\u00f3n de la hermandad con la orden de las carmelitas descalzas y, especialmente, con el convento isle\u00f1o y la Hermana Cristina, que est\u00e1 muy presente cada jornada del Jueves Santo.<\/p>\n\n\n\n<p class=\"has-vivid-cyan-blue-color has-text-color has-link-color wp-elements-fd70ecc9e02e385bbbe73afe8f67a843\"><strong><em>Un poco de historia<\/em><\/strong><\/p>\n\n\n\n<p class=\"has-vivid-cyan-blue-color has-text-color has-link-color wp-elements-2146900d5e2ff36a83f6a82f609d8072\">La Cofrad\u00eda se fund\u00f3 en 1957 por un grupo de j\u00f3venes encabezados por su profesor Francisco Casta\u00f1eda. Fue la tercera y \u00faltima hermandad de penitencia fundada en la parroquia de la Divina Pastora. Entre las ideas embrionarias se consider\u00f3 la de fundar una cofrad\u00eda de la Sagrada Lanzada. Los fundadores repararon finalmente en la imagen de Jes\u00fas Nazareno de las L\u00e1grimas que hab\u00eda protagonizado en 1943 la primera salida procesional de la Hermandad de los Estudiantes establecida en el Santo Cristo, imagen que inspiraba mucha devoci\u00f3n entre los fieles del barrio.<\/p>\n\n\n\n<p class=\"has-vivid-cyan-blue-color has-text-color has-link-color wp-elements-e9756f6452dd289a0af93ac36ddc1101\">Jes\u00fas de las L\u00e1grimas se veneraba desde tiempo inmemorial en la tercera capilla de la nave de la ep\u00edstola de la iglesia pastore\u00f1a. Su origen se desconoce. Tard\u00edamente aparecieron leyendas acerca de que esta sagrada imagen se hab\u00eda venerado en la primitiva iglesia parroquial del castillo y de que hab\u00eda sido conocido como el Cristo del Buen Viaje o de los Navegantes. Esto debe reputarse como una confusi\u00f3n, un traspaso de advocaci\u00f3n con la peque\u00f1a pero muy meritoria imagen del Cristo de la Buena Muerte (o de los Molinello) que se veneraba en la capilla contigua y cuyo t\u00edtulo oficial s\u00ed era el del Buen Viaje.<\/p>\n\n\n\n<p class=\"has-vivid-cyan-blue-color has-text-color has-link-color wp-elements-78f16454e3b627fea0af5ae6467f8549\">En cualquier caso, los fundadores se decidieron finalmente por dar culto a este Nazareno en el pasaje evang\u00e9lico del Encuentro de Jes\u00fas en su camino al Calvario con las santas mujeres, m\u00e1s el ap\u00f3crifo de la santa mujer Ver\u00f3nica. De hecho la primera y fugaz advocaci\u00f3n elegida para la Virgen cotitular fue Nuestra Se\u00f1ora del Encuentro.<\/p>\n\n\n\n<p class=\"has-vivid-cyan-blue-color has-text-color has-link-color wp-elements-2c0db90fcc3f9869c4dbb859741b232b\">El t\u00edtulo definitivo adoptado fue el de Nuestro Padre Jes\u00fas de la Misericordia, Mar\u00eda Sant\u00edsima de la Piedad y santa mujer Ver\u00f3nica. Reci\u00e9n fundada pas\u00f3 por graves dificultades cuyas consecuencias pesaron sobre la hermandad en sus primeros a\u00f1os. Hasta 1969, trece a\u00f1os despu\u00e9s de su fundaci\u00f3n, no fue aprobada y erigida can\u00f3nicamente por el obispo A\u00f1overos. En los a\u00f1os de 1960 intent\u00f3 tambi\u00e9n constituirse como gremial de la sanidad local.<\/p>\n\n\n\n<p class=\"has-vivid-cyan-blue-color has-text-color has-link-color wp-elements-3f1d0e77383f7df3cf210d42cda23ecb\">A partir de su erecci\u00f3n can\u00f3nica, la Hermandad de la Misericordia experiment\u00f3 un despegue vigoroso. En pocos a\u00f1os se transform\u00f3 en una de las hermandades m\u00e1s ejemplares, destacadas y aventajadas de San Fernando, haciendo de su procesi\u00f3n una de las m\u00e1s elegantes, vistosas y de mayor riqueza est\u00e9tica. Su entusiasta actividad le vali\u00f3 en 1975 la concesi\u00f3n de los t\u00edtulos de Fervorosa y Devota, adem\u00e1s del de Sacramental, siendo la primera cofrad\u00eda de penitencia isle\u00f1a en ostentar este t\u00edtulo eucar\u00edstico. Todo este proceso alcanz\u00f3 un hito con las celebraciones de su XXV aniversario en 1982 que culminaron con la procesi\u00f3n conmemorativa de su titular sobre el paso en diciembre de ese a\u00f1o, estampa irrepetida e ins\u00f3lita en San Fernando.<\/p>\n\n\n\n<p class=\"has-vivid-cyan-blue-color has-text-color has-link-color wp-elements-f1d93fa1616a283243b98d9cc5da8bf6\">Efectu\u00f3 la primera salida procesional el Mi\u00e9rcoles Santo de 1958, s\u00f3lo con el Se\u00f1or, pasando el a\u00f1o siguiente a procesionar el Lunes Santo y continuando en este d\u00eda durante 18 a\u00f1os. En 1978 traslad\u00f3 su procesi\u00f3n al Jueves Santo por armonizar m\u00e1s con su car\u00e1cter de sacramental. En 1960 se incluy\u00f3 en el paso una talla de la Ver\u00f3nica obra del escultor gaditano L\u00e1inez Capote. En 1962 se a\u00f1adieron las de las Santas Mujeres, que antes hab\u00edan sido las tres Mar\u00edas que figuraban antiguamente en el calvario de la hermandad de la Expiraci\u00f3n.<\/p>\n\n\n\n<p class=\"has-vivid-cyan-blue-color has-text-color has-link-color wp-elements-5972b5db24c2f451c867eae8fda7a63e\">Con todo, la iconograf\u00eda del paso de misterio qued\u00f3 fijada definitivamente en 1966: Jes\u00fas de la Misericordia cargado con la cruz, ayudado por Sim\u00f3n de Cirene, mientras la santa mujer Ver\u00f3nica enjuaga con un pa\u00f1o el rostro del Redentor. El hermoso paso de misterio dorado y neobarroco fue tallado por Guzm\u00e1n Bejarano y estrenado en 1967. La Virgen de la Piedad sali\u00f3 por primera vez en 1982, ya en su paso de palio, que ha sido enriquecido magn\u00edficamente por la hermandad en a\u00f1os sucesivos hasta convertirlo en uno de los mejores y de mayor prestancia de la Semana Santa isle\u00f1a.<\/p>\n\n\n\n<p class=\"has-vivid-cyan-blue-color has-text-color has-link-color wp-elements-1f4313beb5c2d46528ba40a9f0e15a64\">La Hermandad celebra los cultos internos siguientes: primeros viernes de mes, besapi\u00e9 al Se\u00f1or el primer viernes de marzo, v\u00eda crucis cuaresmal con la imagen del Se\u00f1or por las calles de la feligres\u00eda muy concurrido y devoto, funci\u00f3n solemne a la Virgen el 8 de diciembre. Sobre todo, desde 1976, organiza una procesi\u00f3n eucar\u00edstica en la octava del Corpus Christi por las calles del barrio de la Pastora, primero bajo palio y desde 1980 en paso de custodia (Corpus chiquito).<\/p>\n\n\n\n<p class=\"has-vivid-cyan-blue-color has-text-color has-link-color wp-elements-0254ec0bf6b2b30b5329047b08e1b26f\">En cuanto a las sagradas im\u00e1genes, el Divino Nazareno de la Misericordia era primitivamente una talla de candelero an\u00f3nima, de finales XVIII, que guardaba cierto parecido con las otras antiguas im\u00e1genes del templo pastore\u00f1o. Sufri\u00f3 una serie de restauraciones y retoques que desvirtuaron su aspecto y postura originales. La intervenci\u00f3n m\u00e1s importante en este sentido fue la realizada en 1967 en los talleres sevillanos de Castillo Lastrucci, a ra\u00edz de un incendio fortuito en su altar de cultos. Treinta a\u00f1os despu\u00e9s, en 1996, fue radicalmente restaurada por Alfonso Berraquero quien le tall\u00f3 un cuerpo completamente nuevo, m\u00e1s din\u00e1mico y adecuado, le devolvi\u00f3 su aspecto y postura originales e incluso rescat\u00f3 su hermoso rostro primitivo.<\/p>\n\n\n\n<p class=\"has-vivid-cyan-blue-color has-text-color has-link-color wp-elements-9e9eeca2ebc42ccd36bf7a237b63da08\">La Virgen de la Piedad es una preciosa imagen de \u00c1lvarez Duarte (1975), la primera de las tres que este artista tall\u00f3 para San Fernando y uno de sus mejores trabajos. Sim\u00f3n Cireneo y la Ver\u00f3nica son im\u00e1genes de Castillo Lastrucci (1966), la segunda muy transformada por Berraquero (1977).<\/p>\n\n\n\n<p class=\"has-vivid-cyan-blue-color has-text-color has-link-color wp-elements-5a023ec1a87a7246ce869c20d7f4c2b9\">La Armada espa\u00f1ola tiene el t\u00edtulo de Hermano Honorario de esta confraternidad, en raz\u00f3n de la pretendida advocaci\u00f3n de los Navegantes que se piensa ostent\u00f3 antiguamente el Nazareno de la Pastora.<\/p>\n\n\n<style>.kb-image135_896fed-9a .kb-image-has-overlay:after{opacity:0.3;}<\/style>\n<div class=\"wp-block-kadence-image kb-image135_896fed-9a\"><figure class=\"aligncenter size-large\"><img loading=\"lazy\" decoding=\"async\" width=\"1024\" height=\"683\" src=\"https:\/\/misericordiadesanfernando.com\/wp-content\/uploads\/2025\/11\/JA_4012-1024x683.jpg\" alt=\"\" class=\"kb-img wp-image-1588\" srcset=\"https:\/\/misericordiadesanfernando.com\/wp-content\/uploads\/2025\/11\/JA_4012-1024x683.jpg 1024w, https:\/\/misericordiadesanfernando.com\/wp-content\/uploads\/2025\/11\/JA_4012-300x200.jpg 300w, https:\/\/misericordiadesanfernando.com\/wp-content\/uploads\/2025\/11\/JA_4012-768x512.jpg 768w, https:\/\/misericordiadesanfernando.com\/wp-content\/uploads\/2025\/11\/JA_4012-1536x1024.jpg 1536w, https:\/\/misericordiadesanfernando.com\/wp-content\/uploads\/2025\/11\/JA_4012-2048x1365.jpg 2048w, https:\/\/misericordiadesanfernando.com\/wp-content\/uploads\/2025\/11\/JA_4012-150x100.jpg 150w\" sizes=\"auto, (max-width: 1024px) 100vw, 1024px\" \/><\/figure><\/div>\n","protected":false},"excerpt":{"rendered":"<p>LA MISERICORDIA EN EL Jueves Santo DE \u201cLA ISLA\u201d Cuatro hermandades comparten la jornada m\u00e1s larga de la Semana Santa, que enlaza adem\u00e1s con la madrugada del Viernes Santo. Desde&hellip;<\/p>\n","protected":false},"author":2,"featured_media":0,"parent":0,"menu_order":0,"comment_status":"closed","ping_status":"closed","template":"","meta":{"footnotes":""},"class_list":["post-135","page","type-page","status-publish","hentry"],"_links":{"self":[{"href":"https:\/\/misericordiadesanfernando.com\/index.php\/wp-json\/wp\/v2\/pages\/135","targetHints":{"allow":["GET"]}}],"collection":[{"href":"https:\/\/misericordiadesanfernando.com\/index.php\/wp-json\/wp\/v2\/pages"}],"about":[{"href":"https:\/\/misericordiadesanfernando.com\/index.php\/wp-json\/wp\/v2\/types\/page"}],"author":[{"embeddable":true,"href":"https:\/\/misericordiadesanfernando.com\/index.php\/wp-json\/wp\/v2\/users\/2"}],"replies":[{"embeddable":true,"href":"https:\/\/misericordiadesanfernando.com\/index.php\/wp-json\/wp\/v2\/comments?post=135"}],"version-history":[{"count":7,"href":"https:\/\/misericordiadesanfernando.com\/index.php\/wp-json\/wp\/v2\/pages\/135\/revisions"}],"predecessor-version":[{"id":1798,"href":"https:\/\/misericordiadesanfernando.com\/index.php\/wp-json\/wp\/v2\/pages\/135\/revisions\/1798"}],"wp:attachment":[{"href":"https:\/\/misericordiadesanfernando.com\/index.php\/wp-json\/wp\/v2\/media?parent=135"}],"curies":[{"name":"wp","href":"https:\/\/api.w.org\/{rel}","templated":true}]}}