{"id":133,"date":"2025-07-23T13:51:58","date_gmt":"2025-07-23T11:51:58","guid":{"rendered":"http:\/\/localhost\/misericordia\/?page_id=133"},"modified":"2025-11-17T20:52:34","modified_gmt":"2025-11-17T19:52:34","slug":"normas-para-la-estacion-de-penitencia","status":"publish","type":"page","link":"https:\/\/misericordiadesanfernando.com\/index.php\/normas-para-la-estacion-de-penitencia\/","title":{"rendered":""},"content":{"rendered":"\n<p><\/p>\n\n\n<style>.kb-image133_8fa3ed-53 .kb-image-has-overlay:after{opacity:0.3;}<\/style>\n<div class=\"wp-block-kadence-image kb-image133_8fa3ed-53\"><figure class=\"aligncenter size-large\"><img loading=\"lazy\" decoding=\"async\" width=\"1024\" height=\"341\" src=\"https:\/\/misericordiadesanfernando.com\/wp-content\/uploads\/2025\/11\/normas-1024x341.jpeg\" alt=\"\" class=\"kb-img wp-image-1212\" srcset=\"https:\/\/misericordiadesanfernando.com\/wp-content\/uploads\/2025\/11\/normas-1024x341.jpeg 1024w, https:\/\/misericordiadesanfernando.com\/wp-content\/uploads\/2025\/11\/normas-300x100.jpeg 300w, https:\/\/misericordiadesanfernando.com\/wp-content\/uploads\/2025\/11\/normas-768x256.jpeg 768w, https:\/\/misericordiadesanfernando.com\/wp-content\/uploads\/2025\/11\/normas.jpeg 1500w\" sizes=\"auto, (max-width: 1024px) 100vw, 1024px\" \/><\/figure><\/div>\n\n\n\n<p class=\"has-text-align-center has-vivid-cyan-blue-color has-text-color has-link-color wp-elements-40e37918e6b9fbab192fd46fd49a3f48\"><strong>Recomendaciones y normas para la salida procesional<\/strong><\/p>\n\n\n\n<p class=\"has-vivid-cyan-blue-color has-text-color has-link-color wp-elements-cb61dc70db35aec35166d528073018a0\"><strong>-Jueves Santo de 2026-<\/strong><\/p>\n\n\n\n<p class=\"has-vivid-cyan-blue-color has-text-color has-link-color wp-elements-603e3f98e973fe70a6457f07d768e6c3\">A la hora se\u00f1alada <strong>se presentar\u00e1n los hermanos provistos de su papeleta de sitio<\/strong>, sin la cual no ser\u00e1n admitidos en la cofrad\u00eda.<\/p>\n\n\n\n<p class=\"has-vivid-cyan-blue-color has-text-color has-link-color wp-elements-d9c87addddabd84d1e5245f5661ff008\">Es de obligado cumplimiento atender a las indicaciones facilitadas de c\u00f3mo debe vestir el h\u00e1bito, siendo obligatorio el uso de <strong>zapatos de material<\/strong> (no deportivos) de color negro, calcetines y guantes negros.<\/p>\n\n\n\n<p class=\"has-vivid-cyan-blue-color has-text-color has-link-color wp-elements-88b03229f2c1025d115cc79e6322d195\">Los hermanos de la Misericordia <strong>se dirigir\u00e1n desde su domicilio al templo por el camino m\u00e1s corto y siempre cubiertos por el antifaz<\/strong>. De esta misma forma, regresar\u00e1n a su domicilio una vez finalizada la Estaci\u00f3n de Penitencia.<\/p>\n\n\n\n<p class=\"has-vivid-cyan-blue-color has-text-color has-link-color wp-elements-e822c189662215dcdab8f43fe0eaebf0\">Todos los hermanos, sin distinci\u00f3n, <strong>est\u00e1n obligados a acompa\u00f1ar a nuestras Sagradas Im\u00e1genes hasta su regreso al templo<\/strong>, sin que por ning\u00fan concepto puedan abandonar el lugar que les haya sido asignado en la cofrad\u00eda, a no ser que el motivo sea muy grave, en cuyo caso lo pondr\u00e1n en conocimiento del Jefe de Procesi\u00f3n.<\/p>\n\n\n\n<p class=\"has-vivid-cyan-blue-color has-text-color has-link-color wp-elements-1315836228bfd28757b8103a1d28bd3b\"><strong>En ning\u00fan caso los hermanos pueden escoger sitio<\/strong>, ya que les ser\u00e1 se\u00f1alado con arreglo a un orden riguroso de antig\u00fcedad, de principio a fin de cada paso, tanto para los hermanos de luz como para los que porten insignias, y ello sin perjuicio de posibles renuncias para ocupar el que por antig\u00fcedad les corresponda.<\/p>\n\n\n\n<p class=\"has-vivid-cyan-blue-color has-text-color has-link-color wp-elements-0afb8d4002de6cc13cfda8520fd499bf\">En la procesi\u00f3n, todos <strong>los hermanos deber\u00e1n ir con el mayor orden y compostura<\/strong>, sin hablar bajo ning\u00fan concepto ni retirarse del lugar que se les ha se\u00f1alado o atravesar la procesi\u00f3n de un lugar a otro con el fin de cambiar el cirio de mano. Deber\u00e1n cuidar que no se corte la procesi\u00f3n, y no deben preocuparse de encender el cirio, que de ello se cuidar\u00e1 el jefe de secci\u00f3n o el enciende-velas que corresponda, debiendo atender en todo momento a la Jefatura de Procesi\u00f3n y sus auxiliares.<\/p>\n\n\n\n<p class=\"has-vivid-cyan-blue-color has-text-color has-link-color wp-elements-8b0b56008a038958b490add81a84eb10\">El hermano de la Misericordia debe <strong>dar siempre imagen y ejemplo dignos de nuestro compromiso cristiano y de nuestras tradiciones m\u00e1s arraigadas<\/strong>.<\/p>\n\n\n\n<p class=\"has-vivid-cyan-blue-color has-text-color has-link-color wp-elements-ea8e883ec27497893035c3978b35f59f\">Hacer la Estaci\u00f3n de Penitencia es un acto piadoso de compromiso cristiano, no es un evento festivo.<\/p>\n\n\n\n<p class=\"has-vivid-cyan-blue-color has-text-color has-link-color wp-elements-63cf6b2da13779eb0ba9435b43faf6dd\">Al vestir la t\u00fanica penitencial <strong>abandonamos nuestra propia identidad y nos sumergimos en el anonimato.<\/strong> Este no debe romperse hasta que nos quitemos la t\u00fanica, nunca antes. No debemos ser identificados por nada que nos distinga; por eso no debemos llevar relojes, anillos, pulseras, pu\u00f1os o bajos de pantalones visibles, tan solo la alianza matrimonial est\u00e1 permitida.<\/p>\n\n\n\n<p class=\"has-vivid-cyan-blue-color has-text-color has-link-color wp-elements-8ad0063b659746f9e16b53313c76fde0\">As\u00ed mismo, <strong>no se permitir\u00e1 la utilizaci\u00f3n de maquillajes de ning\u00fan tipo<\/strong>, debiendo desmaquillarse necesariamente el Jueves Santo en el momento de vestir la t\u00fanica penitencial.<\/p>\n\n\n\n<p class=\"has-vivid-cyan-blue-color has-text-color has-link-color wp-elements-66ce5e68febf6c268d46f4a3162f735b\">Si alguno no se sintiera totalmente comprometido con estas indicaciones, si cree que no va a ser capaz de <strong>respetar las normas de compostura y comportamiento que exigen nuestras Reglas<\/strong>, debe plantearse no salir.<\/p>\n\n\n\n<p class=\"has-text-align-center has-vivid-cyan-blue-color has-text-color has-link-color wp-elements-83349fd34398e7e6932e787de87e12e5\"><strong>-La Junta de Gobierno-<\/strong><\/p>\n\n\n\n<p><\/p>\n","protected":false},"excerpt":{"rendered":"<p>Recomendaciones y normas para la salida procesional -Jueves Santo de 2026- A la hora se\u00f1alada se presentar\u00e1n los hermanos provistos de su papeleta de sitio, sin la cual no ser\u00e1n&hellip;<\/p>\n","protected":false},"author":2,"featured_media":0,"parent":0,"menu_order":0,"comment_status":"closed","ping_status":"closed","template":"","meta":{"footnotes":""},"class_list":["post-133","page","type-page","status-publish","hentry"],"_links":{"self":[{"href":"https:\/\/misericordiadesanfernando.com\/index.php\/wp-json\/wp\/v2\/pages\/133","targetHints":{"allow":["GET"]}}],"collection":[{"href":"https:\/\/misericordiadesanfernando.com\/index.php\/wp-json\/wp\/v2\/pages"}],"about":[{"href":"https:\/\/misericordiadesanfernando.com\/index.php\/wp-json\/wp\/v2\/types\/page"}],"author":[{"embeddable":true,"href":"https:\/\/misericordiadesanfernando.com\/index.php\/wp-json\/wp\/v2\/users\/2"}],"replies":[{"embeddable":true,"href":"https:\/\/misericordiadesanfernando.com\/index.php\/wp-json\/wp\/v2\/comments?post=133"}],"version-history":[{"count":9,"href":"https:\/\/misericordiadesanfernando.com\/index.php\/wp-json\/wp\/v2\/pages\/133\/revisions"}],"predecessor-version":[{"id":1794,"href":"https:\/\/misericordiadesanfernando.com\/index.php\/wp-json\/wp\/v2\/pages\/133\/revisions\/1794"}],"wp:attachment":[{"href":"https:\/\/misericordiadesanfernando.com\/index.php\/wp-json\/wp\/v2\/media?parent=133"}],"curies":[{"name":"wp","href":"https:\/\/api.w.org\/{rel}","templated":true}]}}