{"id":1318,"date":"2025-11-15T17:33:02","date_gmt":"2025-11-15T16:33:02","guid":{"rendered":"https:\/\/misericordiadesanfernando.com\/?page_id=1318"},"modified":"2025-11-17T20:43:37","modified_gmt":"2025-11-17T19:43:37","slug":"1318-2","status":"publish","type":"page","link":"https:\/\/misericordiadesanfernando.com\/index.php\/1318-2\/","title":{"rendered":""},"content":{"rendered":"\n<p><\/p>\n\n\n<style>.kb-image1318_30ae20-28 .kb-image-has-overlay:after{opacity:0.3;}<\/style>\n<div class=\"wp-block-kadence-image kb-image1318_30ae20-28\"><figure class=\"aligncenter size-large\"><img loading=\"lazy\" decoding=\"async\" width=\"1024\" height=\"341\" src=\"https:\/\/misericordiadesanfernando.com\/wp-content\/uploads\/2025\/11\/secretaria-1024x341.jpeg\" alt=\"\" class=\"kb-img wp-image-1016\" srcset=\"https:\/\/misericordiadesanfernando.com\/wp-content\/uploads\/2025\/11\/secretaria-1024x341.jpeg 1024w, https:\/\/misericordiadesanfernando.com\/wp-content\/uploads\/2025\/11\/secretaria-300x100.jpeg 300w, https:\/\/misericordiadesanfernando.com\/wp-content\/uploads\/2025\/11\/secretaria-768x256.jpeg 768w, https:\/\/misericordiadesanfernando.com\/wp-content\/uploads\/2025\/11\/secretaria.jpeg 1500w\" sizes=\"auto, (max-width: 1024px) 100vw, 1024px\" \/><\/figure><\/div>\n\n\n\n<p class=\"has-text-align-center has-vivid-cyan-blue-color has-text-color has-link-color wp-elements-b72d47fdbfe4b342ed80a48b36fd5138\"><strong>SECRETAR\u00cdA<\/strong><\/p>\n\n\n\n<p class=\"has-vivid-cyan-blue-color has-text-color has-link-color wp-elements-f5d8e0498bda48c5c68f82f57c6de49a\">La Secretar\u00eda de la Hermandad de la Misericordia desempe\u00f1a un papel esencial en la vida interna de nuestra corporaci\u00f3n, actuando como fedatario de los acuerdos adoptados por la Junta de Gobierno y de cuantos actos oficiales se celebren en el seno de la Hermandad.<\/p>\n\n\n\n<p class=\"has-vivid-cyan-blue-color has-text-color has-link-color wp-elements-436dc289fb7bf595a703e1c04048cc07\">Es responsabilidad de la Secretar\u00eda custodiar los libros de actas, redactar y certificar la documentaci\u00f3n oficial, convocar y levantar acta de los Cabildos Generales, expedir certificados y velar por el cumplimiento de las normas estatutarias. Tambi\u00e9n recae en este cargo la gesti\u00f3n del censo de hermanos, el control y actualizaci\u00f3n de datos, as\u00ed como la emisi\u00f3n de comunicaciones, citaciones, papeletas de sitio y documentaci\u00f3n electoral, todo ello con la supervisi\u00f3n del Hermano Mayor y en estrecha colaboraci\u00f3n con el resto de \u00e1reas.<\/p>\n\n\n\n<p class=\"has-vivid-cyan-blue-color has-text-color has-link-color wp-elements-b48c19a5f5744c6a64f3dd980a5ca6c0\">&nbsp;La elaboraci\u00f3n de la memoria anual de actividades, el archivo hist\u00f3rico y el uso del sello oficial de la Hermandad son tambi\u00e9n funciones propias de la secretaria, que requieren dedicaci\u00f3n constante, rigurosidad y un firme compromiso con la transparencia y el servicio.<\/p>\n\n\n\n<p class=\"has-vivid-cyan-blue-color has-text-color has-link-color wp-elements-665c59eef84c4b9a08fed4820b5d15df\">La labor de Secretar\u00eda no es \u00fanicamente administrativa, sino que nace del deseo sincero de contribuir al buen funcionamiento de la Hermandad, fortaleciendo el v\u00ednculo entre los hermanos y la Junta de Gobierno, y garantizando que cada decisi\u00f3n y cada paso queden fielmente recogidos para la memoria viva de nuestra corporaci\u00f3n.<\/p>\n\n\n\n<p class=\"has-vivid-cyan-blue-color has-text-color has-link-color wp-elements-05632029db11419b895fe2527d27a9af\"><\/p>\n","protected":false},"excerpt":{"rendered":"<p>SECRETAR\u00cdA La Secretar\u00eda de la Hermandad de la Misericordia desempe\u00f1a un papel esencial en la vida interna de nuestra corporaci\u00f3n, actuando como fedatario de los acuerdos adoptados por la Junta&hellip;<\/p>\n","protected":false},"author":2,"featured_media":0,"parent":0,"menu_order":0,"comment_status":"closed","ping_status":"closed","template":"","meta":{"footnotes":""},"class_list":["post-1318","page","type-page","status-publish","hentry"],"_links":{"self":[{"href":"https:\/\/misericordiadesanfernando.com\/index.php\/wp-json\/wp\/v2\/pages\/1318","targetHints":{"allow":["GET"]}}],"collection":[{"href":"https:\/\/misericordiadesanfernando.com\/index.php\/wp-json\/wp\/v2\/pages"}],"about":[{"href":"https:\/\/misericordiadesanfernando.com\/index.php\/wp-json\/wp\/v2\/types\/page"}],"author":[{"embeddable":true,"href":"https:\/\/misericordiadesanfernando.com\/index.php\/wp-json\/wp\/v2\/users\/2"}],"replies":[{"embeddable":true,"href":"https:\/\/misericordiadesanfernando.com\/index.php\/wp-json\/wp\/v2\/comments?post=1318"}],"version-history":[{"count":3,"href":"https:\/\/misericordiadesanfernando.com\/index.php\/wp-json\/wp\/v2\/pages\/1318\/revisions"}],"predecessor-version":[{"id":1786,"href":"https:\/\/misericordiadesanfernando.com\/index.php\/wp-json\/wp\/v2\/pages\/1318\/revisions\/1786"}],"wp:attachment":[{"href":"https:\/\/misericordiadesanfernando.com\/index.php\/wp-json\/wp\/v2\/media?parent=1318"}],"curies":[{"name":"wp","href":"https:\/\/api.w.org\/{rel}","templated":true}]}}