{"id":1302,"date":"2025-11-15T17:23:19","date_gmt":"2025-11-15T16:23:19","guid":{"rendered":"https:\/\/misericordiadesanfernando.com\/?page_id=1302"},"modified":"2025-11-15T17:23:20","modified_gmt":"2025-11-15T16:23:20","slug":"1302-2","status":"publish","type":"page","link":"https:\/\/misericordiadesanfernando.com\/index.php\/1302-2\/","title":{"rendered":""},"content":{"rendered":"\n<p><\/p>\n\n\n<style>.kb-image1302_7108cc-82 .kb-image-has-overlay:after{opacity:0.3;}<\/style>\n<div class=\"wp-block-kadence-image kb-image1302_7108cc-82\"><figure class=\"aligncenter size-large\"><img loading=\"lazy\" decoding=\"async\" width=\"1024\" height=\"341\" src=\"https:\/\/misericordiadesanfernando.com\/wp-content\/uploads\/2025\/11\/tesoreria-1024x341.jpeg\" alt=\"\" class=\"kb-img wp-image-1303\" srcset=\"https:\/\/misericordiadesanfernando.com\/wp-content\/uploads\/2025\/11\/tesoreria-1024x341.jpeg 1024w, https:\/\/misericordiadesanfernando.com\/wp-content\/uploads\/2025\/11\/tesoreria-300x100.jpeg 300w, https:\/\/misericordiadesanfernando.com\/wp-content\/uploads\/2025\/11\/tesoreria-768x256.jpeg 768w, https:\/\/misericordiadesanfernando.com\/wp-content\/uploads\/2025\/11\/tesoreria.jpeg 1500w\" sizes=\"auto, (max-width: 1024px) 100vw, 1024px\" \/><\/figure><\/div>\n\n\n\n<p class=\"has-text-align-center has-vivid-cyan-blue-color has-text-color has-link-color wp-elements-a534f6d564da3d67eaf2ea10988636f1\"><strong>TESORER\u00cdA<\/strong><\/p>\n\n\n\n<p class=\"has-vivid-cyan-blue-color has-text-color has-link-color wp-elements-17287c3bb9c1a53ffdcbc7663cc80b40\">Es labor de la Tesorer\u00eda la recaudaci\u00f3n y posterior gesti\u00f3n de los recursos monetarios de la Hermandad en b\u00fasqueda de una viabilidad econ\u00f3mica que permita a nuestra corporaci\u00f3n atender las necesidades de los distintos departamentos y, al mismo, perseguir la b\u00fasqueda de un continuo crecimiento de nuestro patrimonio. As\u00ed mismo, se encarga de la administraci\u00f3n y custodia de los libros y registros de cuentas, presupuestos, balances, comprobantes y dem\u00e1s documentos en materia econ\u00f3mica.<\/p>\n\n\n\n<p class=\"has-vivid-cyan-blue-color has-text-color has-link-color wp-elements-2321c84488c4c4fd3c4128b36b0c4300\">A trav\u00e9s de esta gesti\u00f3n financiera y de la ejecuci\u00f3n de los Presupuestos Anuales, que son presentados para su aprobaci\u00f3n en el Cabildo General de Cuentas, la Tesorer\u00eda da cuenta y autorizaci\u00f3n a los Hermanos de todos aqu\u00e9llos cobros y pagos, ordinarios y extraordinarios, que debe afrontar durante el a\u00f1o econ\u00f3mico nuestra Hermandad.<\/p>\n\n\n\n<p><\/p>\n","protected":false},"excerpt":{"rendered":"<p>TESORER\u00cdA Es labor de la Tesorer\u00eda la recaudaci\u00f3n y posterior gesti\u00f3n de los recursos monetarios de la Hermandad en b\u00fasqueda de una viabilidad econ\u00f3mica que permita a nuestra corporaci\u00f3n atender&hellip;<\/p>\n","protected":false},"author":2,"featured_media":0,"parent":0,"menu_order":0,"comment_status":"closed","ping_status":"closed","template":"","meta":{"footnotes":""},"class_list":["post-1302","page","type-page","status-publish","hentry"],"_links":{"self":[{"href":"https:\/\/misericordiadesanfernando.com\/index.php\/wp-json\/wp\/v2\/pages\/1302","targetHints":{"allow":["GET"]}}],"collection":[{"href":"https:\/\/misericordiadesanfernando.com\/index.php\/wp-json\/wp\/v2\/pages"}],"about":[{"href":"https:\/\/misericordiadesanfernando.com\/index.php\/wp-json\/wp\/v2\/types\/page"}],"author":[{"embeddable":true,"href":"https:\/\/misericordiadesanfernando.com\/index.php\/wp-json\/wp\/v2\/users\/2"}],"replies":[{"embeddable":true,"href":"https:\/\/misericordiadesanfernando.com\/index.php\/wp-json\/wp\/v2\/comments?post=1302"}],"version-history":[{"count":1,"href":"https:\/\/misericordiadesanfernando.com\/index.php\/wp-json\/wp\/v2\/pages\/1302\/revisions"}],"predecessor-version":[{"id":1304,"href":"https:\/\/misericordiadesanfernando.com\/index.php\/wp-json\/wp\/v2\/pages\/1302\/revisions\/1304"}],"wp:attachment":[{"href":"https:\/\/misericordiadesanfernando.com\/index.php\/wp-json\/wp\/v2\/media?parent=1302"}],"curies":[{"name":"wp","href":"https:\/\/api.w.org\/{rel}","templated":true}]}}