{"id":1294,"date":"2025-11-15T17:18:06","date_gmt":"2025-11-15T16:18:06","guid":{"rendered":"https:\/\/misericordiadesanfernando.com\/?page_id=1294"},"modified":"2025-11-17T20:42:16","modified_gmt":"2025-11-17T19:42:16","slug":"1294-2","status":"publish","type":"page","link":"https:\/\/misericordiadesanfernando.com\/index.php\/1294-2\/","title":{"rendered":""},"content":{"rendered":"\n<p><\/p>\n\n\n<style>.kb-image1294_5955a9-3e .kb-image-has-overlay:after{opacity:0.3;}<\/style>\n<div class=\"wp-block-kadence-image kb-image1294_5955a9-3e\"><figure class=\"aligncenter size-large\"><img loading=\"lazy\" decoding=\"async\" width=\"1024\" height=\"341\" src=\"https:\/\/misericordiadesanfernando.com\/wp-content\/uploads\/2025\/11\/quieressaberalgo-1024x341.jpeg\" alt=\"\" class=\"kb-img wp-image-1295\" srcset=\"https:\/\/misericordiadesanfernando.com\/wp-content\/uploads\/2025\/11\/quieressaberalgo-1024x341.jpeg 1024w, https:\/\/misericordiadesanfernando.com\/wp-content\/uploads\/2025\/11\/quieressaberalgo-300x100.jpeg 300w, https:\/\/misericordiadesanfernando.com\/wp-content\/uploads\/2025\/11\/quieressaberalgo-768x256.jpeg 768w, https:\/\/misericordiadesanfernando.com\/wp-content\/uploads\/2025\/11\/quieressaberalgo.jpeg 1500w\" sizes=\"auto, (max-width: 1024px) 100vw, 1024px\" \/><\/figure><\/div>\n\n\n\n<p class=\"has-text-align-center has-vivid-cyan-blue-color has-text-color has-link-color wp-elements-9dcfbe7128255331f4879d5ee8a80a06\"><strong>\u00bfQuieres saber algo de la Sierva de Dios Mar\u00eda Cristina de Jes\u00fas Sacramentado (de los Reyes Olivera 1890-1980)?<\/strong> <\/p>\n\n\n\n<p class=\"has-text-align-center has-vivid-cyan-blue-color has-text-color has-link-color wp-elements-157e72bdea679c6a3f1cef09e2c1624b\"><em>Te ofrezco unas sencillas pinceladas de su vida.<\/em><\/p>\n\n\n\n<p class=\"has-vivid-cyan-blue-color has-text-color has-link-color wp-elements-0f5420f65f27c11974a5af85b6a7f546\">Ven\u00edamos unas cuantas compa\u00f1eras de Bachiller en un autob\u00fas de C\u00e1diz y al entrar en San Fernando, o\u00ed a una de ellas que dijo: \u00aben ese Monasterio, hay una Santa\u00bb. La noticia me sorprendi\u00f3 grandemente. Al instante, mi imaginaci\u00f3n comenz\u00f3 a funcionar: \u00bfuna santa? Ve\u00eda a una monja seria, est\u00e1tica, ensimismada&#8230; Con el tiempo, me olvid\u00e9 de ello.<\/p>\n\n\n\n<p class=\"has-vivid-cyan-blue-color has-text-color has-link-color wp-elements-f06517f7dbad8437cf1016bcd412e572\">A\u00f1os despu\u00e9s, el Se\u00f1or me regal\u00f3 la vocaci\u00f3n de Carmelita Descalza y entr\u00e9 en el Monasterio de San Fernando (C\u00e1diz). Un d\u00eda, ca\u00ed en la cuenta y me dije:\u00bb \u00a1si aqu\u00ed era donde dijeron que hab\u00eda una santa! Al ver que, a una de ellas, la Hna. M. Cristina, ven\u00edan muchas personas para pedirle consejos e intercesi\u00f3n, comprend\u00ed todo.<\/p>\n\n\n\n<p class=\"has-vivid-cyan-blue-color has-text-color has-link-color wp-elements-2ee7ca4e16ae047a1d88999c1635bbb7\">Observ\u00e1ndola con cari\u00f1o, cambi\u00f3 para m\u00ed completamente el concepto de la santidad. Ella era una persona muy normal, acogedora, cercana, caritativa, simp\u00e1tica, muy alegre, trabajadora&#8230; Recuerdo, que un s\u00e1bado est\u00e1bamos limpiando el patio y la v\u00ed sacudiendo los barrotes de las ventanas con tal fuerza, que me llam\u00f3 la atenci\u00f3n. \u00a1Yo, que me la imagin\u00e9, \u00a1inm\u00f3vil, casi metida en una hornacina! Nos quer\u00eda a todas y se preocupaba de cada una. Cuando ten\u00edamos alg\u00fan sufrimiento de familia, acud\u00edamos a ella.<\/p>\n\n\n\n<p class=\"has-vivid-cyan-blue-color has-text-color has-link-color wp-elements-f82b57341c62bf7aeadb942c7a1c2039\">Estuvo muchos a\u00f1os ciega, pero nunca se quej\u00f3. Le llev\u00e1bamos labores bordadas y nunca dec\u00eda:\u00bb \u00a1pero si no veo!\u00bb. Los tocaba y dec\u00eda \u00ab\u00a1qu\u00e9 bonitas!\u00bb Las enfermedades y los sufrimientos, le acompa\u00f1aron toda su vida. Su lema era: \u00aborar, callar y sufrir\u00bb. Muchas personas enfermas y otras con graves sufrimientos, ven\u00edan al recibidor para hablar con ella. Muy enferma y ciega, aunque le costase mucho, los recib\u00eda. Los alegraba, cont\u00e1ndoles chistes o cant\u00e1ndoles sevillanas (ella, era de Sevilla), que les hac\u00eda re\u00edr por el mal o\u00eddo que ten\u00eda y lo desentonado que sal\u00eda el canto. Algunos, eran curados y otros sal\u00edan confortados.<\/p>\n\n\n\n<p class=\"has-vivid-cyan-blue-color has-text-color has-link-color wp-elements-4770c1da1bce669a9ca6ceb7935f0cf3\">Su vida era muy normal, pero ten\u00eda grandes gracias extraordinarias: \u00e9xtasis, bilocaci\u00f3n etc. El Se\u00f1or le concedi\u00f3, que pasase a ella, algunas enfermedades de otros. Era muy amante del Sant\u00edsimo Sacramento y de la Virgen Nuestra Madre. Yo la ve\u00eda rezar el \u00c1ngelus con el rostro transfigurado. Su Proceso de Canonizaci\u00f3n est\u00e1 dando grandes pasos. Se est\u00e1 estudiando, uno de los posibles milagros. El Vicepostulador Carmelita Descalzo Fray Lu\u00eds David P\u00e9rez (nicarag\u00fcense), tiene a su cargo la Positio y est\u00e1 trabajando con mucho acierto e inter\u00e9s por esta Causa.<\/p>\n\n\n\n<p class=\"has-vivid-cyan-blue-color has-text-color has-link-color wp-elements-252b9eaba153057bb3192f3d23415925\">De la Sierva de Dios, ya se ha escrito mucho. Esta sencilla semblanza se debe a mi pobre mirada sobre lo exterior de su persona, con la que conviv\u00ed m\u00e1s de 20 a\u00f1os. El secreto de su vida interior y de uni\u00f3n con Dios, se lo llev\u00f3 consigo.<\/p>\n\n\n\n<p class=\"has-text-align-center has-vivid-cyan-blue-color has-text-color has-link-color wp-elements-72b1451266f2724770b1060631bcb4e5\"><strong><em>Hermana Mar\u00eda Antonia de la Cruz<\/em><\/strong><\/p>\n\n\n\n<p class=\"has-text-align-center has-vivid-cyan-blue-color has-text-color has-link-color wp-elements-a57d3c4669d0928f888fbecf905487ad\"><strong><em>Carmelita Descalza<\/em><\/strong><\/p>\n\n\n\n<p><\/p>\n","protected":false},"excerpt":{"rendered":"<p>\u00bfQuieres saber algo de la Sierva de Dios Mar\u00eda Cristina de Jes\u00fas Sacramentado (de los Reyes Olivera 1890-1980)? Te ofrezco unas sencillas pinceladas de su vida. Ven\u00edamos unas cuantas compa\u00f1eras&hellip;<\/p>\n","protected":false},"author":2,"featured_media":0,"parent":0,"menu_order":0,"comment_status":"closed","ping_status":"closed","template":"","meta":{"footnotes":""},"class_list":["post-1294","page","type-page","status-publish","hentry"],"_links":{"self":[{"href":"https:\/\/misericordiadesanfernando.com\/index.php\/wp-json\/wp\/v2\/pages\/1294","targetHints":{"allow":["GET"]}}],"collection":[{"href":"https:\/\/misericordiadesanfernando.com\/index.php\/wp-json\/wp\/v2\/pages"}],"about":[{"href":"https:\/\/misericordiadesanfernando.com\/index.php\/wp-json\/wp\/v2\/types\/page"}],"author":[{"embeddable":true,"href":"https:\/\/misericordiadesanfernando.com\/index.php\/wp-json\/wp\/v2\/users\/2"}],"replies":[{"embeddable":true,"href":"https:\/\/misericordiadesanfernando.com\/index.php\/wp-json\/wp\/v2\/comments?post=1294"}],"version-history":[{"count":2,"href":"https:\/\/misericordiadesanfernando.com\/index.php\/wp-json\/wp\/v2\/pages\/1294\/revisions"}],"predecessor-version":[{"id":1784,"href":"https:\/\/misericordiadesanfernando.com\/index.php\/wp-json\/wp\/v2\/pages\/1294\/revisions\/1784"}],"wp:attachment":[{"href":"https:\/\/misericordiadesanfernando.com\/index.php\/wp-json\/wp\/v2\/media?parent=1294"}],"curies":[{"name":"wp","href":"https:\/\/api.w.org\/{rel}","templated":true}]}}