{"id":1290,"date":"2025-11-15T17:16:03","date_gmt":"2025-11-15T16:16:03","guid":{"rendered":"https:\/\/misericordiadesanfernando.com\/?page_id=1290"},"modified":"2025-11-17T20:39:34","modified_gmt":"2025-11-17T19:39:34","slug":"1290-2","status":"publish","type":"page","link":"https:\/\/misericordiadesanfernando.com\/index.php\/1290-2\/","title":{"rendered":""},"content":{"rendered":"\n<p><\/p>\n\n\n<style>.kb-image1290_79d93c-ed .kb-image-has-overlay:after{opacity:0.3;}<\/style>\n<div class=\"wp-block-kadence-image kb-image1290_79d93c-ed\"><figure class=\"aligncenter size-large\"><img loading=\"lazy\" decoding=\"async\" width=\"1024\" height=\"341\" src=\"https:\/\/misericordiadesanfernando.com\/wp-content\/uploads\/2025\/11\/misericordiadecristina-1024x341.jpeg\" alt=\"\" class=\"kb-img wp-image-1291\" srcset=\"https:\/\/misericordiadesanfernando.com\/wp-content\/uploads\/2025\/11\/misericordiadecristina-1024x341.jpeg 1024w, https:\/\/misericordiadesanfernando.com\/wp-content\/uploads\/2025\/11\/misericordiadecristina-300x100.jpeg 300w, https:\/\/misericordiadesanfernando.com\/wp-content\/uploads\/2025\/11\/misericordiadecristina-768x256.jpeg 768w, https:\/\/misericordiadesanfernando.com\/wp-content\/uploads\/2025\/11\/misericordiadecristina.jpeg 1500w\" sizes=\"auto, (max-width: 1024px) 100vw, 1024px\" \/><\/figure><\/div>\n\n\n\n<p class=\"has-text-align-center has-vivid-cyan-blue-color has-text-color has-link-color wp-elements-ef342518d990f9ab4412e97de7581730\"><strong>MISERICORDIA DE CRISTINA, CRISTINA DE MISERICORDIA<\/strong><\/p>\n\n\n\n<p class=\"has-vivid-cyan-blue-color has-text-color has-link-color wp-elements-a14b896c907736d1f2b20827bc8ac1fc\">Cuatro a\u00f1os despu\u00e9s del fallecimiento de la Hermana Mar\u00eda Cristina de Jes\u00fas Sacramentado, una Hermandad de la Isla decide trasladar a sus Sagrados Titulares desde su Parroquia de la Divina Pastora de las Almas hasta el Monasterio de la Sant\u00edsima Trinidad de Madres Carmelitas Descalzas.<\/p>\n\n\n\n<p class=\"has-vivid-cyan-blue-color has-text-color has-link-color wp-elements-93dd37c18f1537580cd5934ac2577f2c\">Se iban a iniciar unas obras en el Templo y Antonio Moreno, el Hermano Mayor, convence a su Junta de Gobierno para llevar a cabo aquel traslado.<\/p>\n\n\n\n<p class=\"has-vivid-cyan-blue-color has-text-color has-link-color wp-elements-8f982e78ab5ca963b5a723aaab1f697b\">Jes\u00fas de la Misericordia y su Madre de la Piedad podr\u00edan haber sido instalados en los salones parroquiales, como otras im\u00e1genes de devoci\u00f3n pastore\u00f1a, pero Antonio gozaba de la amistad y la confianza de las Madres Carmelitas Descalzas desde muy ni\u00f1o.<\/p>\n\n\n\n<p class=\"has-vivid-cyan-blue-color has-text-color has-link-color wp-elements-a5e87a11b8b2e20cfd966c7b86a006dd\">\u00c9l tuvo la suerte de conocer personalmente a la Hermana Mar\u00eda Cristina y, en su coraz\u00f3n, como en el de cientos de isle\u00f1os, ya anidaba desde hac\u00eda a\u00f1os el sentimiento y la certeza de que ella hab\u00eda vivido en santidad, y quer\u00eda que su Hermandad le ayudara a iniciar un camino que hoy empieza a ver el gozoso final\u2026<\/p>\n\n\n\n<p class=\"has-vivid-cyan-blue-color has-text-color has-link-color wp-elements-ddacd99419963859bafd61ac7ed29fa3\">Tras aquella estancia en el Monasterio se firma Carta de Hermandad entre la Misericordia y la Comunidad. En 1986 Antonio pide al nuevo Hermano Mayor, Florencio Collantes P\u00e9rez (q.e.p.d.) que se promueva la Causa de Beatificaci\u00f3n. Dos a\u00f1os despu\u00e9s se entrega a las Madres este documento, redactado por Emilio Prieto Pagnas (q.e.p.d.) y Jos\u00e9 Luis Ruiz-Nieto Guerrero. (q.e.p.d.)<\/p>\n\n\n\n<p class=\"has-vivid-cyan-blue-color has-text-color has-link-color wp-elements-263831e9add878b11220ade998d30d80\">Comienza un rosario de reuniones entre la Hermandad y la Comunidad, tambi\u00e9n con los Padres Carmelitas y con el Canciller del Obispado. Se publican art\u00edculos en el Bolet\u00edn Informativo en los que se habla ya, a las claras, de la Santidad de Cristina, se organizan Juntas de Gobierno extraordinarias en el Monasterio, junto a las Madres, se nombra una comisi\u00f3n permanente en la Hermandad para mantener viva esa idea de la Beatificaci\u00f3n\u2026<\/p>\n\n\n\n<p class=\"has-vivid-cyan-blue-color has-text-color has-link-color wp-elements-3817e5afd69c5698efe9d91a2abcaa03\">En 1995 la Comunidad decide iniciar el proceso, una larga Causa que siempre abander\u00f3 la Hermandad, manteniendo la luz de Cristina siempre encendida.<\/p>\n\n\n\n<p class=\"has-vivid-cyan-blue-color has-text-color has-link-color wp-elements-59221d18bdff44212f48b35f1a231a3b\">Hoy son decenas de adhesiones las que se suman a la ilusi\u00f3n de la Misericordia. Hoy sabemos que estamos llegando a la meta.<\/p>\n\n\n\n<p class=\"has-vivid-cyan-blue-color has-text-color has-link-color wp-elements-68cfe778bfd1b0a07004e2f1fceb43f9\">La Misericordia participa activamente y de una forma numerosa cada 24 del mes de las Eucarist\u00edas que se aplican para pedir su pronta veneraci\u00f3n en los altares.<\/p>\n\n\n\n<p class=\"has-vivid-cyan-blue-color has-text-color has-link-color wp-elements-e304fb4a5747c6d9f42b0f77e47579f5\">Hoy la Misericordia es m\u00e1s de Cristina que nunca y Cristina, la monja de la sonrisa eterna, est\u00e1 escribiendo en el cielo, con letras de oro, el que fuera su \u00faltimo vaticinio, las palabras que pronunci\u00f3 sin pausa aquella ma\u00f1ana del 24 de marzo de 1980, mientras entregaba su alma a Dios, justo al toque de tablillas:<\/p>\n\n\n\n<p class=\"has-vivid-cyan-blue-color has-text-color has-link-color wp-elements-7818eb0a10e83ab8d2afdeb0a62df9a0\">MISERICORDIA, MISERICORDIA, MISERICORDIA\u2026<\/p>\n\n\n<style>.kb-image1290_58ebcf-88 .kb-image-has-overlay:after{opacity:0.3;}<\/style>\n<div class=\"wp-block-kadence-image kb-image1290_58ebcf-88\"><figure class=\"aligncenter size-large\"><img loading=\"lazy\" decoding=\"async\" width=\"1024\" height=\"682\" src=\"https:\/\/misericordiadesanfernando.com\/wp-content\/uploads\/2025\/11\/WhatsApp-Image-2025-11-17-at-20.38.59-1024x682.jpeg\" alt=\"\" class=\"kb-img wp-image-1782\" srcset=\"https:\/\/misericordiadesanfernando.com\/wp-content\/uploads\/2025\/11\/WhatsApp-Image-2025-11-17-at-20.38.59-1024x682.jpeg 1024w, https:\/\/misericordiadesanfernando.com\/wp-content\/uploads\/2025\/11\/WhatsApp-Image-2025-11-17-at-20.38.59-300x200.jpeg 300w, https:\/\/misericordiadesanfernando.com\/wp-content\/uploads\/2025\/11\/WhatsApp-Image-2025-11-17-at-20.38.59-768x511.jpeg 768w, https:\/\/misericordiadesanfernando.com\/wp-content\/uploads\/2025\/11\/WhatsApp-Image-2025-11-17-at-20.38.59-1536x1022.jpeg 1536w, https:\/\/misericordiadesanfernando.com\/wp-content\/uploads\/2025\/11\/WhatsApp-Image-2025-11-17-at-20.38.59-150x100.jpeg 150w, https:\/\/misericordiadesanfernando.com\/wp-content\/uploads\/2025\/11\/WhatsApp-Image-2025-11-17-at-20.38.59.jpeg 1543w\" sizes=\"auto, (max-width: 1024px) 100vw, 1024px\" \/><\/figure><\/div>\n","protected":false},"excerpt":{"rendered":"<p>MISERICORDIA DE CRISTINA, CRISTINA DE MISERICORDIA Cuatro a\u00f1os despu\u00e9s del fallecimiento de la Hermana Mar\u00eda Cristina de Jes\u00fas Sacramentado, una Hermandad de la Isla decide trasladar a sus Sagrados Titulares&hellip;<\/p>\n","protected":false},"author":2,"featured_media":0,"parent":0,"menu_order":0,"comment_status":"closed","ping_status":"closed","template":"","meta":{"footnotes":""},"class_list":["post-1290","page","type-page","status-publish","hentry"],"_links":{"self":[{"href":"https:\/\/misericordiadesanfernando.com\/index.php\/wp-json\/wp\/v2\/pages\/1290","targetHints":{"allow":["GET"]}}],"collection":[{"href":"https:\/\/misericordiadesanfernando.com\/index.php\/wp-json\/wp\/v2\/pages"}],"about":[{"href":"https:\/\/misericordiadesanfernando.com\/index.php\/wp-json\/wp\/v2\/types\/page"}],"author":[{"embeddable":true,"href":"https:\/\/misericordiadesanfernando.com\/index.php\/wp-json\/wp\/v2\/users\/2"}],"replies":[{"embeddable":true,"href":"https:\/\/misericordiadesanfernando.com\/index.php\/wp-json\/wp\/v2\/comments?post=1290"}],"version-history":[{"count":2,"href":"https:\/\/misericordiadesanfernando.com\/index.php\/wp-json\/wp\/v2\/pages\/1290\/revisions"}],"predecessor-version":[{"id":1783,"href":"https:\/\/misericordiadesanfernando.com\/index.php\/wp-json\/wp\/v2\/pages\/1290\/revisions\/1783"}],"wp:attachment":[{"href":"https:\/\/misericordiadesanfernando.com\/index.php\/wp-json\/wp\/v2\/media?parent=1290"}],"curies":[{"name":"wp","href":"https:\/\/api.w.org\/{rel}","templated":true}]}}