{"id":129,"date":"2025-07-23T13:51:33","date_gmt":"2025-07-23T11:51:33","guid":{"rendered":"http:\/\/localhost\/misericordia\/?page_id=129"},"modified":"2025-11-17T13:54:44","modified_gmt":"2025-11-17T12:54:44","slug":"diputacion-mayor-de-gobierno","status":"publish","type":"page","link":"https:\/\/misericordiadesanfernando.com\/index.php\/diputacion-mayor-de-gobierno\/","title":{"rendered":""},"content":{"rendered":"\n<p><\/p>\n\n\n<style>.kb-image129_2d9861-e0 .kb-image-has-overlay:after{opacity:0.3;}<\/style>\n<div class=\"wp-block-kadence-image kb-image129_2d9861-e0\"><figure class=\"aligncenter size-large\"><img loading=\"lazy\" decoding=\"async\" width=\"1024\" height=\"341\" src=\"https:\/\/misericordiadesanfernando.com\/wp-content\/uploads\/2025\/11\/jefatura-1024x341.jpeg\" alt=\"\" class=\"kb-img wp-image-1203\" srcset=\"https:\/\/misericordiadesanfernando.com\/wp-content\/uploads\/2025\/11\/jefatura-1024x341.jpeg 1024w, https:\/\/misericordiadesanfernando.com\/wp-content\/uploads\/2025\/11\/jefatura-300x100.jpeg 300w, https:\/\/misericordiadesanfernando.com\/wp-content\/uploads\/2025\/11\/jefatura-768x256.jpeg 768w, https:\/\/misericordiadesanfernando.com\/wp-content\/uploads\/2025\/11\/jefatura.jpeg 1500w\" sizes=\"auto, (max-width: 1024px) 100vw, 1024px\" \/><\/figure><\/div>\n\n\n\n<p class=\"has-text-align-center has-vivid-cyan-blue-color has-text-color has-link-color wp-elements-b94387bc9157ece5126691db1dba0d77\"><strong>LA JEFATURA DE PROCESI\u00d3N<\/strong><\/p>\n\n\n\n<p class=\"has-vivid-cyan-blue-color has-text-color has-link-color wp-elements-eaf437d552e6a3300d22ed9771e69024\">Con la toma de posesi\u00f3n de la nueva Junta de Gobierno, tuve el honor de ser nombrado cargo de confianza de la misma para nada menos que ser la persona encargada junto con mis hermanos, Jos\u00e9 Luis S\u00e1nchez, \u00c1lvaro Mendiz\u00e1bal, Jos\u00e9 Manuel Morales y Baldomero Rodr\u00edguez de la organizaci\u00f3n de los diversos cultos externos que lleva a cabo nuestra Hermandad a lo largo del a\u00f1o. Estos, en un a\u00f1o normal, son el V\u00eda Crucis cuaresmal, Estaci\u00f3n de Penitencia, y procesi\u00f3n del Sant\u00edsimo Sacramento (Corpus Chiquito).<\/p>\n\n\n\n<p class=\"has-vivid-cyan-blue-color has-text-color has-link-color wp-elements-6c28da4bce63545f303f668024c9e133\">Y digo en un a\u00f1o normal, porque nada m\u00e1s ser nombrados ya tuvimos que enfrentarnos a una salida extraordinaria como fue la Magna Mariana, y sin duda este a\u00f1o tambi\u00e9n tendremos nuevos retos como las salidas extraordinarias por el 50 aniversario de la bendici\u00f3n de nuestra Madre Mar\u00eda Sant\u00edsima de la Piedad.<\/p>\n\n\n\n<p class=\"has-vivid-cyan-blue-color has-text-color has-link-color wp-elements-0034afce2d392bf018a5885ae9481df8\">Esto de llevar los diversos cortejos es algo complicado, claro est\u00e1, si queremos, que todo vaya bien organizado, cumpliendo horarios y pensando siempre tambi\u00e9n en la comodidad y bienestar del hermano que nos acompa\u00f1a. Los que formamos la jefatura de procesi\u00f3n bien los sabemos y no porque seamos grandes cient\u00edficos, sino porque llevamos muchos a\u00f1os como hermanos de esta Hermandad y todos hemos formado parte de la organizaci\u00f3n de la procesi\u00f3n en mayor o menor medida, siendo jefes de secci\u00f3n, ayudantes, e incluso jefes de procesi\u00f3n en alg\u00fan momento de nuestros a\u00f1os como hermanos de junta.<\/p>\n\n\n\n<p class=\"has-vivid-cyan-blue-color has-text-color has-link-color wp-elements-8cbf5eebf544164987f4fc05b2816c2d\">La organizaci\u00f3n de los diversos cortejos han ido cambiando a lo largo de estos a\u00f1os debido al uso de las nuevas tecnolog\u00edas, recuerdo los primeros listados que vi hacer a Ram\u00f3n Mendiz\u00e1bal, incesante jefe de procesi\u00f3n de la Misericordia, directamente de la mayordom\u00eda a mano s\u00ed, pero perfectos. As\u00ed mismo se realizaba el estudio tambi\u00e9n un poco al azar de los horarios, realizando peque\u00f1os planos con artilugios de la \u00e9poca, ya que no exist\u00eda el consabido Google Maps, y otras aplicaciones que tanto utilizamos ahora.<\/p>\n\n\n\n<p class=\"has-vivid-cyan-blue-color has-text-color has-link-color wp-elements-503ca514c153ac9a78c7d8c90f77169b\">Nosotros tambi\u00e9n manejamos estas aplicaciones, sin duda de gran utilidad, pero acord\u00e1ndonos de los que nos antecedieron somos un poco reacios a guiarnos solo por ellas, y por eso tambi\u00e9n nos gusta hacer una metodolog\u00eda de trabajo a pie de calle, m\u00e1s informal, y por eso nos vamos a recorrer a pie el itinerario, viendo el firme, los cables, las anchuras, los \u00e1rboles y haci\u00e9ndonos con todo eso nuestras c\u00e1balas en la cabeza intentando cuadrar los horarios, viendo a la velocidad que puede ir el cortejo por esta y aquella calle.<\/p>\n\n\n\n<p class=\"has-vivid-cyan-blue-color has-text-color has-link-color wp-elements-ece08a9642a98a201c8f5b037262e494\">Una vez que tenemos la idea que quiere la Junta de Gobierno, junto con las nuestras las fundimos y empezamos a trabajar en el proyecto y no es una tarea r\u00e1pida, ya que pertenecemos a esa Misericordia pura, que nos ense\u00f1\u00f3 que hasta que todo no est\u00e9 perfectamente amarrado no finalizamos con nuestro prop\u00f3sito, esto nos lleva a ir una y otra vez a esa calle en la que no nos queda claro que la altura de los cables nos permita pasar con claridad.<\/p>\n\n\n\n<p class=\"has-vivid-cyan-blue-color has-text-color has-link-color wp-elements-78731003f35c2973cb3e852d105c0e6c\">Lo importante es que hemos acogido esta labor con mucha ilusi\u00f3n y es lo que hace que intentemos en cada salida mejorarnos y sincronizar cada vez m\u00e1s los horarios.<\/p>\n\n\n\n<p class=\"has-vivid-cyan-blue-color has-text-color has-link-color wp-elements-c1e89ff0729b63c0771cb0837da24bf8\">Nuestro compromiso trabajar para que nuestra Hermandad hecha cofrad\u00eda de p\u00fablica protestaci\u00f3n de Fe en todas nuestras salidas de la mejor manera posible para que llegue como debe ser al p\u00fablico en las calles y haci\u00e9ndolo de tal forma que nuestros hermanos de fila lo realicen de la manera m\u00e1s c\u00f3moda posible.<\/p>\n\n\n\n<p class=\"has-text-align-center has-vivid-cyan-blue-color has-text-color has-link-color wp-elements-0cd77fd3b607fc9fd4d2cf90218c817d\"><strong><em>Jes\u00fas Benjumeda Ja\u00e9n<\/em><\/strong><\/p>\n\n\n\n<p class=\"has-text-align-center has-vivid-cyan-blue-color has-text-color has-link-color wp-elements-eeb1fe085fa5d575b6090cba047af5fb\"><strong><em>Jefe de Procesi\u00f3n<\/em><\/strong><\/p>\n\n\n\n<p><\/p>\n","protected":false},"excerpt":{"rendered":"<p>LA JEFATURA DE PROCESI\u00d3N Con la toma de posesi\u00f3n de la nueva Junta de Gobierno, tuve el honor de ser nombrado cargo de confianza de la misma para nada menos&hellip;<\/p>\n","protected":false},"author":2,"featured_media":0,"parent":0,"menu_order":0,"comment_status":"closed","ping_status":"closed","template":"","meta":{"footnotes":""},"class_list":["post-129","page","type-page","status-publish","hentry"],"_links":{"self":[{"href":"https:\/\/misericordiadesanfernando.com\/index.php\/wp-json\/wp\/v2\/pages\/129","targetHints":{"allow":["GET"]}}],"collection":[{"href":"https:\/\/misericordiadesanfernando.com\/index.php\/wp-json\/wp\/v2\/pages"}],"about":[{"href":"https:\/\/misericordiadesanfernando.com\/index.php\/wp-json\/wp\/v2\/types\/page"}],"author":[{"embeddable":true,"href":"https:\/\/misericordiadesanfernando.com\/index.php\/wp-json\/wp\/v2\/users\/2"}],"replies":[{"embeddable":true,"href":"https:\/\/misericordiadesanfernando.com\/index.php\/wp-json\/wp\/v2\/comments?post=129"}],"version-history":[{"count":4,"href":"https:\/\/misericordiadesanfernando.com\/index.php\/wp-json\/wp\/v2\/pages\/129\/revisions"}],"predecessor-version":[{"id":1500,"href":"https:\/\/misericordiadesanfernando.com\/index.php\/wp-json\/wp\/v2\/pages\/129\/revisions\/1500"}],"wp:attachment":[{"href":"https:\/\/misericordiadesanfernando.com\/index.php\/wp-json\/wp\/v2\/media?parent=129"}],"curies":[{"name":"wp","href":"https:\/\/api.w.org\/{rel}","templated":true}]}}