{"id":127,"date":"2025-07-23T13:51:12","date_gmt":"2025-07-23T11:51:12","guid":{"rendered":"http:\/\/localhost\/misericordia\/?page_id=127"},"modified":"2025-11-14T19:59:30","modified_gmt":"2025-11-14T18:59:30","slug":"juventud","status":"publish","type":"page","link":"https:\/\/misericordiadesanfernando.com\/index.php\/juventud\/","title":{"rendered":""},"content":{"rendered":"\n<p><\/p>\n\n\n<style>.kb-image127_847837-0a .kb-image-has-overlay:after{opacity:0.3;}<\/style>\n<div class=\"wp-block-kadence-image kb-image127_847837-0a\"><figure class=\"aligncenter size-large\"><img loading=\"lazy\" decoding=\"async\" width=\"1024\" height=\"341\" src=\"https:\/\/misericordiadesanfernando.com\/wp-content\/uploads\/2025\/11\/juventud-1024x341.jpeg\" alt=\"\" class=\"kb-img wp-image-1200\" srcset=\"https:\/\/misericordiadesanfernando.com\/wp-content\/uploads\/2025\/11\/juventud-1024x341.jpeg 1024w, https:\/\/misericordiadesanfernando.com\/wp-content\/uploads\/2025\/11\/juventud-300x100.jpeg 300w, https:\/\/misericordiadesanfernando.com\/wp-content\/uploads\/2025\/11\/juventud-768x256.jpeg 768w, https:\/\/misericordiadesanfernando.com\/wp-content\/uploads\/2025\/11\/juventud.jpeg 1500w\" sizes=\"auto, (max-width: 1024px) 100vw, 1024px\" \/><\/figure><\/div>\n\n\n<style>.kb-image127_9a222e-b7 .kb-image-has-overlay:after{opacity:0.3;}<\/style>\n<figure class=\"wp-block-kadence-image kb-image127_9a222e-b7 size-full\"><img loading=\"lazy\" decoding=\"async\" width=\"1500\" height=\"500\" src=\"http:\/\/localhost\/misericordia\/wp-content\/uploads\/2025\/11\/horario-misas.jpeg\" alt=\"\" class=\"kb-img wp-image-241\"\/><\/figure>\n\n\n\n<p class=\"has-vivid-cyan-blue-color has-text-color has-link-color wp-elements-9a8f7d25ac86ba2932e173f2965c0a06\">El Grupo Joven de la Hermandad de la Misericordia tiene sus or\u00edgenes en 1975, cuando un grupo de j\u00f3venes cofrades se uni\u00f3 con el prop\u00f3sito de colaborar con la Junta de Gobierno y participar activamente en las distintas actividades que se organizaban, fomentando as\u00ed un ambiente de convivencia, formaci\u00f3n y hermandad.<\/p>\n\n\n\n<p class=\"has-vivid-cyan-blue-color has-text-color has-link-color wp-elements-12f5ba51b4c563281c50d6917a75225b\">Hoy, cincuenta a\u00f1os despu\u00e9s, seguimos fieles al mismo esp\u00edritu, formando a los j\u00f3venes para que sean los protagonistas del futuro de nuestra Hermandad, regando las ra\u00edces de aquellos que un d\u00eda sembraron la semilla de un grupo tan singular como necesario.<\/p>\n\n\n\n<p class=\"has-vivid-cyan-blue-color has-text-color has-link-color wp-elements-ffd9361b62303291e550da6551580442\">Entre nuestras actividades destacamos las convivencias, las formaciones, la asistencia a los cultos, la colaboraci\u00f3n en el montaje y desmontaje de la verbena, el adorno de las calles en el Corpus Chico, los tradicionales \u00abmi\u00e9rcoles de flores\u00bb previos al Jueves Santo, y, por supuesto, nuestro d\u00eda m\u00e1s especial: la salida procesional, acompa\u00f1ando con fervor a nuestros Sagrados Titulares. Somos un grupo comprometido, unido, y en el que se cultivan verdaderas amistades.<\/p>\n\n\n\n<p class=\"has-vivid-cyan-blue-color has-text-color has-link-color wp-elements-4001e952a0e8bf1739799bdd2261297e\">Como novedad, hemos puesto en marcha el <strong>Grupo Infantil<\/strong>, donde, desde edades tempranas y a trav\u00e9s de actividades adaptadas, se les inculca el sentimiento cofrade, el amor por nuestra Hermandad y la formaci\u00f3n en la fe cristiana, creando as\u00ed un v\u00ednculo que crece con ellos.<\/p>\n\n\n\n<p class=\"has-vivid-cyan-blue-color has-text-color has-link-color wp-elements-33a4574fdc3d84c9b1d52ebe4e1df3a5\">Desde estas l\u00edneas, animamos a todos los j\u00f3venes \u2014y tambi\u00e9n a los m\u00e1s peque\u00f1os\u2014 que deseen formar parte de esta gran familia, a que se acerquen y contacten con cualquier miembro de la Junta de Gobierno. Aqu\u00ed siempre encontrar\u00e1n su sitio.<\/p>\n\n\n\n<p class=\"has-vivid-cyan-blue-color has-text-color has-link-color wp-elements-05632029db11419b895fe2527d27a9af\"><\/p>\n\n\n\n<p><\/p>\n","protected":false},"excerpt":{"rendered":"<p>El Grupo Joven de la Hermandad de la Misericordia tiene sus or\u00edgenes en 1975, cuando un grupo de j\u00f3venes cofrades se uni\u00f3 con el prop\u00f3sito de colaborar con la Junta&hellip;<\/p>\n","protected":false},"author":2,"featured_media":0,"parent":0,"menu_order":0,"comment_status":"closed","ping_status":"closed","template":"","meta":{"footnotes":""},"class_list":["post-127","page","type-page","status-publish","hentry"],"_links":{"self":[{"href":"https:\/\/misericordiadesanfernando.com\/index.php\/wp-json\/wp\/v2\/pages\/127","targetHints":{"allow":["GET"]}}],"collection":[{"href":"https:\/\/misericordiadesanfernando.com\/index.php\/wp-json\/wp\/v2\/pages"}],"about":[{"href":"https:\/\/misericordiadesanfernando.com\/index.php\/wp-json\/wp\/v2\/types\/page"}],"author":[{"embeddable":true,"href":"https:\/\/misericordiadesanfernando.com\/index.php\/wp-json\/wp\/v2\/users\/2"}],"replies":[{"embeddable":true,"href":"https:\/\/misericordiadesanfernando.com\/index.php\/wp-json\/wp\/v2\/comments?post=127"}],"version-history":[{"count":3,"href":"https:\/\/misericordiadesanfernando.com\/index.php\/wp-json\/wp\/v2\/pages\/127\/revisions"}],"predecessor-version":[{"id":1202,"href":"https:\/\/misericordiadesanfernando.com\/index.php\/wp-json\/wp\/v2\/pages\/127\/revisions\/1202"}],"wp:attachment":[{"href":"https:\/\/misericordiadesanfernando.com\/index.php\/wp-json\/wp\/v2\/media?parent=127"}],"curies":[{"name":"wp","href":"https:\/\/api.w.org\/{rel}","templated":true}]}}