{"id":125,"date":"2025-07-23T13:51:06","date_gmt":"2025-07-23T11:51:06","guid":{"rendered":"http:\/\/localhost\/misericordia\/?page_id=125"},"modified":"2025-11-17T20:44:04","modified_gmt":"2025-11-17T19:44:04","slug":"formacion","status":"publish","type":"page","link":"https:\/\/misericordiadesanfernando.com\/index.php\/formacion\/","title":{"rendered":""},"content":{"rendered":"\n<p><\/p>\n\n\n<style>.kb-image125_d06fba-6b .kb-image-has-overlay:after{opacity:0.3;}<\/style>\n<div class=\"wp-block-kadence-image kb-image125_d06fba-6b\"><figure class=\"aligncenter size-large\"><img loading=\"lazy\" decoding=\"async\" width=\"1024\" height=\"341\" src=\"https:\/\/misericordiadesanfernando.com\/wp-content\/uploads\/2025\/11\/formacion-1024x341.jpeg\" alt=\"\" class=\"kb-img wp-image-1196\" srcset=\"https:\/\/misericordiadesanfernando.com\/wp-content\/uploads\/2025\/11\/formacion-1024x341.jpeg 1024w, https:\/\/misericordiadesanfernando.com\/wp-content\/uploads\/2025\/11\/formacion-300x100.jpeg 300w, https:\/\/misericordiadesanfernando.com\/wp-content\/uploads\/2025\/11\/formacion-768x256.jpeg 768w, https:\/\/misericordiadesanfernando.com\/wp-content\/uploads\/2025\/11\/formacion.jpeg 1500w\" sizes=\"auto, (max-width: 1024px) 100vw, 1024px\" \/><\/figure><\/div>\n\n\n\n<p class=\"has-text-align-center has-vivid-cyan-blue-color has-text-color has-link-color wp-elements-d6b56a3674efd26766bc78318fc026fe\"><strong>AULA DE FORMACI\u00d3N -DANIEL NIETO V\u00c1ZQUEZ-<\/strong><\/p>\n\n\n\n<p class=\"has-vivid-cyan-blue-color has-text-color has-link-color wp-elements-488888e2847f05c563650c32d9bcd948\">Las Hermandades del siglo XXI deben ser cimentadas por tres pilares b\u00e1sicos, el culto, la caridad y la Formaci\u00f3n.<\/p>\n\n\n\n<p class=\"has-vivid-cyan-blue-color has-text-color has-link-color wp-elements-d1263590954d5081e7412f45c1ad6e96\">El culto a nuestros Sagrados Titulares es algo innato en la vida de nuestra Hermandad desde su fundaci\u00f3n, algo arraigado que hemos ido recibiendo como herencia de nuestros mayores, y que ahora somos encargados de saber trasladar a las generaciones venideras.<\/p>\n\n\n\n<p class=\"has-vivid-cyan-blue-color has-text-color has-link-color wp-elements-54d94f5b55595da7df1b034ab187589f\">La Caridad es un campo que en las \u00faltimas dos d\u00e9cadas ha ido creciendo en el seno de nuestra hermandad a trav\u00e9s de su bolsa de caridad, que ha conseguido en diferentes momentos paliar las necesidades de aquellos que lo necesitan, bien en nuestra hermandad, barrio, o en aquellas instituciones que nos lo han requerido.<\/p>\n\n\n\n<p class=\"has-vivid-cyan-blue-color has-text-color has-link-color wp-elements-1c8414fb6724188763c478102132a24a\">La formaci\u00f3n era algo que nos preocupaba y que nos ha conducido a hacer una profunda reflexi\u00f3n, para entender que, sin lugar a dudas, los hermanos de la misericordia tenemos la necesidad de formarnos, desde el m\u00e1s joven al hermano m\u00e1s veterano. Para ello, y siguiendo el proyecto de candidatura presentado a los Hermanos, en el pasado mes de septiembre llevamos a cabo la creaci\u00f3n del Aula de Formaci\u00f3n \u00abDaniel Nieto V\u00e1zquez\u00bb.<\/p>\n\n\n\n<p class=\"has-vivid-cyan-blue-color has-text-color has-link-color wp-elements-99c94824037371828a8d4dea0cb2d6d3\">Pretendemos que sea este un espacio donde ofrezcamos formaci\u00f3n cristiana y cofrade a todos aquellos hermanos, devotos y amigos de nuestra hermandad. Quisimos que esta aula llevara el nombre de aqu\u00e9l que fue precursor de estas iniciativas en las distintas etapas que perteneci\u00f3 a la Junta de Gobierno, como claro homenaje y memoria a su persona, tan querida y recordada por todos.<\/p>\n\n\n\n<p class=\"has-vivid-cyan-blue-color has-text-color has-link-color wp-elements-99cb418be1f8e10c70ddf53101f77181\">A trav\u00e9s de este Aula de Formaci\u00f3n, asumimos la responsabilidad de anualmente elaborar un proyecto formativo de charlas, conferencias, visitas formativas y todos aquellos aspectos que nos ayuden a crecer, abriendo de este modo una ventana para la formaci\u00f3n cristiana y cofrade a todas las personas, independientemente de su edad, de nuestra hermandad.<\/p>\n\n\n\n<p class=\"has-vivid-cyan-blue-color has-text-color has-link-color wp-elements-bef7309f7cd8f49f9bda4fe8fc985cbf\">En este \u00abJuntos Sumamos\u00bb que desde la Junta de Gobierno llevamos a gala, os invitamos a que particip\u00e9is de estas aulas formativas que tendr\u00e1n lugar de una manera mensual, donde con suficiente tiempo daremos a conocer su contenido para facilitar a los hermanos su integraci\u00f3n en las mismas, siempre buscando aquello que entendemos es fundamental en este nuevo modelo de hermandades que nos propone la Santa iglesia.<\/p>\n\n\n\n<p class=\"has-text-align-center has-vivid-cyan-blue-color has-text-color has-link-color wp-elements-16da4adfca6c31c380064e8568681c25\"><\/p>\n\n\n\n<p class=\"has-vivid-cyan-blue-color has-text-color has-link-color wp-elements-05632029db11419b895fe2527d27a9af\"><\/p>\n\n\n\n<p><\/p>\n","protected":false},"excerpt":{"rendered":"<p>AULA DE FORMACI\u00d3N -DANIEL NIETO V\u00c1ZQUEZ- Las Hermandades del siglo XXI deben ser cimentadas por tres pilares b\u00e1sicos, el culto, la caridad y la Formaci\u00f3n. El culto a nuestros Sagrados&hellip;<\/p>\n","protected":false},"author":2,"featured_media":0,"parent":0,"menu_order":0,"comment_status":"closed","ping_status":"closed","template":"","meta":{"footnotes":""},"class_list":["post-125","page","type-page","status-publish","hentry"],"_links":{"self":[{"href":"https:\/\/misericordiadesanfernando.com\/index.php\/wp-json\/wp\/v2\/pages\/125","targetHints":{"allow":["GET"]}}],"collection":[{"href":"https:\/\/misericordiadesanfernando.com\/index.php\/wp-json\/wp\/v2\/pages"}],"about":[{"href":"https:\/\/misericordiadesanfernando.com\/index.php\/wp-json\/wp\/v2\/types\/page"}],"author":[{"embeddable":true,"href":"https:\/\/misericordiadesanfernando.com\/index.php\/wp-json\/wp\/v2\/users\/2"}],"replies":[{"embeddable":true,"href":"https:\/\/misericordiadesanfernando.com\/index.php\/wp-json\/wp\/v2\/comments?post=125"}],"version-history":[{"count":5,"href":"https:\/\/misericordiadesanfernando.com\/index.php\/wp-json\/wp\/v2\/pages\/125\/revisions"}],"predecessor-version":[{"id":1787,"href":"https:\/\/misericordiadesanfernando.com\/index.php\/wp-json\/wp\/v2\/pages\/125\/revisions\/1787"}],"wp:attachment":[{"href":"https:\/\/misericordiadesanfernando.com\/index.php\/wp-json\/wp\/v2\/media?parent=125"}],"curies":[{"name":"wp","href":"https:\/\/api.w.org\/{rel}","templated":true}]}}