{"id":107,"date":"2025-07-23T13:49:01","date_gmt":"2025-07-23T11:49:01","guid":{"rendered":"http:\/\/localhost\/misericordia\/?page_id=107"},"modified":"2025-11-15T16:59:47","modified_gmt":"2025-11-15T15:59:47","slug":"pictoricos","status":"publish","type":"page","link":"https:\/\/misericordiadesanfernando.com\/index.php\/pictoricos\/","title":{"rendered":""},"content":{"rendered":"\n<p><\/p>\n\n\n<style>.kb-image107_2f990a-d9 .kb-image-has-overlay:after{opacity:0.3;}<\/style>\n<div class=\"wp-block-kadence-image kb-image107_2f990a-d9\"><figure class=\"aligncenter size-large\"><img loading=\"lazy\" decoding=\"async\" width=\"1024\" height=\"341\" src=\"https:\/\/misericordiadesanfernando.com\/wp-content\/uploads\/2025\/11\/pictoricos-1024x341.jpeg\" alt=\"\" class=\"kb-img wp-image-1178\" srcset=\"https:\/\/misericordiadesanfernando.com\/wp-content\/uploads\/2025\/11\/pictoricos-1024x341.jpeg 1024w, https:\/\/misericordiadesanfernando.com\/wp-content\/uploads\/2025\/11\/pictoricos-300x100.jpeg 300w, https:\/\/misericordiadesanfernando.com\/wp-content\/uploads\/2025\/11\/pictoricos-768x256.jpeg 768w, https:\/\/misericordiadesanfernando.com\/wp-content\/uploads\/2025\/11\/pictoricos.jpeg 1500w\" sizes=\"auto, (max-width: 1024px) 100vw, 1024px\" \/><\/figure><\/div>\n\n\n\n<p class=\"has-vivid-cyan-blue-color has-text-color has-link-color wp-elements-ae70f6bb0075c837f9bb50fdab7e3ce2\">El patrimonio pict\u00f3rico de nuestra Hermandad constituye uno de los legados art\u00edsticos m\u00e1s singulares y apreciados por hermanos, devotos y visitantes. A trav\u00e9s de estos elementos \u2014pa\u00f1os, estaciones cer\u00e1micas y retablos\u2014 se refleja no solo la devoci\u00f3n a nuestros Sagrados Titulares, sino tambi\u00e9n la sensibilidad art\u00edstica de distintos creadores que, con su talento, han plasmado la espiritualidad que caracteriza nuestra corporaci\u00f3n.<\/p>\n","protected":false},"excerpt":{"rendered":"<p>El patrimonio pict\u00f3rico de nuestra Hermandad constituye uno de los legados art\u00edsticos m\u00e1s singulares y apreciados por hermanos, devotos y visitantes. A trav\u00e9s de estos elementos \u2014pa\u00f1os, estaciones cer\u00e1micas y&hellip;<\/p>\n","protected":false},"author":2,"featured_media":0,"parent":0,"menu_order":0,"comment_status":"closed","ping_status":"closed","template":"","meta":{"footnotes":""},"class_list":["post-107","page","type-page","status-publish","hentry"],"_links":{"self":[{"href":"https:\/\/misericordiadesanfernando.com\/index.php\/wp-json\/wp\/v2\/pages\/107","targetHints":{"allow":["GET"]}}],"collection":[{"href":"https:\/\/misericordiadesanfernando.com\/index.php\/wp-json\/wp\/v2\/pages"}],"about":[{"href":"https:\/\/misericordiadesanfernando.com\/index.php\/wp-json\/wp\/v2\/types\/page"}],"author":[{"embeddable":true,"href":"https:\/\/misericordiadesanfernando.com\/index.php\/wp-json\/wp\/v2\/users\/2"}],"replies":[{"embeddable":true,"href":"https:\/\/misericordiadesanfernando.com\/index.php\/wp-json\/wp\/v2\/comments?post=107"}],"version-history":[{"count":3,"href":"https:\/\/misericordiadesanfernando.com\/index.php\/wp-json\/wp\/v2\/pages\/107\/revisions"}],"predecessor-version":[{"id":1246,"href":"https:\/\/misericordiadesanfernando.com\/index.php\/wp-json\/wp\/v2\/pages\/107\/revisions\/1246"}],"wp:attachment":[{"href":"https:\/\/misericordiadesanfernando.com\/index.php\/wp-json\/wp\/v2\/media?parent=107"}],"curies":[{"name":"wp","href":"https:\/\/api.w.org\/{rel}","templated":true}]}}