{"id":103,"date":"2025-07-23T13:48:21","date_gmt":"2025-07-23T11:48:21","guid":{"rendered":"http:\/\/localhost\/misericordia\/?page_id=103"},"modified":"2025-11-17T20:30:49","modified_gmt":"2025-11-17T19:30:49","slug":"pasos-procesionales","status":"publish","type":"page","link":"https:\/\/misericordiadesanfernando.com\/index.php\/pasos-procesionales\/","title":{"rendered":""},"content":{"rendered":"\n<p><\/p>\n\n\n<style>.kb-image103_8df45f-f0 .kb-image-has-overlay:after{opacity:0.3;}<\/style>\n<div class=\"wp-block-kadence-image kb-image103_8df45f-f0\"><figure class=\"aligncenter size-large\"><img loading=\"lazy\" decoding=\"async\" width=\"1024\" height=\"341\" src=\"https:\/\/misericordiadesanfernando.com\/wp-content\/uploads\/2025\/11\/pasosprocesionales-1024x341.jpeg\" alt=\"\" class=\"kb-img wp-image-1168\" srcset=\"https:\/\/misericordiadesanfernando.com\/wp-content\/uploads\/2025\/11\/pasosprocesionales-1024x341.jpeg 1024w, https:\/\/misericordiadesanfernando.com\/wp-content\/uploads\/2025\/11\/pasosprocesionales-300x100.jpeg 300w, https:\/\/misericordiadesanfernando.com\/wp-content\/uploads\/2025\/11\/pasosprocesionales-768x256.jpeg 768w, https:\/\/misericordiadesanfernando.com\/wp-content\/uploads\/2025\/11\/pasosprocesionales.jpeg 1500w\" sizes=\"auto, (max-width: 1024px) 100vw, 1024px\" \/><\/figure><\/div>\n\n\n\n<p class=\"has-vivid-cyan-blue-color has-text-color has-link-color wp-elements-622de52ca12607400a21fad7dbce8505\"><strong>Paso de Misterio:<\/strong>&nbsp;Fue tallado en 1968 por el insigne artista sevillano Manuel Guzm\u00e1n Bejarano. Es de estilo barroco, fue y dorado en los talleres trianeros de Antonio S\u00e1nchez Gonz\u00e1lez.<\/p>\n\n\n\n<p class=\"has-vivid-cyan-blue-color has-text-color has-link-color wp-elements-02667bb8f96535953f0d4186c4da89fd\">El canasto, de los llamados de \u00abpecho paloma\u00bb, est\u00e1 rodeado de ocho cartelas, representando escenas de la Pasi\u00f3n y los escudos de la Hermandad, de la Parroquia de la Divina Pastora, de la ciudad de San Fernando y del Obispo D. Antonio A\u00f1overos, prelado de la Di\u00f3cesis cuando se estren\u00f3 este paso de misterio.<\/p>\n\n\n\n<p class=\"has-vivid-cyan-blue-color has-text-color has-link-color wp-elements-78946f7e91dc7c00a53626109c6094e0\">Se ilumina por cuatro candelabros en las esquinas, de siete luces cada uno y dos centrales de tres, y ocho tulipas con brazo corto dorado, a\u00f1adidas despu\u00e9s de la restauraci\u00f3n y reforma del paso llevada a cabo en el a\u00f1o 2010 por el tallista sevillano Manuel Guzm\u00e1n Fern\u00e1ndez.<\/p>\n\n\n\n<p class=\"has-vivid-cyan-blue-color has-text-color has-link-color wp-elements-41747656e79ab985164094f8ecced359\">Lleva cuatro jarras doradas, a conjunto barroco con el paso, realizadas en la talla por el artista isle\u00f1o Juan Carlos Garc\u00eda D\u00edaz y doradas por Isabel Mari\u00f1o en el a\u00f1o 1994.<\/p>\n\n\n\n<p class=\"has-vivid-cyan-blue-color has-text-color has-link-color wp-elements-486fbeed8832059a0a4ce685c2835866\">En las bases de los candelabros de las esquinas, se sit\u00faan parejas de \u00e1ngeles con relaci\u00f3n a las cuatro hermandades radicadas can\u00f3nicamente en la Iglesia de la Divina Pastora. Fueron realizados por Jos\u00e9 Antonio Navarro Arteaga entre los a\u00f1os 2016 y 2022.<\/p>\n\n\n\n<p class=\"has-vivid-cyan-blue-color has-text-color has-link-color wp-elements-ac761cb802f8ad9e5fbbd22e5278ccc6\">La cruz arb\u00f3rea del Se\u00f1or es sostenida por dos \u00e1ngeles de gran val\u00eda realizados en los a\u00f1os cincuenta del siglo pasado por el insigne artista sevillano Rafael Barbero. Fueron donados por un hermano y benefactor en los primeros a\u00f1os de la cofrad\u00eda, Manuel Gonz\u00e1lez de Sancha.<\/p>\n\n\n\n<p class=\"has-vivid-cyan-blue-color has-text-color has-link-color wp-elements-d640ba1ca5349704d9a0bec5c6733fe2\">La cruz arb\u00f3rea del Se\u00f1or porta 4 cantoneras de orfebrer\u00eda repujada y dorada con cabezas de \u00e1ngeles en plata, obra del orfebre sevillano Juan Fern\u00e1ndez.<\/p>\n\n\n\n<p class=\"has-vivid-cyan-blue-color has-text-color has-link-color wp-elements-84a33ad80bfc157dcfe4132fa11dbbf4\">El Llamador de orfebrer\u00eda plateada, tiene la autor\u00eda de Jes\u00fas Dom\u00ednguez V\u00e1zquez, en el a\u00f1o 1993.&nbsp;<\/p>\n\n\n\n<p class=\"has-vivid-cyan-blue-color has-text-color has-link-color wp-elements-05632029db11419b895fe2527d27a9af\"><\/p>\n\n\n<style>.kb-image103_101d10-f5 .kb-image-has-overlay:after{opacity:0.3;}<\/style>\n<div class=\"wp-block-kadence-image kb-image103_101d10-f5\"><figure class=\"aligncenter size-large\"><img loading=\"lazy\" decoding=\"async\" width=\"1024\" height=\"684\" src=\"https:\/\/misericordiadesanfernando.com\/wp-content\/uploads\/2025\/11\/DSC8404-1024x684.jpg\" alt=\"\" class=\"kb-img wp-image-398\" srcset=\"https:\/\/misericordiadesanfernando.com\/wp-content\/uploads\/2025\/11\/DSC8404-1024x684.jpg 1024w, https:\/\/misericordiadesanfernando.com\/wp-content\/uploads\/2025\/11\/DSC8404-300x200.jpg 300w, https:\/\/misericordiadesanfernando.com\/wp-content\/uploads\/2025\/11\/DSC8404-768x513.jpg 768w, https:\/\/misericordiadesanfernando.com\/wp-content\/uploads\/2025\/11\/DSC8404-1536x1025.jpg 1536w, https:\/\/misericordiadesanfernando.com\/wp-content\/uploads\/2025\/11\/DSC8404-2048x1367.jpg 2048w\" sizes=\"auto, (max-width: 1024px) 100vw, 1024px\" \/><\/figure><\/div>\n\n\n\n<p class=\"has-vivid-cyan-blue-color has-text-color has-link-color wp-elements-e8d73c9ca4d955b5c7d30d01c8d38cba\"><strong>Paso de Palio:<\/strong>&nbsp;Es de estilo plateresco, y fue estrenado en la Semana Santa del a\u00f1o 1982, siendo realizado en orfebrer\u00eda en alpaca plateada.<\/p>\n\n\n\n<p class=\"has-vivid-cyan-blue-color has-text-color has-link-color wp-elements-c2e079810d7663b0d5cb09f47c9d7b47\">En el intervinieron los siguientes artistas.<\/p>\n\n\n\n<p class=\"has-vivid-cyan-blue-color has-text-color has-link-color wp-elements-2b8a75565f1dc82af3b6eaedb01bbb96\"><strong>ORFEBRER\u00cdA<\/strong><\/p>\n\n\n\n<p class=\"has-vivid-cyan-blue-color has-text-color has-link-color wp-elements-26879a6ed610ceb5d4efdf2509069564\"><strong>Luis Jim\u00e9nez Gonz\u00e1lez <\/strong>&#8211; Peana y respiraderos, a\u00f1o 1982.<\/p>\n\n\n\n<p class=\"has-vivid-cyan-blue-color has-text-color has-link-color wp-elements-396ba89fc61934251b5f55f4452a5529\"><strong>Hijos de Juan Fern\u00e1ndez<\/strong> &#8211; Candeleros, varales y jarras, a\u00f1o 1982.<\/p>\n\n\n\n<p class=\"has-vivid-cyan-blue-color has-text-color has-link-color wp-elements-8c1758a0d73830fc30b9f46fba57cd66\"><strong>Jes\u00fas Dom\u00ednguez V\u00e1zquez &#8211;<\/strong> Candelabros de cola, a\u00f1o 1986<\/p>\n\n\n\n<p class=\"has-vivid-cyan-blue-color has-text-color has-link-color wp-elements-99c85b6558604690b251c9ddfce261af\"><strong>Jes\u00fas Dom\u00ednguez Machuca <\/strong>\u2013 Faroles de entrevarales, a\u00f1o 1998.<\/p>\n\n\n\n<p class=\"has-vivid-cyan-blue-color has-text-color has-link-color wp-elements-07d3468e24723964ba22c629702259db\"><strong>Jos\u00e9 Manuel Bernet<\/strong> \u2013 Faroles delanteros, a\u00f1o 2018.<\/p>\n\n\n\n<p class=\"has-vivid-cyan-blue-color has-text-color has-link-color wp-elements-4b09c5da052fecb1e3994a64da1a8d4c\"><strong>Juan Carlos Garc\u00eda D\u00edaz<\/strong> \u2013 Llamador en orfebrer\u00eda pleateada. A\u00f1o 2008.<\/p>\n\n\n\n<p class=\"has-vivid-cyan-blue-color has-text-color has-link-color wp-elements-689e31e639196314fb802a877c44adc7\"><strong>Detalles<\/strong><\/p>\n\n\n\n<p class=\"has-vivid-cyan-blue-color has-text-color has-link-color wp-elements-ccdfb774c04af66d600756da8bc78b96\">En el respiradero frontal, capilla con la Sant\u00edsima Virgen del Carmen. En los laterales, capillas con im\u00e1genes de la Divina Pastora y de la Inmaculada Concepci\u00f3n. En capillas m\u00e1s peque\u00f1as de disponen los cuatro Evangelistas, San Jos\u00e9, San Fernando y San Servando y San Germ\u00e1n.<\/p>\n\n\n\n<p class=\"has-vivid-cyan-blue-color has-text-color has-link-color wp-elements-a89f5f7e8e5817bcb4c22accd4cc49f5\">En el frontal, sobre la mesa, \u00e1ngel atlante portando un Ostensorio, s\u00edmbolo de la Sacramentalidad de la Hermandad.<\/p>\n\n\n\n<p class=\"has-vivid-cyan-blue-color has-text-color has-link-color wp-elements-7184d12e2a9a234c445ea713415420d1\"><strong>BORDADOS<\/strong><\/p>\n\n\n\n<p class=\"has-vivid-cyan-blue-color has-text-color has-link-color wp-elements-a1cc80388ce9bf9f134fec0835c26549\">Palio en terciopelo azul oscuro, bordado en oro entre los a\u00f1os 1987 y 2022.<\/p>\n\n\n\n<p class=\"has-vivid-cyan-blue-color has-text-color has-link-color wp-elements-ebe2a232c4c6f4785d956eb0abb5ac99\">Dise\u00f1o del bordado: Jos\u00e9 Manuel Elena \u2013 Taller Herederos de Esperanza Elena Caro.<\/p>\n\n\n\n<p class=\"has-vivid-cyan-blue-color has-text-color has-link-color wp-elements-e9757ac4e8f7a3a94a8616407196ba31\"><strong>Jos\u00e9 Manuel Elena \u2013 <\/strong>Bambalinas delantera, trasera y laterales en las caras exteriores e interiores, bordadas en oro y seda. &nbsp;A\u00f1os 1987 a 2004.<\/p>\n\n\n\n<p class=\"has-vivid-cyan-blue-color has-text-color has-link-color wp-elements-3096214d7b28ecb9df9b2399eae72115\"><strong>Rosario Bernardino<\/strong> \u2013 Gloria del techo de palio en estilo \u201cMilan\u00e9s\u201d, que reproduce pintura de la Inmaculada Concepci\u00f3n, aludiendo a la fecha de bendici\u00f3n de la Sant\u00edsima Virgen de la Piedad <em>&#8211; 8 de diciembre de 1975., <\/em>A\u00f1o 2008.<\/p>\n\n\n\n<p class=\"has-vivid-cyan-blue-color has-text-color has-link-color wp-elements-6ccc8e6c478125bbfd3af3a4db47bc2c\"><strong>Jes\u00fas Rosado Borja \u2013 <\/strong>Techo de palio bordado en oro \u2013 A\u00f1o 2022<\/p>\n\n\n\n<p class=\"has-vivid-cyan-blue-color has-text-color has-link-color wp-elements-e8db8ac88f6e952b9e3f990326ab8228\"><strong>Jes\u00fas Vidal Gonz\u00e1lez<\/strong> \u2013 Sobretecho de palio, pintura sobre tela adamascada en color negro \u2013 A\u00f1o 2008.<\/p>\n\n\n\n<p class=\"has-vivid-cyan-blue-color has-text-color has-link-color wp-elements-1d989bf43cdbd67505bba27c139cb0e7\"><strong>AJUAR DE LA STMA. VIRGEN DE LA PIEDAD<\/strong><\/p>\n\n\n\n<p class=\"has-vivid-cyan-blue-color has-text-color has-link-color wp-elements-92b1f9c750e297eaad05ce52074dd5b5\"><strong>Jes\u00fas Dom\u00ednguez V\u00e1zquez \u2013<\/strong> Corona plata sobredorada y piedras, a\u00f1o 1986.<\/p>\n\n\n\n<p class=\"has-vivid-cyan-blue-color has-text-color has-link-color wp-elements-15a8e46343225f9eb78bea526dbf436c\"><strong>Jes\u00fas Dom\u00ednguez Machuca <\/strong>\u2013 Pu\u00f1al plata sobredorada, a\u00f1o 1994.<\/p>\n\n\n\n<p class=\"has-vivid-cyan-blue-color has-text-color has-link-color wp-elements-9b40cb79651937e9995bc7be897000ff\"><strong>Jos\u00e9 Manuel Bernet<\/strong> \u2013 Relicario carmelitano \u201cORAR-CALLAR-SUFRIR\u201d, plata de ley. A\u00f1o 2023 (Procesi\u00f3n Magna Mariana).<\/p>\n\n\n\n<p class=\"has-vivid-cyan-blue-color has-text-color has-link-color wp-elements-43913cf8beaa40bf38a3d581164fed7d\">Medialuna en plata de ley y apliques dorados, con el lema \u201cTOTA PULCHRA ES MARIA\u201d. A\u00f1o 2021.<\/p>\n\n\n\n<p class=\"has-vivid-cyan-blue-color has-text-color has-link-color wp-elements-4fcf5f550517b9dbc32234c0da3841c6\"><strong>Jaime Zaragoza Ib\u00e1\u00f1ez<\/strong> \u2013 Saya de tis\u00fa de plata envejecida con bordados en oro. Dise\u00f1o: \u00c1lvaro Abril Vela. A\u00f1o 2023 (Procesi\u00f3n Magna Mariana).<\/p>\n\n\n\n<p class=\"has-vivid-cyan-blue-color has-text-color has-link-color wp-elements-fc9527cce2b1b18d356b38854c17d32e\">Saya de terciopelo burdeos con cordados en oro y sedas. Dise\u00f1o: Jes\u00fas Savona Le\u00f3n. A\u00f1o 2013<\/p>\n\n\n\n<p class=\"has-vivid-cyan-blue-color has-text-color has-link-color wp-elements-02ada4c43b87f14f9fd5f478840c907d\"><strong>Ana Padilla<\/strong> \u2013 Saya en terciopelo azul marino y bordados a realce con traje de torero donado por Agust\u00edn Sirviente Prius \u201cMajanillo\u201d. A\u00f1o 1982.<\/p>\n\n\n\n<p class=\"has-vivid-cyan-blue-color has-text-color has-link-color wp-elements-e911f4619ea5d3725a3b6f6c1b2c069f\"><strong>Jos\u00e9 Rodr\u00edguez Valverde<\/strong><strong> &#8211; <\/strong>Saya en terciopelo \u201cazul pavo\u201d y bordados en oro. A\u00f1o 2007.<strong><\/strong><\/p>\n\n\n\n<p class=\"has-vivid-cyan-blue-color has-text-color has-link-color wp-elements-70f2d2f40858d326e1aff786aff2954f\"><strong>Se\u00f1oritas de Matute \u2013 <\/strong>Toca de sobremanto de malla y bordados en oro. Dise\u00f1o: Luis \u00c1lvarez Duarte. A\u00f1o 1988.<\/p>\n\n\n\n<p class=\"has-vivid-cyan-blue-color has-text-color has-link-color wp-elements-0f5eee21ee25266d76da140dfa7b3b1a\"><strong>Otras piezas de gran valor.<\/strong><\/p>\n\n\n\n<p class=\"has-vivid-cyan-blue-color has-text-color has-link-color wp-elements-c974ed0c01bb21492331f71d29345ef3\">Manto en terciopelo de Lyon\u201drojo\u201d y bordados en oro. Siglo XVIII.<\/p>\n\n\n\n<p class=\"has-vivid-cyan-blue-color has-text-color has-link-color wp-elements-601c7f378463182df1eed738516d8315\">Gran Cruz de la Orden Hospitalaria de la Orden de San L\u00e1zaro de Jerusal\u00e9n. Impuesta el d\u00eda de su bendici\u00f3n, el 8 de diciembre de 1975.<\/p>\n\n\n\n<p class=\"has-vivid-cyan-blue-color has-text-color has-link-color wp-elements-2549ab570a9a222936bb63e5cd0b86af\">Relicario en plata con cordoncillo de la Hermana Cristina. Donado por Antonio Manuel Al\u00edas de la Torre, el 8 de diciembre de 1999.<\/p>\n\n\n\n<p class=\"has-vivid-cyan-blue-color has-text-color has-link-color wp-elements-8efbe67159dd2d23b9dd36002441745e\">Corona de plata de ley y piedras \u2013 Jes\u00fas Dominguez Machuca, a\u00f1o 2017.<\/p>\n\n\n\n<p class=\"has-vivid-cyan-blue-color has-text-color has-link-color wp-elements-762cf6d2a2658eea092ed4dae30f484a\">R\u00e1faga de estrellas para vestimenta de hebrea \u2013 Manuel de los Rios, a\u00f1o 1976.<\/p>\n\n\n\n<p class=\"has-vivid-cyan-blue-color has-text-color has-link-color wp-elements-7f1f23824b7b7770692080bd811eb093\">Diadema de estrellas \u2013 Jes\u00fas Dom\u00ednguez V\u00e1zquez, a\u00f1o 1975.<\/p>\n\n\n\n<p class=\"has-vivid-cyan-blue-color has-text-color has-link-color wp-elements-dcbf1541d625bdd31223dacbebd1ead9\">Pu\u00f1al de metal dorado \u2013 Jes\u00fas Dom\u00ednguez V\u00e1zquez, a\u00f1o 1975.<\/p>\n\n\n\n<p class=\"has-vivid-cyan-blue-color has-text-color has-link-color wp-elements-5d8eea03852e89b9b534491a589e04b9\">Pu\u00f1al de metal plateado \u2013 Jes\u00fas Dom\u00ednguez Machuca, a\u00f1o 2018.<\/p>\n\n\n\n<p class=\"has-vivid-cyan-blue-color has-text-color has-link-color wp-elements-248a283d90a9edb8ea34eaa816675e27\">Corona de metal dorado \u2013 Jes\u00fas Dom\u00ednguez V\u00e1zquez, a\u00f1o 1975.<\/p>\n\n\n<style>.kb-image103_b7c97d-17 .kb-image-has-overlay:after{opacity:0.3;}<\/style>\n<div class=\"wp-block-kadence-image kb-image103_b7c97d-17\"><figure class=\"aligncenter\"><img loading=\"lazy\" decoding=\"async\" width=\"2560\" height=\"1707\" src=\"https:\/\/misericordiadesanfernando.com\/wp-content\/uploads\/2025\/11\/JA_4134-scaled.jpg\" class=\"kb-img wp-image-1602\" srcset=\"https:\/\/misericordiadesanfernando.com\/wp-content\/uploads\/2025\/11\/JA_4134-scaled.jpg 2560w, https:\/\/misericordiadesanfernando.com\/wp-content\/uploads\/2025\/11\/JA_4134-300x200.jpg 300w, https:\/\/misericordiadesanfernando.com\/wp-content\/uploads\/2025\/11\/JA_4134-1024x683.jpg 1024w, https:\/\/misericordiadesanfernando.com\/wp-content\/uploads\/2025\/11\/JA_4134-768x512.jpg 768w, https:\/\/misericordiadesanfernando.com\/wp-content\/uploads\/2025\/11\/JA_4134-1536x1024.jpg 1536w, https:\/\/misericordiadesanfernando.com\/wp-content\/uploads\/2025\/11\/JA_4134-2048x1365.jpg 2048w, https:\/\/misericordiadesanfernando.com\/wp-content\/uploads\/2025\/11\/JA_4134-150x100.jpg 150w\" sizes=\"auto, (max-width: 2560px) 100vw, 2560px\" \/><\/figure><\/div>\n","protected":false},"excerpt":{"rendered":"<p>Paso de Misterio:&nbsp;Fue tallado en 1968 por el insigne artista sevillano Manuel Guzm\u00e1n Bejarano. Es de estilo barroco, fue y dorado en los talleres trianeros de Antonio S\u00e1nchez Gonz\u00e1lez. El&hellip;<\/p>\n","protected":false},"author":2,"featured_media":0,"parent":0,"menu_order":0,"comment_status":"closed","ping_status":"closed","template":"","meta":{"footnotes":""},"class_list":["post-103","page","type-page","status-publish","hentry"],"_links":{"self":[{"href":"https:\/\/misericordiadesanfernando.com\/index.php\/wp-json\/wp\/v2\/pages\/103","targetHints":{"allow":["GET"]}}],"collection":[{"href":"https:\/\/misericordiadesanfernando.com\/index.php\/wp-json\/wp\/v2\/pages"}],"about":[{"href":"https:\/\/misericordiadesanfernando.com\/index.php\/wp-json\/wp\/v2\/types\/page"}],"author":[{"embeddable":true,"href":"https:\/\/misericordiadesanfernando.com\/index.php\/wp-json\/wp\/v2\/users\/2"}],"replies":[{"embeddable":true,"href":"https:\/\/misericordiadesanfernando.com\/index.php\/wp-json\/wp\/v2\/comments?post=103"}],"version-history":[{"count":7,"href":"https:\/\/misericordiadesanfernando.com\/index.php\/wp-json\/wp\/v2\/pages\/103\/revisions"}],"predecessor-version":[{"id":1777,"href":"https:\/\/misericordiadesanfernando.com\/index.php\/wp-json\/wp\/v2\/pages\/103\/revisions\/1777"}],"wp:attachment":[{"href":"https:\/\/misericordiadesanfernando.com\/index.php\/wp-json\/wp\/v2\/media?parent=103"}],"curies":[{"name":"wp","href":"https:\/\/api.w.org\/{rel}","templated":true}]}}