{"id":101,"date":"2025-07-23T13:48:07","date_gmt":"2025-07-23T11:48:07","guid":{"rendered":"http:\/\/localhost\/misericordia\/?page_id=101"},"modified":"2025-11-14T18:57:23","modified_gmt":"2025-11-14T17:57:23","slug":"otras-imagenes","status":"publish","type":"page","link":"https:\/\/misericordiadesanfernando.com\/index.php\/otras-imagenes\/","title":{"rendered":""},"content":{"rendered":"\n<p><\/p>\n\n\n<style>.kb-image101_941470-4c .kb-image-has-overlay:after{opacity:0.3;}<\/style>\n<div class=\"wp-block-kadence-image kb-image101_941470-4c\"><figure class=\"aligncenter size-large\"><img loading=\"lazy\" decoding=\"async\" width=\"1024\" height=\"341\" src=\"https:\/\/misericordiadesanfernando.com\/wp-content\/uploads\/2025\/11\/otrasimagenes-1024x341.jpeg\" alt=\"\" class=\"kb-img wp-image-1162\" srcset=\"https:\/\/misericordiadesanfernando.com\/wp-content\/uploads\/2025\/11\/otrasimagenes-1024x341.jpeg 1024w, https:\/\/misericordiadesanfernando.com\/wp-content\/uploads\/2025\/11\/otrasimagenes-300x100.jpeg 300w, https:\/\/misericordiadesanfernando.com\/wp-content\/uploads\/2025\/11\/otrasimagenes-768x256.jpeg 768w, https:\/\/misericordiadesanfernando.com\/wp-content\/uploads\/2025\/11\/otrasimagenes.jpeg 1500w\" sizes=\"auto, (max-width: 1024px) 100vw, 1024px\" \/><\/figure><\/div>\n\n\n\n<p class=\"has-text-align-center has-vivid-cyan-blue-color has-text-color has-link-color wp-elements-18ceb5b6e4b1aa8961c26af0982974f3\"><strong>SANTA MUJER VER\u00d3NICA <\/strong><strong><\/strong><\/p>\n\n\n\n<p class=\"has-vivid-cyan-blue-color has-text-color has-link-color wp-elements-cb3cdcb39ad49bc34f0a01114b4f65ef\">La primera imagen de la Santa Mujer Ver\u00f3nica, era de talla de las llamadas de candelero. Se encontraba en posici\u00f3n \u201cde rodillas\u201d, con las manos extendidas cogiendo el lienzo de la Santa &nbsp;Faz. Fue tallada por el imaginero gaditano Enrique La\u00ednez Capote, y sali\u00f3 por primera vez en la estaci\u00f3n de penitencia del Lunes Santo 11 de abril de 1960, siendo sustituida por la actual en el a\u00f1o 1966, encargada al taller del insigne imaginero sevillano Antonio Castillo Lastrucci.<\/p>\n\n\n\n<p class=\"has-vivid-cyan-blue-color has-text-color has-link-color wp-elements-9dd5028cd99661114c12538cb389cf95\">La nueva imagen la realiz\u00f3 uno de sus disc\u00edpulos, Jos\u00e9 Fern\u00e1ndez,&nbsp;siendo una imagen de cuerpo entero y de figura redondeada.<\/p>\n\n\n\n<p class=\"has-vivid-cyan-blue-color has-text-color has-link-color wp-elements-9666e0c5ee23ea408f52bb942dc53527\">El 2 de octubre 1978&nbsp; la Junta de Gobierno acuerda restaurar la imagen de la Santa Mujer Ver\u00f3nica, siendo llevada a cabo \u2013de una manera profunda- por el escultor isle\u00f1o y hermano de la cofrad\u00eda, Alfonso Berraquero Garc\u00eda.<\/p>\n\n\n<style>.kb-image101_2347db-f8 .kb-image-has-overlay:after{opacity:0.3;}<\/style>\n<div class=\"wp-block-kadence-image kb-image101_2347db-f8\"><figure class=\"aligncenter size-medium\"><img loading=\"lazy\" decoding=\"async\" width=\"225\" height=\"300\" src=\"https:\/\/misericordiadesanfernando.com\/wp-content\/uploads\/2025\/11\/image00077-225x300.jpeg\" alt=\"\" class=\"kb-img wp-image-507\" srcset=\"https:\/\/misericordiadesanfernando.com\/wp-content\/uploads\/2025\/11\/image00077-225x300.jpeg 225w, https:\/\/misericordiadesanfernando.com\/wp-content\/uploads\/2025\/11\/image00077-768x1024.jpeg 768w, https:\/\/misericordiadesanfernando.com\/wp-content\/uploads\/2025\/11\/image00077-1152x1536.jpeg 1152w, https:\/\/misericordiadesanfernando.com\/wp-content\/uploads\/2025\/11\/image00077.jpeg 1536w\" sizes=\"auto, (max-width: 225px) 100vw, 225px\" \/><\/figure><\/div>\n\n\n\n<p><\/p>\n\n\n\n<p class=\"has-text-align-center has-vivid-cyan-blue-color has-text-color has-link-color wp-elements-732ece15348329ed58fd492bd5705056\"><strong>EL CIRINEO.<\/strong><strong><\/strong><\/p>\n\n\n\n<p class=\"has-vivid-cyan-blue-color has-text-color has-link-color wp-elements-19d3f92ed1287ad25514ab91b5717f85\">La talla de Sim\u00f3n de Cirene tambi\u00e9n procede&nbsp; del taller del imaginero sevillano Antonio Castillo Lastrucci. En la ejecuci\u00f3n de ella intervino el maestro, que incluso lleg\u00f3 a policromarla, datando a la imagen de una hechura y factura bastante importante.<\/p>\n\n\n\n<p class=\"has-vivid-cyan-blue-color has-text-color has-link-color wp-elements-90b29f4ec385a341a8bcce35de84ec2e\">Se talla en los a\u00f1os1965\/66, y sale por vez primera en la Semana Santa del a\u00f1o 1966.<\/p>\n\n\n\n<p class=\"has-vivid-cyan-blue-color has-text-color has-link-color wp-elements-6dc59419e88c95d062f3da8dc7789350\">En el a\u00f1o 2008, el escultor isle\u00f1o Alfonso Berraquero Garc\u00eda lleva a cabo -por encargo y expreso deseo de la Junta de Gobierno- una limpieza a las dos im\u00e1genes secundarias que conforman el paso de misterio, as\u00ed como una revisi\u00f3n de los ensambles de la obra.<\/p>\n\n\n<style>.kb-image101_019eff-80 .kb-image-has-overlay:after{opacity:0.3;}<\/style>\n<div class=\"wp-block-kadence-image kb-image101_019eff-80\"><figure class=\"aligncenter size-medium\"><img loading=\"lazy\" decoding=\"async\" width=\"225\" height=\"300\" src=\"https:\/\/misericordiadesanfernando.com\/wp-content\/uploads\/2025\/11\/image00082-225x300.jpeg\" alt=\"\" class=\"kb-img wp-image-508\" srcset=\"https:\/\/misericordiadesanfernando.com\/wp-content\/uploads\/2025\/11\/image00082-225x300.jpeg 225w, https:\/\/misericordiadesanfernando.com\/wp-content\/uploads\/2025\/11\/image00082-768x1024.jpeg 768w, https:\/\/misericordiadesanfernando.com\/wp-content\/uploads\/2025\/11\/image00082-1152x1536.jpeg 1152w, https:\/\/misericordiadesanfernando.com\/wp-content\/uploads\/2025\/11\/image00082.jpeg 1536w\" sizes=\"auto, (max-width: 225px) 100vw, 225px\" \/><\/figure><\/div>\n\n\n\n<p><\/p>\n\n\n\n<p class=\"has-text-align-center has-vivid-cyan-blue-color has-text-color has-link-color wp-elements-73f023f9035dc2318eabe533a1a01ad2\"><strong>SANTOS COSME Y DAMI\u00c1N<\/strong><strong><\/strong><\/p>\n\n\n\n<p class=\"has-vivid-cyan-blue-color has-text-color has-link-color wp-elements-c3875aff6c113cbcdeee767554945d2c\">La Hermandad da cultos a los santos Cosme y Dami\u00e1n en la Parroquia de la Divina Pastora,&nbsp;desde que estos fueron incluidos en el t\u00edtulo de la&nbsp;Hermandad.<\/p>\n\n\n\n<p class=\"has-vivid-cyan-blue-color has-text-color has-link-color wp-elements-25ba3a2bcfecabea257e96b708a48854\">Los Santos Cosme y Dami\u00e1n son dos im\u00e1genes&nbsp;peque\u00f1as de escaso valor art\u00edsticos, que pertenecieron a la extinta Hermandad Gremial de Sanidad de dicho nombre.<\/p>\n\n\n\n<p class=\"has-vivid-cyan-blue-color has-text-color has-link-color wp-elements-87cda87eadafc5dd17acf8ec8f24c47c\">Estas im\u00e1genes fueron recuperadas por la Hermandad -ya que se encontraban abandonadas y deterioradas en las dependencias parroquiales-, siendo restauradas y puestas de nuevo en valor por la Misericordia, dotando en ese momento a la casa de Hermandad, de un espacio para su culto.<br>&nbsp;<\/p>\n\n\n\n<p class=\"has-vivid-cyan-blue-color has-text-color has-link-color wp-elements-387a8bcba95f337b97d8d19cd4c039f6\">En el a\u00f1o 2011 por&nbsp; decreto del obispado C\u00e1diz-Ceuta y firmado por el Excmo. Sr. Don Antonio Ceballos Atienza, se&nbsp;hace la inclusi\u00f3n en el T\u00edtulo de la Hermandad a los Santos Cosme y Dami\u00e1n. Desde ese momento, las Im\u00e1genes son veneradas d\u00eda a d\u00eda en la parroquial, encontr\u00e1ndose en la capilla de nuestros Sagrados Titulares insertadas en el retablo de Nuestro Padre Jes\u00fas de la Misericordia.<\/p>\n\n\n\n<p class=\"has-vivid-cyan-blue-color has-text-color has-link-color wp-elements-fef02418c4fb973fdd17495b92ecb7c5\">En el mes de septiembre, la Hermandad consagra una Solemne Funci\u00f3n Eucar\u00edstica al llegar su festividad, as\u00ed como, de una manera jubilar dedica la Verbena Popular que se realiza en nuestro barrio.<\/p>\n\n\n<style>.kb-image101_84080e-59 .kb-image-has-overlay:after{opacity:0.3;}<\/style>\n<div class=\"wp-block-kadence-image kb-image101_84080e-59\"><figure class=\"aligncenter size-medium\"><img loading=\"lazy\" decoding=\"async\" width=\"300\" height=\"225\" src=\"https:\/\/misericordiadesanfernando.com\/wp-content\/uploads\/2025\/11\/santoscosmesydamian-300x225.jpeg\" alt=\"\" class=\"kb-img wp-image-1164\" srcset=\"https:\/\/misericordiadesanfernando.com\/wp-content\/uploads\/2025\/11\/santoscosmesydamian-300x225.jpeg 300w, https:\/\/misericordiadesanfernando.com\/wp-content\/uploads\/2025\/11\/santoscosmesydamian-1024x768.jpeg 1024w, https:\/\/misericordiadesanfernando.com\/wp-content\/uploads\/2025\/11\/santoscosmesydamian-768x576.jpeg 768w, https:\/\/misericordiadesanfernando.com\/wp-content\/uploads\/2025\/11\/santoscosmesydamian-1536x1152.jpeg 1536w, https:\/\/misericordiadesanfernando.com\/wp-content\/uploads\/2025\/11\/santoscosmesydamian.jpeg 1600w\" sizes=\"auto, (max-width: 300px) 100vw, 300px\" \/><\/figure><\/div>\n\n\n\n<p><\/p>\n","protected":false},"excerpt":{"rendered":"<p>SANTA MUJER VER\u00d3NICA La primera imagen de la Santa Mujer Ver\u00f3nica, era de talla de las llamadas de candelero. Se encontraba en posici\u00f3n \u201cde rodillas\u201d, con las manos extendidas cogiendo&hellip;<\/p>\n","protected":false},"author":2,"featured_media":0,"parent":0,"menu_order":0,"comment_status":"closed","ping_status":"closed","template":"","meta":{"footnotes":""},"class_list":["post-101","page","type-page","status-publish","hentry"],"_links":{"self":[{"href":"https:\/\/misericordiadesanfernando.com\/index.php\/wp-json\/wp\/v2\/pages\/101","targetHints":{"allow":["GET"]}}],"collection":[{"href":"https:\/\/misericordiadesanfernando.com\/index.php\/wp-json\/wp\/v2\/pages"}],"about":[{"href":"https:\/\/misericordiadesanfernando.com\/index.php\/wp-json\/wp\/v2\/types\/page"}],"author":[{"embeddable":true,"href":"https:\/\/misericordiadesanfernando.com\/index.php\/wp-json\/wp\/v2\/users\/2"}],"replies":[{"embeddable":true,"href":"https:\/\/misericordiadesanfernando.com\/index.php\/wp-json\/wp\/v2\/comments?post=101"}],"version-history":[{"count":6,"href":"https:\/\/misericordiadesanfernando.com\/index.php\/wp-json\/wp\/v2\/pages\/101\/revisions"}],"predecessor-version":[{"id":1166,"href":"https:\/\/misericordiadesanfernando.com\/index.php\/wp-json\/wp\/v2\/pages\/101\/revisions\/1166"}],"wp:attachment":[{"href":"https:\/\/misericordiadesanfernando.com\/index.php\/wp-json\/wp\/v2\/media?parent=101"}],"curies":[{"name":"wp","href":"https:\/\/api.w.org\/{rel}","templated":true}]}}